{"id":4673,"date":"2011-11-25T12:07:36","date_gmt":"2011-11-25T17:07:36","guid":{"rendered":"https:\/\/www.grap.arc.ulaval.ca\/diffusion\/maitrise-memoire\/"},"modified":"2011-11-25T12:07:36","modified_gmt":"2011-11-25T17:07:36","slug":"maitrise-memoire","status":"publish","type":"page","link":"https:\/\/www.grap.arc.ulaval.ca\/en\/diffusion\/maitrise-memoire\/","title":{"rendered":"M\u00e9moires de ma\u00eetrise"},"content":{"rendered":"<h1>M\u00e9moires de ma\u00eetrise \/ Master of Science<\/h1>\n<p>CARRIER, Alexandre. D\u00e9pot initial pr\u00e9vu 2019. SCHOLA.CA Direction C Demers, co-direction A Potvin.<\/p>\n<p>LALANDE, Philippe. D\u00e9p\u00f4t initial pr\u00e9vu 2019. SENTINELLE NORD.\u00a0Direction C Demers,\u00a0co-direction M Blais.<\/p>\n<p>MAZAURIC, Louise. D\u00e9p\u00f4t initial 2018. PAYSAGES \u00c9ROD\u00c9S\u00a0Direction C Demers, co-direction A Potvin.<\/p>\n<p>RODRIGUE, Myriam. D\u00e9pot initial 2018.\u00a0Direction C Demers<\/p>\n<p>JAFARIAN, Hoda (2016) Lighting Ambiances and Materialities of Wood in Architecture: a comparative evaluation of the quality of spaces in relation to interior finishes. Direction C Demers. Co-direction: P. Blanchet, V. Landry.<\/p>\n<p>COULOMBE, Mathieu (2016) Dynamique des ambiances lumineuses: approche bas\u00e9e sur la photom\u00e9trie vid\u00e9o d&#8217;espace de transition. Direction: C. Demers et A. Potvin.<\/p>\n<p>CAGLAR, Alper Harun (2014) Structures adaptatives en fonction de la lumi\u00e8re: DARMIN comme outil de g\u00e9n\u00e9ration d&#8217;ambiances architecturales dynamiques.\u00a0Direction: C. Demers et A. Potvin.<a href=\"http:\/\/theses.ulaval.ca\/archimede\/meta\/31105\" target=\"_blank\" rel=\"noopener\"><img loading=\"lazy\" decoding=\"async\" class=\" wp-image-2899 alignnone\" src=\"https:\/\/www.grap.arc.ulaval.ca\/wp-content\/uploads\/sites\/4\/2021\/02\/120px-VisualEditor_-_Icon_-_External-link.svg_.png\" alt=\"120px-VisualEditor_-_Icon_-_External-link.svg\" width=\"15\" height=\"15\" \/><\/a><\/p>\n<p>DU MONTIER, C\u00e9dric (2013) La fa\u00e7ade adaptative en architecture. Potentiel \u00e9nerg\u00e9tique et lumineux du panneau isolant mobile<span style=\"line-height: 1.5\">r. Dection: <\/span>C. Demers et A. Potvin.<a href=\"http:\/\/theses.ulaval.ca\/archimede\/meta\/29622\" target=\"_blank\" rel=\"noopener\"><img loading=\"lazy\" decoding=\"async\" class=\" wp-image-2899 alignnone\" src=\"https:\/\/www.grap.arc.ulaval.ca\/wp-content\/uploads\/sites\/4\/2021\/02\/120px-VisualEditor_-_Icon_-_External-link.svg_.png\" alt=\"120px-VisualEditor_-_Icon_-_External-link.svg\" width=\"15\" height=\"15\" \/><\/a><\/p>\n<p>MONTENEGRO ITURRA, Esteban Emilio (2011) Impact de la configuration des b\u00e2timents scolaires sur leur performance lumineuse, thermique et \u00e9nerg\u00e9tique.\u00a0Direction de recherche: C. Demers et A. Potvin.<a href=\"http:\/\/theses.ulaval.ca\/archimede\/meta\/28011\" target=\"_blank\" rel=\"noopener\"><img loading=\"lazy\" decoding=\"async\" class=\" wp-image-2899 alignnone\" src=\"https:\/\/www.grap.arc.ulaval.ca\/wp-content\/uploads\/sites\/4\/2021\/02\/120px-VisualEditor_-_Icon_-_External-link.svg_.png\" alt=\"120px-VisualEditor_-_Icon_-_External-link.svg\" width=\"15\" height=\"15\" \/><\/a><\/p>\n<div class=\"space10px\">\n<p>L\u00c9PINE, Pierre (2011) La diversit\u00e9 environnementale en architecture : Potentiel de l&#8217;image num\u00e9rique pour l&#8217;exploration des ambiances lumineuses et thermique in situ<label><br \/>\n<\/label><label>Direction<\/label>: \u00a0C. Demers et A. Potvin.<a href=\"http:\/\/theses.ulaval.ca\/archimede\/meta\/28157\" target=\"_blank\" rel=\"noopener\"><img loading=\"lazy\" decoding=\"async\" class=\" wp-image-2899 alignnone\" src=\"https:\/\/www.grap.arc.ulaval.ca\/wp-content\/uploads\/sites\/4\/2021\/02\/120px-VisualEditor_-_Icon_-_External-link.svg_.png\" alt=\"120px-VisualEditor_-_Icon_-_External-link.svg\" width=\"15\" height=\"15\" \/><\/a><label><\/label><\/p>\n<\/div>\n<p>LAVERGNE, Martin (2009) Opportunit\u00e9s solaires passives : optimisation du confort et de la consommation \u00e9nerg\u00e9tique d&#8217;un espace s\u00e9jour avec serre accol\u00e9e.\u00a0Direction: A. Potvin.<a href=\"http:\/\/theses.ulaval.ca\/archimede\/meta\/26147\" target=\"_blank\" rel=\"noopener\"><img loading=\"lazy\" decoding=\"async\" class=\" wp-image-2899 alignnone\" src=\"https:\/\/www.grap.arc.ulaval.ca\/wp-content\/uploads\/sites\/4\/2021\/02\/120px-VisualEditor_-_Icon_-_External-link.svg_.png\" alt=\"120px-VisualEditor_-_Icon_-_External-link.svg\" width=\"15\" height=\"15\" \/><\/a><\/p>\n<div class=\"space10px\">\n<p>CELIS MERCIER, Silvestre Jeronimo (2009) LA TEMP\u00c9RATURE AGR\u00c9ABLE. Manipulation des fen\u00eatres et dynamique du confort environnemental dans une salle de classe climatis\u00e9e naturellement. Direction: C. Demers et A. Potvin.<a href=\"http:\/\/theses.ulaval.ca\/archimede\/meta\/26183\" target=\"_blank\" rel=\"noopener\"><img loading=\"lazy\" decoding=\"async\" class=\" wp-image-2899 alignnone\" src=\"https:\/\/www.grap.arc.ulaval.ca\/wp-content\/uploads\/sites\/4\/2021\/02\/120px-VisualEditor_-_Icon_-_External-link.svg_.png\" alt=\"120px-VisualEditor_-_Icon_-_External-link.svg\" width=\"15\" height=\"15\" \/><\/a><\/p>\n<p>PINEAULT, Nathalie (2009) Effet des types de vitrages sur la qualit\u00e9 de l&#8217;\u00e9clairage naturel : \u00c9tude exp\u00e9rimentale \u00e0 l&#8217;aide d&#8217;une maquette \u00e0 \u00e9chelle r\u00e9duite d&#8217;une salle de s\u00e9jour.\u00a0<span style=\"line-height: 1.5\">Direction: C Demers et M-C\u00a0<\/span>Dubois.<a href=\"http:\/\/theses.ulaval.ca\/archimede\/meta\/26542\" target=\"_blank\" rel=\"noopener\"><img loading=\"lazy\" decoding=\"async\" class=\" wp-image-2899 alignnone\" src=\"https:\/\/www.grap.arc.ulaval.ca\/wp-content\/uploads\/sites\/4\/2021\/02\/120px-VisualEditor_-_Icon_-_External-link.svg_.png\" alt=\"120px-VisualEditor_-_Icon_-_External-link.svg\" width=\"15\" height=\"15\" \/><\/a><\/p>\n<\/div>\n<p>BIRON, Karole (2008) Dynamique forme\/lumi\u00e8re. Exploration du processus de cr\u00e9ation de l&#8217;espace architectural par mod\u00e8les maquettes\/images.\u00a0<label>Direction de recherche<\/label>: C. Demers.<a href=\"http:\/\/theses.ulaval.ca\/archimede\/meta\/25823\" target=\"_blank\" rel=\"noopener\"><img loading=\"lazy\" decoding=\"async\" class=\" wp-image-2899 alignnone\" src=\"https:\/\/www.grap.arc.ulaval.ca\/wp-content\/uploads\/sites\/4\/2021\/02\/120px-VisualEditor_-_Icon_-_External-link.svg_.png\" alt=\"120px-VisualEditor_-_Icon_-_External-link.svg\" width=\"15\" height=\"15\" \/><\/a><a id=\"id1517\" href=\"https:\/\/www.grap.arc.ulaval.ca\/a-propos\/claude-demers.html\"><label><br \/>\n<\/label><\/a><\/p>\n<p>BOIVIN, Hugues (2007) La ventilation naturelle. D\u00e9veloppement d&#8217;un outil d&#8217;\u00e9valulation du potentiel de la climatisation passive et d&#8217;aide \u00e0 la conception architecturale.\u00a0<label>Direction<\/label>: A. Potvin.<a href=\"http:\/\/theses.ulaval.ca\/archimede\/meta\/24451\" target=\"_blank\" rel=\"noopener\"><img loading=\"lazy\" decoding=\"async\" class=\" wp-image-2899 alignnone\" src=\"https:\/\/www.grap.arc.ulaval.ca\/wp-content\/uploads\/sites\/4\/2021\/02\/120px-VisualEditor_-_Icon_-_External-link.svg_.png\" alt=\"120px-VisualEditor_-_Icon_-_External-link.svg\" width=\"15\" height=\"15\" \/><\/a><\/p>\n<p>AHMED OUAMEUR, Fouad (2007) Morphologie urbaine et confort thermique dans les espaces publics. \u00c9tude comparative entre trois tissus urbains de la ville de Qu\u00e9bec.\u00a0<label>Direction<\/label>: A. Potvin.<a href=\"http:\/\/theses.ulaval.ca\/archimede\/meta\/24931\" target=\"_blank\" rel=\"noopener\"><img loading=\"lazy\" decoding=\"async\" class=\" wp-image-2899 alignnone\" src=\"https:\/\/www.grap.arc.ulaval.ca\/wp-content\/uploads\/sites\/4\/2021\/02\/120px-VisualEditor_-_Icon_-_External-link.svg_.png\" alt=\"120px-VisualEditor_-_Icon_-_External-link.svg\" width=\"15\" height=\"15\" \/><\/a><\/p>\n<p>BONTEMPS, Arnaud (2007) La dynamique des ambiances physiques. D\u00e9veloppement d&#8217;une technique de repr\u00e9sentation par une approche filmique et sensorielle.\u00a0<label>Direction: C. Demers et A. Potvin.<a href=\"http:\/\/theses.ulaval.ca\/archimede\/meta\/24844\" target=\"_blank\" rel=\"noopener\"><img loading=\"lazy\" decoding=\"async\" class=\" wp-image-2899 alignnone\" src=\"https:\/\/www.grap.arc.ulaval.ca\/wp-content\/uploads\/sites\/4\/2021\/02\/120px-VisualEditor_-_Icon_-_External-link.svg_.png\" alt=\"120px-VisualEditor_-_Icon_-_External-link.svg\" width=\"15\" height=\"15\" \/><\/a><\/label><label><br \/>\n<\/label><\/p>\n<p>DUBOIS, Catherine (2006) Confort et diversit\u00e9 des ambiances lumineuses en architecture. L&#8217;influence de l&#8217;\u00e9clairage naturel sur les occupants. Direction: C.Demers et A. Potvin.<a href=\"http:\/\/theses.ulaval.ca\/archimede\/meta\/23949\" target=\"_blank\" rel=\"noopener\"><img loading=\"lazy\" decoding=\"async\" class=\" wp-image-2899 alignnone\" src=\"https:\/\/www.grap.arc.ulaval.ca\/wp-content\/uploads\/sites\/4\/2021\/02\/120px-VisualEditor_-_Icon_-_External-link.svg_.png\" alt=\"120px-VisualEditor_-_Icon_-_External-link.svg\" width=\"15\" height=\"15\" \/><\/a><a id=\"id19a7\" href=\"https:\/\/www.grap.arc.ulaval.ca\/a-propos\/andre-potvin.html\"><label><br \/>\n<\/label><\/a><\/p>\n<p>LAPLANTE, Yan (2006) Le concept d&#8217;enveloppe \u00e9olienne dans l&#8217;int\u00e9gration du ph\u00e9nom\u00e8ne vent \u00e0 la conception architecturale. Direction: A. Potvin.<a href=\"http:\/\/theses.ulaval.ca\/archimede\/meta\/24108\" target=\"_blank\" rel=\"noopener\"><img loading=\"lazy\" decoding=\"async\" class=\" wp-image-2899 alignnone\" src=\"https:\/\/www.grap.arc.ulaval.ca\/wp-content\/uploads\/sites\/4\/2021\/02\/120px-VisualEditor_-_Icon_-_External-link.svg_.png\" alt=\"120px-VisualEditor_-_Icon_-_External-link.svg\" width=\"15\" height=\"15\" \/><\/a><\/p>\n<p>HARDY, Jean-Fran\u00e7ois (2005) Les lieux de la musique au Qu\u00e9bec ; l&#8217;acoustique de six salles de concert.\u00a0<em>(Scenes of music in Quebec: the acoustics of six concert hall.) <\/em>Direction: J-G Migneron.<\/p>\n<p>D&#8217;AVILA, Gustavo (2005) Vers la construction des approches holistiques en ambiances physiques: observation et analyse de l&#8217;ambiance lumineuse dans une \u00e9cole secondaire de la ville de Qu\u00e9bec. Direction: D. Pich\u00e9 et C. Demers.<\/p>\n<p>GUIMONT, Pierre (2002). M\u00e9thode d&#8217;\u00e9valuation de la climatisation passive par l&#8217;usage de la masse thermique et de la ventilation nocturne dans les immeubles administratifs au Qu\u00e9bec.\u00a0(<em>Method of evaluation of passive cooling using thermal mass and nocturnal ventilation in administrative buildings in Qu\u00e9bec.)<\/em> Direction: A. Potvin.<\/p>\n<p>RODRIGUEZ, Diana (2000). L&#8217;image bidimensionnelle comme outils de conception de la murale illusionniste dans le milieu urbain.\u00a0<em>(The bi-dimensional image as a tool for the design of illusionist mural paintings in urban contexts.) <\/em>Direction: C. Demers.<\/p>\n<p>KOULOURIS, V\u00e9ronique (2000) Ombre et lumi\u00e8re dans la ville: le potentiel de l&#8217;image num\u00e9rique pour l&#8217;exploration et l&#8217;analyse des ambiances lumineuses et nocturnes.\u00a0<em>(Shadows and light in the city: the potential of the digital image in the exploration and the analysis of luminous and nocturnal ambiences.)\u00a0<\/em>Direction: C. Demers.<\/p>\n","protected":false},"excerpt":{"rendered":"<p>M\u00e9moires de ma\u00eetrise \/ Master of Science CARRIER, Alexandre. D\u00e9pot initial pr\u00e9vu 2019. SCHOLA.CA Direction C Demers, co-direction A Potvin. LALANDE, Philippe. D\u00e9p\u00f4t initial pr\u00e9vu 2019. SENTINELLE NORD.\u00a0Direction C Demers,\u00a0co-direction M Blais. MAZAURIC, Louise. D\u00e9p\u00f4t initial 2018. PAYSAGES \u00c9ROD\u00c9S\u00a0Direction C Demers, co-direction A Potvin. RODRIGUE, Myriam. D\u00e9pot initial 2018.\u00a0Direction C Demers JAFARIAN, Hoda (2016) Lighting [&hellip;]<\/p>\n","protected":false},"author":3,"featured_media":0,"parent":4636,"menu_order":16,"comment_status":"closed","ping_status":"closed","template":"site-commun.php","meta":{"_acf_changed":false,"footnotes":""},"class_list":["post-4673","page","type-page","status-publish","hentry"],"acf":[],"yoast_head":"<!-- This site is optimized with the Yoast SEO plugin v26.9 - https:\/\/yoast.com\/product\/yoast-seo-wordpress\/ -->\r\n<title>M\u00e9moires de ma\u00eetrise - Groupe de recherche en ambiances physiques | Universit\u00e9 Laval<\/title>\r\n<meta name=\"robots\" content=\"index, follow, max-snippet:-1, max-image-preview:large, max-video-preview:-1\" \/>\r\n<link rel=\"canonical\" href=\"https:\/\/www.grap.arc.ulaval.ca\/en\/diffusion\/maitrise-memoire\/\" \/>\r\n<meta property=\"og:locale\" content=\"en_US\" \/>\r\n<meta property=\"og:type\" content=\"article\" \/>\r\n<meta property=\"og:title\" content=\"M\u00e9moires de ma\u00eetrise - Groupe de recherche en ambiances physiques | Universit\u00e9 Laval\" \/>\r\n<meta property=\"og:description\" content=\"M\u00e9moires de ma\u00eetrise \/ Master of Science CARRIER, Alexandre. D\u00e9pot initial pr\u00e9vu 2019. SCHOLA.CA Direction C Demers, co-direction A Potvin. LALANDE, Philippe. D\u00e9p\u00f4t initial pr\u00e9vu 2019. SENTINELLE NORD.\u00a0Direction C Demers,\u00a0co-direction M Blais. MAZAURIC, Louise. D\u00e9p\u00f4t initial 2018. PAYSAGES \u00c9ROD\u00c9S\u00a0Direction C Demers, co-direction A Potvin. RODRIGUE, Myriam. D\u00e9pot initial 2018.\u00a0Direction C Demers JAFARIAN, Hoda (2016) Lighting [&hellip;]\" \/>\r\n<meta property=\"og:url\" content=\"https:\/\/www.grap.arc.ulaval.ca\/en\/diffusion\/maitrise-memoire\/\" \/>\r\n<meta property=\"og:site_name\" content=\"Groupe de recherche en ambiances physiques | Universit\u00e9 Laval\" \/>\r\n<meta property=\"og:image\" content=\"https:\/\/www.grap.arc.ulaval.ca\/wp-content\/uploads\/sites\/4\/2021\/02\/120px-VisualEditor_-_Icon_-_External-link.svg_.png\" \/>\r\n<meta name=\"twitter:card\" content=\"summary_large_image\" \/>\r\n<meta name=\"twitter:label1\" content=\"Est. reading time\" \/>\n\t<meta name=\"twitter:data1\" content=\"3 minutes\" \/>\r\n<script type=\"application\/ld+json\" class=\"yoast-schema-graph\">{\"@context\":\"https:\/\/schema.org\",\"@graph\":[{\"@type\":\"WebPage\",\"@id\":\"https:\/\/www.grap.arc.ulaval.ca\/en\/diffusion\/maitrise-memoire\/\",\"url\":\"https:\/\/www.grap.arc.ulaval.ca\/en\/diffusion\/maitrise-memoire\/\",\"name\":\"M\u00e9moires de ma\u00eetrise - Groupe de recherche en ambiances physiques | Universit\u00e9 Laval\",\"isPartOf\":{\"@id\":\"https:\/\/www.grap.arc.ulaval.ca\/#website\"},\"primaryImageOfPage\":{\"@id\":\"https:\/\/www.grap.arc.ulaval.ca\/en\/diffusion\/maitrise-memoire\/#primaryimage\"},\"image\":{\"@id\":\"https:\/\/www.grap.arc.ulaval.ca\/en\/diffusion\/maitrise-memoire\/#primaryimage\"},\"thumbnailUrl\":\"https:\/\/www.grap.arc.ulaval.ca\/wp-content\/uploads\/sites\/4\/2021\/02\/120px-VisualEditor_-_Icon_-_External-link.svg_.png\",\"datePublished\":\"2011-11-25T17:07:36+00:00\",\"breadcrumb\":{\"@id\":\"https:\/\/www.grap.arc.ulaval.ca\/en\/diffusion\/maitrise-memoire\/#breadcrumb\"},\"inLanguage\":\"en-US\",\"potentialAction\":[{\"@type\":\"ReadAction\",\"target\":[\"https:\/\/www.grap.arc.ulaval.ca\/en\/diffusion\/maitrise-memoire\/\"]}]},{\"@type\":\"ImageObject\",\"inLanguage\":\"en-US\",\"@id\":\"https:\/\/www.grap.arc.ulaval.ca\/en\/diffusion\/maitrise-memoire\/#primaryimage\",\"url\":\"https:\/\/www.grap.arc.ulaval.ca\/wp-content\/uploads\/sites\/4\/2021\/02\/120px-VisualEditor_-_Icon_-_External-link.svg_.png\",\"contentUrl\":\"https:\/\/www.grap.arc.ulaval.ca\/wp-content\/uploads\/sites\/4\/2021\/02\/120px-VisualEditor_-_Icon_-_External-link.svg_.png\"},{\"@type\":\"BreadcrumbList\",\"@id\":\"https:\/\/www.grap.arc.ulaval.ca\/en\/diffusion\/maitrise-memoire\/#breadcrumb\",\"itemListElement\":[{\"@type\":\"ListItem\",\"position\":1,\"name\":\"Accueil\",\"item\":\"https:\/\/www.grap.arc.ulaval.ca\/en\/\"},{\"@type\":\"ListItem\",\"position\":2,\"name\":\"Diffusion\",\"item\":\"https:\/\/www.grap.arc.ulaval.ca\/en\/diffusion\/\"},{\"@type\":\"ListItem\",\"position\":3,\"name\":\"M\u00e9moires de ma\u00eetrise\"}]},{\"@type\":\"WebSite\",\"@id\":\"https:\/\/www.grap.arc.ulaval.ca\/#website\",\"url\":\"https:\/\/www.grap.arc.ulaval.ca\/\",\"name\":\"Groupe de recherche en ambiances physiques | Universit\u00e9 Laval\",\"description\":\"grap\",\"potentialAction\":[{\"@type\":\"SearchAction\",\"target\":{\"@type\":\"EntryPoint\",\"urlTemplate\":\"https:\/\/www.grap.arc.ulaval.ca\/?s={search_term_string}\"},\"query-input\":{\"@type\":\"PropertyValueSpecification\",\"valueRequired\":true,\"valueName\":\"search_term_string\"}}],\"inLanguage\":\"en-US\"}]}<\/script>\r\n<!-- \/ Yoast SEO plugin. -->","yoast_head_json":{"title":"M\u00e9moires de ma\u00eetrise - Groupe de recherche en ambiances physiques | Universit\u00e9 Laval","robots":{"index":"index","follow":"follow","max-snippet":"max-snippet:-1","max-image-preview":"max-image-preview:large","max-video-preview":"max-video-preview:-1"},"canonical":"https:\/\/www.grap.arc.ulaval.ca\/en\/diffusion\/maitrise-memoire\/","og_locale":"en_US","og_type":"article","og_title":"M\u00e9moires de ma\u00eetrise - Groupe de recherche en ambiances physiques | Universit\u00e9 Laval","og_description":"M\u00e9moires de ma\u00eetrise \/ Master of Science CARRIER, Alexandre. D\u00e9pot initial pr\u00e9vu 2019. SCHOLA.CA Direction C Demers, co-direction A Potvin. LALANDE, Philippe. D\u00e9p\u00f4t initial pr\u00e9vu 2019. SENTINELLE NORD.\u00a0Direction C Demers,\u00a0co-direction M Blais. MAZAURIC, Louise. D\u00e9p\u00f4t initial 2018. PAYSAGES \u00c9ROD\u00c9S\u00a0Direction C Demers, co-direction A Potvin. RODRIGUE, Myriam. D\u00e9pot initial 2018.\u00a0Direction C Demers JAFARIAN, Hoda (2016) Lighting [&hellip;]","og_url":"https:\/\/www.grap.arc.ulaval.ca\/en\/diffusion\/maitrise-memoire\/","og_site_name":"Groupe de recherche en ambiances physiques | Universit\u00e9 Laval","og_image":[{"url":"https:\/\/www.grap.arc.ulaval.ca\/wp-content\/uploads\/sites\/4\/2021\/02\/120px-VisualEditor_-_Icon_-_External-link.svg_.png","type":"","width":"","height":""}],"twitter_card":"summary_large_image","twitter_misc":{"Est. reading time":"3 minutes"},"schema":{"@context":"https:\/\/schema.org","@graph":[{"@type":"WebPage","@id":"https:\/\/www.grap.arc.ulaval.ca\/en\/diffusion\/maitrise-memoire\/","url":"https:\/\/www.grap.arc.ulaval.ca\/en\/diffusion\/maitrise-memoire\/","name":"M\u00e9moires de ma\u00eetrise - Groupe de recherche en ambiances physiques | Universit\u00e9 Laval","isPartOf":{"@id":"https:\/\/www.grap.arc.ulaval.ca\/#website"},"primaryImageOfPage":{"@id":"https:\/\/www.grap.arc.ulaval.ca\/en\/diffusion\/maitrise-memoire\/#primaryimage"},"image":{"@id":"https:\/\/www.grap.arc.ulaval.ca\/en\/diffusion\/maitrise-memoire\/#primaryimage"},"thumbnailUrl":"https:\/\/www.grap.arc.ulaval.ca\/wp-content\/uploads\/sites\/4\/2021\/02\/120px-VisualEditor_-_Icon_-_External-link.svg_.png","datePublished":"2011-11-25T17:07:36+00:00","breadcrumb":{"@id":"https:\/\/www.grap.arc.ulaval.ca\/en\/diffusion\/maitrise-memoire\/#breadcrumb"},"inLanguage":"en-US","potentialAction":[{"@type":"ReadAction","target":["https:\/\/www.grap.arc.ulaval.ca\/en\/diffusion\/maitrise-memoire\/"]}]},{"@type":"ImageObject","inLanguage":"en-US","@id":"https:\/\/www.grap.arc.ulaval.ca\/en\/diffusion\/maitrise-memoire\/#primaryimage","url":"https:\/\/www.grap.arc.ulaval.ca\/wp-content\/uploads\/sites\/4\/2021\/02\/120px-VisualEditor_-_Icon_-_External-link.svg_.png","contentUrl":"https:\/\/www.grap.arc.ulaval.ca\/wp-content\/uploads\/sites\/4\/2021\/02\/120px-VisualEditor_-_Icon_-_External-link.svg_.png"},{"@type":"BreadcrumbList","@id":"https:\/\/www.grap.arc.ulaval.ca\/en\/diffusion\/maitrise-memoire\/#breadcrumb","itemListElement":[{"@type":"ListItem","position":1,"name":"Accueil","item":"https:\/\/www.grap.arc.ulaval.ca\/en\/"},{"@type":"ListItem","position":2,"name":"Diffusion","item":"https:\/\/www.grap.arc.ulaval.ca\/en\/diffusion\/"},{"@type":"ListItem","position":3,"name":"M\u00e9moires de ma\u00eetrise"}]},{"@type":"WebSite","@id":"https:\/\/www.grap.arc.ulaval.ca\/#website","url":"https:\/\/www.grap.arc.ulaval.ca\/","name":"Groupe de recherche en ambiances physiques | Universit\u00e9 Laval","description":"grap","potentialAction":[{"@type":"SearchAction","target":{"@type":"EntryPoint","urlTemplate":"https:\/\/www.grap.arc.ulaval.ca\/?s={search_term_string}"},"query-input":{"@type":"PropertyValueSpecification","valueRequired":true,"valueName":"search_term_string"}}],"inLanguage":"en-US"}]}},"_links":{"self":[{"href":"https:\/\/www.grap.arc.ulaval.ca\/en\/wp-json\/wp\/v2\/pages\/4673","targetHints":{"allow":["GET"]}}],"collection":[{"href":"https:\/\/www.grap.arc.ulaval.ca\/en\/wp-json\/wp\/v2\/pages"}],"about":[{"href":"https:\/\/www.grap.arc.ulaval.ca\/en\/wp-json\/wp\/v2\/types\/page"}],"author":[{"embeddable":true,"href":"https:\/\/www.grap.arc.ulaval.ca\/en\/wp-json\/wp\/v2\/users\/3"}],"replies":[{"embeddable":true,"href":"https:\/\/www.grap.arc.ulaval.ca\/en\/wp-json\/wp\/v2\/comments?post=4673"}],"version-history":[{"count":0,"href":"https:\/\/www.grap.arc.ulaval.ca\/en\/wp-json\/wp\/v2\/pages\/4673\/revisions"}],"up":[{"embeddable":true,"href":"https:\/\/www.grap.arc.ulaval.ca\/en\/wp-json\/wp\/v2\/pages\/4636"}],"wp:attachment":[{"href":"https:\/\/www.grap.arc.ulaval.ca\/en\/wp-json\/wp\/v2\/media?parent=4673"}],"curies":[{"name":"wp","href":"https:\/\/api.w.org\/{rel}","templated":true}]}}