{"id":4671,"date":"2011-11-25T12:08:04","date_gmt":"2011-11-25T17:08:04","guid":{"rendered":"https:\/\/www.grap.arc.ulaval.ca\/diffusion\/maitrise-essai\/"},"modified":"2011-11-25T12:08:04","modified_gmt":"2011-11-25T17:08:04","slug":"maitrise-essai","status":"publish","type":"page","link":"https:\/\/www.grap.arc.ulaval.ca\/en\/diffusion\/maitrise-essai\/","title":{"rendered":"Essais de ma\u00eetrise"},"content":{"rendered":"<h1>Essais de ma\u00eetrise<\/h1>\n<p>ROBITAILLE, Estelle. (2016) L\u2019eau, g\u00e9n\u00e9ratrice d\u2019architecture en harmonie avec le paysage : conception de pavillons r\u00e9cr\u00e9otouristiques \u00e0 la station Duchesnay.\u00a0Direction: C. Demers.<a href=\"https:\/\/www.bibl.ulaval.ca\/doelec\/essais\/2016\/4201-ARC6024-Estelle_Robitaille.pdf\" target=\"_blank\" rel=\"noopener\"><img loading=\"lazy\" decoding=\"async\" class=\" wp-image-2899 alignnone\" src=\"https:\/\/www.grap.arc.ulaval.ca\/wp-content\/uploads\/sites\/4\/2021\/02\/120px-VisualEditor_-_Icon_-_External-link.svg_.png\" alt=\"120px-VisualEditor_-_Icon_-_External-link.svg\" width=\"15\" height=\"15\" \/><\/a><\/p>\n<p>LAVALL\u00c9E, Laurie. (2016).\u00a0Architecture minimale et adaptable : l\u2019entre-deux habit\u00e9 en milieu nordique.\u00a0Direction: C. Demers.<a href=\"https:\/\/www.bibl.ulaval.ca\/doelec\/essais\/2016\/4201-ARC6024-Laurie_Lavallee.pdf\" target=\"_blank\" rel=\"noopener\"><img loading=\"lazy\" decoding=\"async\" class=\" wp-image-2899 alignnone\" src=\"https:\/\/www.grap.arc.ulaval.ca\/wp-content\/uploads\/sites\/4\/2021\/02\/120px-VisualEditor_-_Icon_-_External-link.svg_.png\" alt=\"120px-VisualEditor_-_Icon_-_External-link.svg\" width=\"15\" height=\"15\" \/><\/a><\/p>\n<p>GINGRAS, Sophie. (2016). Architecture musicale : l\u2019image sonore g\u00e9n\u00e9ratrice d\u2019un projet de centre culturel.Direction: C. Demers.<a href=\"https:\/\/www.bibl.ulaval.ca\/doelec\/essais\/2016\/4201-ARC6024-Sophie_Gingras.pdf\" target=\"_blank\" rel=\"noopener\"><img loading=\"lazy\" decoding=\"async\" class=\" wp-image-2899 alignnone\" src=\"https:\/\/www.grap.arc.ulaval.ca\/wp-content\/uploads\/sites\/4\/2021\/02\/120px-VisualEditor_-_Icon_-_External-link.svg_.png\" alt=\"120px-VisualEditor_-_Icon_-_External-link.svg\" width=\"15\" height=\"15\" \/><\/a><\/p>\n<p>BERNIER, Anne (2015)\u00a0Pulsations : espaces de travail adaptables aux rythmes de l&#8217;occupant, de l&#8217;heure et de la saison.\u00a0Direction: C. Demers.<a href=\"https:\/\/www.bibl.ulaval.ca\/doelec\/essais\/2015\/4201-ARC6024-Anne_Bernier.pdf\" target=\"_blank\" rel=\"noopener\"><img loading=\"lazy\" decoding=\"async\" class=\" wp-image-2899 alignnone\" src=\"https:\/\/www.grap.arc.ulaval.ca\/wp-content\/uploads\/sites\/4\/2021\/02\/120px-VisualEditor_-_Icon_-_External-link.svg_.png\" alt=\"120px-VisualEditor_-_Icon_-_External-link.svg\" width=\"15\" height=\"15\" \/><\/a><\/p>\n<p>LANOUE, Sarah (2015)\u00a0Vertige : parcours sensoriel reliant l\u2019intemporalit\u00e9 du Silo no.5 \u00e0 son environnement \u00e9ph\u00e9m\u00e8re.\u00a0Direction: C. Demers.<a href=\"https:\/\/www.bibl.ulaval.ca\/doelec\/essais\/2015\/4201-ARC6024-Sarah_Lanoue.pdf\" target=\"_blank\" rel=\"noopener\"><img loading=\"lazy\" decoding=\"async\" class=\" wp-image-2899 alignnone\" src=\"https:\/\/www.grap.arc.ulaval.ca\/wp-content\/uploads\/sites\/4\/2021\/02\/120px-VisualEditor_-_Icon_-_External-link.svg_.png\" alt=\"120px-VisualEditor_-_Icon_-_External-link.svg\" width=\"15\" height=\"15\" \/><\/a><\/p>\n<p>PERRON THIFFAULT, Marilie. (2015)\u00a0Habiter l&#8217;arbre : sensibilisation et exp\u00e9rience sensorielle par la relation int\u00e9rieure\/ext\u00e9rieure en lien avec la biodiversit\u00e9 de l\u2019\u00eele Saint\u2010Quentin.\u00a0Direction: C. Demers.<a href=\"https:\/\/www.bibl.ulaval.ca\/doelec\/essais\/2015\/4201-ARC6024-Marilie_PerronThiffault.pdf\" target=\"_blank\" rel=\"noopener\"><img loading=\"lazy\" decoding=\"async\" class=\" wp-image-2899 alignnone\" src=\"https:\/\/www.grap.arc.ulaval.ca\/wp-content\/uploads\/sites\/4\/2021\/02\/120px-VisualEditor_-_Icon_-_External-link.svg_.png\" alt=\"120px-VisualEditor_-_Icon_-_External-link.svg\" width=\"15\" height=\"15\" \/><\/a><\/p>\n<p>CORBIN, Alexandre (2014) Chromo tectonique : la couleur: entre intelligence architectonique et perceptions. Direction: C. Demers.<a href=\"http:\/\/www.bibl.ulaval.ca\/doelec\/essais\/2014\/4201-ARC6024-Alexandre_Corbin.pdf\" target=\"_blank\" rel=\"noopener\"><img loading=\"lazy\" decoding=\"async\" class=\" wp-image-2899 alignnone\" src=\"https:\/\/www.grap.arc.ulaval.ca\/wp-content\/uploads\/sites\/4\/2021\/02\/120px-VisualEditor_-_Icon_-_External-link.svg_.png\" alt=\"120px-VisualEditor_-_Icon_-_External-link.svg\" width=\"15\" height=\"15\" \/><\/a><\/p>\n<p>FOURNIER, \u00c9lise (2014) Opportunit\u00e9s \u00e9quivalentes : allier design universel et architecture ph\u00e9nom\u00e9nologique pour la conception d\u2019un espace sportif. Direction: C. Demers.<a href=\"http:\/\/www.bibl.ulaval.ca\/doelec\/essais\/2014\/4201-ARC6024-Elise_fournier.pdf\" target=\"_blank\" rel=\"noopener\"><img loading=\"lazy\" decoding=\"async\" class=\" wp-image-2899 alignnone\" src=\"https:\/\/www.grap.arc.ulaval.ca\/wp-content\/uploads\/sites\/4\/2021\/02\/120px-VisualEditor_-_Icon_-_External-link.svg_.png\" alt=\"120px-VisualEditor_-_Icon_-_External-link.svg\" width=\"15\" height=\"15\" \/><\/a><\/p>\n<p>LAURIN, Myriam (2014) Vers une nordicit\u00e9 affirm\u00e9 : mise en valeur des qualit\u00e9s spatiales et sensorielles de l\u2019hiver sur le campus de l\u2019Universit\u00e9 Laval. Direction: C. Demers.<a href=\"http:\/\/www.bibl.ulaval.ca\/doelec\/essais\/2014\/4201-ARC6024-Myriam_Laurin.pdf\" target=\"_blank\" rel=\"noopener\"><img loading=\"lazy\" decoding=\"async\" class=\" wp-image-2899 alignnone\" src=\"https:\/\/www.grap.arc.ulaval.ca\/wp-content\/uploads\/sites\/4\/2021\/02\/120px-VisualEditor_-_Icon_-_External-link.svg_.png\" alt=\"120px-VisualEditor_-_Icon_-_External-link.svg\" width=\"15\" height=\"15\" \/><\/a><\/p>\n<p>M\u00c9TRAS, Genevi\u00e8ve (2014) Agri-tecture : revitalisation d\u2019un ancien b\u00e2timent industriel en une vitrine exp\u00e9rientielle sur l\u2019agriculture \u00e0 Pointe-Saint-Charles. Direction: A. Potvin.<a href=\"http:\/\/www.bibl.ulaval.ca\/doelec\/essais\/2014\/4201-ARC6024-Genevieve_Metras.pdf\" target=\"_blank\" rel=\"noopener\"><img loading=\"lazy\" decoding=\"async\" class=\" wp-image-2899 alignnone\" src=\"https:\/\/www.grap.arc.ulaval.ca\/wp-content\/uploads\/sites\/4\/2021\/02\/120px-VisualEditor_-_Icon_-_External-link.svg_.png\" alt=\"120px-VisualEditor_-_Icon_-_External-link.svg\" width=\"15\" height=\"15\" \/><\/a><\/p>\n<p>VALL\u00c9E, Vanessa (2014) Parcour \u00e9tudiant : un chez-soi au coeur du campus de l\u2019Universit\u00e9 Laval. Direction: A. Potvin.<a href=\"http:\/\/www.bibl.ulaval.ca\/doelec\/essais\/2014\/4201-ARC6024-Vanessa_Vallee.pdf\" target=\"_blank\" rel=\"noopener\"><img loading=\"lazy\" decoding=\"async\" class=\" wp-image-2899 alignnone\" src=\"https:\/\/www.grap.arc.ulaval.ca\/wp-content\/uploads\/sites\/4\/2021\/02\/120px-VisualEditor_-_Icon_-_External-link.svg_.png\" alt=\"120px-VisualEditor_-_Icon_-_External-link.svg\" width=\"15\" height=\"15\" \/><\/a><\/p>\n<p>VAN KESSEL, Alexandre (2014) La chope en ville : cr\u00e9ation d\u2019une microbrasserie et houblonni\u00e8re dans le quartier Griffintown. Direction: A. Potvin.<a href=\"https:\/\/acces.bibl.ulaval.ca\/login?url=http:\/\/www.bibl.ulaval.ca\/doelec\/essais\/2014\/4210-ARC6024-Alexandre_Van-Kessel.pdf\" target=\"_blank\" rel=\"noopener\"><img loading=\"lazy\" decoding=\"async\" class=\" wp-image-2899 alignnone\" src=\"https:\/\/www.grap.arc.ulaval.ca\/wp-content\/uploads\/sites\/4\/2021\/02\/120px-VisualEditor_-_Icon_-_External-link.svg_.png\" alt=\"120px-VisualEditor_-_Icon_-_External-link.svg\" width=\"15\" height=\"15\" \/><\/a><\/p>\n<p>VIGNEAU, Val\u00e9rie (2012) \u00ab FRAGILE : Vers une int\u00e9gration culturelle et naturelle par le biais du r\u00e9gionalisme critique \u00bb. Projet de Marina et centre culturel, \u00c9tang du Nord, \u00celes-de-la-Madeleine. Direction\u00a0: C. Demers.<\/p>\n<p>BEAUDOIN, Anthony L. (2011) Le confort des bovins laitiers par le retour \u00e0 la nature de l&#8217;architecture rurale. Direction\u00a0: C. Demers.<\/p>\n<p>LAROCQUE, Jo\u00eblle (2011) La lumi\u00e8re comme vecteur d&#8217;adaptation de l&#8217;espace : exploration d&#8217;un parcours forestier. Direction: C. Demers.<\/p>\n<p>BARNAB\u00c9-P\u00c9PIN, Chlo\u00e9 (2010) Diver cit\u00e9 : habitat flexible \/ Chlo\u00e9 Barab\u00e9-P\u00e9pin. Direction: C. Demers.<\/p>\n<p>SIMONEAU, Andr\u00e9anne (2010) Vie, espaces et perceptions : cellule habitable &#8211; ext\u00e9rieur habit\u00e9. Direction: C. Demers.<\/p>\n<p>CLOUTIER, Julie \u00a0(2009) Interaction entre l&#8217;\u00eatre humain et le climat : caract\u00e8re, rythme et dynamique de la lumi\u00e8re naturelle. Direction: C. Demers.<\/p>\n<p>POULIOT, Vincent (2009) Influx : faire d&#8217;un territoire \u00e9clat\u00e9 et enclav\u00e9 un ensemble coh\u00e9rent et durable \u00e0 l&#8217;\u00e9chelle humaine : revitalisation du Parc technologique du Qu\u00e9bec m\u00e9tropolitain. Direction: A. Potvin<\/p>\n<p>ROCHETTE, Julie (2009) Transparence, translucidit\u00e9 et opacit\u00e9 : dialogue de l&#8217;intimit\u00e9. Direction\u00a0: C. Demers.<\/p>\n<p>BROSSEAU, Maxime (2008) Lumi\u00e8re et ambiances lumineuses : d&#8217;un centre de consultation d&#8217;archives. Direction: C. Demers.<\/p>\n<p>GRONDINES, Jean-Philippe (2008) Densifier avec le plex. Direction: A. Potvin.<\/p>\n<p>LIERDE, Daphn\u00e9e Saskia van (2008) La perception architecturale manipul\u00e9e par les ambiances lumineuses&#8221; la station de train de l&#8217;A\u00e9roport P.E.T. Direction: C. Demers.<\/p>\n<p>BRASSARD, David (2007) Parasite proth\u00e9tique : une greffe architecturale sur le Complexe G. Direction: A. Potvin.<\/p>\n<p>CARON, Marie-\u00c9laine (2007) Lumi\u00e8re et objet d&#8217;exposition : exp\u00e9rience d&#8217;un centre d&#8217;art multim\u00e9dia. Direction: C. Demers.<\/p>\n<p>GILBERT, Sabrina (2007) Structure paysag\u00e8re : dynamique spatiale et parcours s\u00e9quentiel. Direction: C. Demers.<\/p>\n<p>GUERRETTE, Karine (2007) La surface : m\u00e9diatrice de l&#8217;expression du corps en mouvement : centre d&#8217;entra\u00eenement pour le patinage artistique \u00e0 Qu\u00e9bec. Direction: C. Demers.<\/p>\n<p>TURGEON, Am\u00e9lie (2007) Structure, architecture et remont\u00e9es m\u00e9caniques en montagne : pour une contribution \u00e0 l&#8217;exp\u00e9rience sensorielle du lieu. Direction : A. Potvin.<\/p>\n<p>TURGEON, Mathieu (2007) Un parc r\u00e9cr\u00e9atif urbain sur une friche militaire et industrielle \u00e0 L\u00e9vis : vecteur d&#8217;une identit\u00e9 collective. Direction: C Demers<\/p>\n<p>ANGERS, Anne-Marie (2007) Cr\u00e9ation d&#8217;ambiances lumineuses : lumi\u00e8re mati\u00e8re r\u00e9sultante des relations entre la lumi\u00e8re naturelle et les ouvertures. Direction: C. Demers.<\/p>\n<p>BRETON, V\u00e9ronique (2005) Faire la lumi\u00e8re sur l&#8217;apprentissage. Direction: C. Demers.<\/p>\n<p>CHAUVIN, Am\u00e9lie (2005) L&#8217;exp\u00e9rience s\u00e9quentielle des bains. Direction: C. Demers.<\/p>\n<p>C\u00d4T\u00c9, Martin (2005) Espace cha[otique] &#8211; l&#8217;architecture sensible des espaces sonores. Direction : A. Potvin.<\/p>\n<p>DUMAS, Lily (2005) Perception de l&#8217;eau comme un mat\u00e9riau vivant: l&#8217;exp\u00e9rience de la naissance. Direction : A. Potvin.<\/p>\n<p>GAUDREAU, Marc (2005) D\u00e9marche et strat\u00e9gies de durabilit\u00e9 int\u00e9gr\u00e9es \u00e0 la conception d&#8217;une cellule d&#8217;occupation minimale. Direction : A. Potvin.<\/p>\n<p>LALANCETTE, Carl (2005) Le gymnase: Ambiances lumineuses vs peformances sportives. Direction: C. Demers.<\/p>\n<p>MARCOTTE, Daniel (2005) Mouvement: perception, cognition et architecture. Direction: C. Demers.<\/p>\n<p>P\u00c9RIGNY, Isabelle (2005) La po\u00e9sie de l&#8217;habiter : lieux d&#8217;intimit\u00e9 cr\u00e9\u00e9s par les exp\u00e9riences sensorielles. Direction: C. Demers.<\/p>\n<p>PILOTE, Julie (2005) Exp\u00e9rience de la neige dans un mus\u00e9e sur les Plaines d&#8217;Abraham. Direction: C. Demers.<\/p>\n<p>VERDIER, Marie-H\u00e9l\u00e8ne (2005) \u00c9quilibre insulaire: Pr\u00e9server et d\u00e9velopper le paysage madelinien par la coh\u00e9sion de la culture et de l&#8217;environnement. Direction : A. Potvin.<\/p>\n<p>BEAULIEU, Genevi\u00e8ve (2004) Exploration du potentiel cr\u00e9atif et significatif des mat\u00e9riaux r\u00e9cup\u00e9r\u00e9s pour une escale urbaine du cyclisme. Direction : A. Potvin.<\/p>\n<p>FREDETTE, Marc-Antoine (2004). Haute qualit\u00e9 environnementale en architecture: Un th\u00e9\u00e2tre bioclimatique. Direction : A Potvin Co-direction : C. Demers.<\/p>\n<p>LAFORTUNE, Guylaine (2004) Un mod\u00e8le architectural de ferme laiti\u00e8re adapt\u00e9 au d\u00e9veloppement des entreprises agricoles modernes selon la perspective du d\u00e9veloppement durabl. Direction : M.-C. Dubois Co-direction: C. Demers.<\/p>\n<p>CHENEVERT, Annie (2003) L&#8217;architecture comme support pour la sant\u00e9: L&#8217;influence des milieux de soins sur le bien-\u00eatre des individus. Direction : A. Potvin.<\/p>\n<p>LAROSE, Marianne. (2003) Besoins r\u00e9sidentiels des jeunes adultes en perte d&#8217;autonomie: D\u00e9veloppement d&#8217;un prototype d&#8217;habitations regroup\u00e9es. Direction : C. Demers, D. Pich\u00e9, A. Potvin<\/p>\n<p>GOULET, Sophie (2003) L&#8217;\u00e9veil du sens: Conception d&#8217;un environnement stimulant pour la repr\u00e9sentation de l&#8217;espace. Direction : C. Demers.<\/p>\n<p>PLANTE, Annie (2002) L&#8217;h\u00f4tel hospitalier: Vers un nouveau type d&#8217;h\u00e9bergement pour patients externes et familles des patients en provenance des r\u00e9gions. Co-direction : C. Demers, D. Pich\u00e9, A. Potvin.<\/p>\n<p>BOIVERT, Karine (2002) L&#8217;organisation du b\u00e2ti face aux nouvelles r\u00e9alit\u00e9s du maintien \u00e0 domicile: Cr\u00e9ation de points de services pour les CLSC. Co-direction : C. Demers, D. Pich\u00e9, A. Potvin.<\/p>\n<p>&nbsp;<\/p>\n","protected":false},"excerpt":{"rendered":"<p>Essais de ma\u00eetrise ROBITAILLE, Estelle. (2016) L\u2019eau, g\u00e9n\u00e9ratrice d\u2019architecture en harmonie avec le paysage : conception de pavillons r\u00e9cr\u00e9otouristiques \u00e0 la station Duchesnay.\u00a0Direction: C. Demers. LAVALL\u00c9E, Laurie. (2016).\u00a0Architecture minimale et adaptable : l\u2019entre-deux habit\u00e9 en milieu nordique.\u00a0Direction: C. Demers. GINGRAS, Sophie. (2016). Architecture musicale : l\u2019image sonore g\u00e9n\u00e9ratrice d\u2019un projet de centre culturel.Direction: C. Demers. [&hellip;]<\/p>\n","protected":false},"author":3,"featured_media":0,"parent":4636,"menu_order":16,"comment_status":"closed","ping_status":"closed","template":"site-commun.php","meta":{"_acf_changed":false,"footnotes":""},"class_list":["post-4671","page","type-page","status-publish","hentry"],"acf":[],"yoast_head":"<!-- This site is optimized with the Yoast SEO plugin v26.9 - https:\/\/yoast.com\/product\/yoast-seo-wordpress\/ -->\r\n<title>Essais de ma\u00eetrise - Groupe de recherche en ambiances physiques | Universit\u00e9 Laval<\/title>\r\n<meta name=\"robots\" content=\"index, follow, max-snippet:-1, max-image-preview:large, max-video-preview:-1\" \/>\r\n<link rel=\"canonical\" href=\"https:\/\/www.grap.arc.ulaval.ca\/en\/diffusion\/maitrise-essai\/\" \/>\r\n<meta property=\"og:locale\" content=\"en_US\" \/>\r\n<meta property=\"og:type\" content=\"article\" \/>\r\n<meta property=\"og:title\" content=\"Essais de ma\u00eetrise - Groupe de recherche en ambiances physiques | Universit\u00e9 Laval\" \/>\r\n<meta property=\"og:description\" content=\"Essais de ma\u00eetrise ROBITAILLE, Estelle. (2016) L\u2019eau, g\u00e9n\u00e9ratrice d\u2019architecture en harmonie avec le paysage : conception de pavillons r\u00e9cr\u00e9otouristiques \u00e0 la station Duchesnay.\u00a0Direction: C. Demers. LAVALL\u00c9E, Laurie. (2016).\u00a0Architecture minimale et adaptable : l\u2019entre-deux habit\u00e9 en milieu nordique.\u00a0Direction: C. Demers. GINGRAS, Sophie. (2016). Architecture musicale : l\u2019image sonore g\u00e9n\u00e9ratrice d\u2019un projet de centre culturel.Direction: C. Demers. [&hellip;]\" \/>\r\n<meta property=\"og:url\" content=\"https:\/\/www.grap.arc.ulaval.ca\/en\/diffusion\/maitrise-essai\/\" \/>\r\n<meta property=\"og:site_name\" content=\"Groupe de recherche en ambiances physiques | Universit\u00e9 Laval\" \/>\r\n<meta property=\"og:image\" content=\"https:\/\/www.grap.arc.ulaval.ca\/wp-content\/uploads\/sites\/4\/2021\/02\/120px-VisualEditor_-_Icon_-_External-link.svg_.png\" \/>\r\n<meta name=\"twitter:card\" content=\"summary_large_image\" \/>\r\n<meta name=\"twitter:label1\" content=\"Est. reading time\" \/>\n\t<meta name=\"twitter:data1\" content=\"5 minutes\" \/>\r\n<script type=\"application\/ld+json\" class=\"yoast-schema-graph\">{\"@context\":\"https:\/\/schema.org\",\"@graph\":[{\"@type\":\"WebPage\",\"@id\":\"https:\/\/www.grap.arc.ulaval.ca\/en\/diffusion\/maitrise-essai\/\",\"url\":\"https:\/\/www.grap.arc.ulaval.ca\/en\/diffusion\/maitrise-essai\/\",\"name\":\"Essais de ma\u00eetrise - Groupe de recherche en ambiances physiques | Universit\u00e9 Laval\",\"isPartOf\":{\"@id\":\"https:\/\/www.grap.arc.ulaval.ca\/#website\"},\"primaryImageOfPage\":{\"@id\":\"https:\/\/www.grap.arc.ulaval.ca\/en\/diffusion\/maitrise-essai\/#primaryimage\"},\"image\":{\"@id\":\"https:\/\/www.grap.arc.ulaval.ca\/en\/diffusion\/maitrise-essai\/#primaryimage\"},\"thumbnailUrl\":\"https:\/\/www.grap.arc.ulaval.ca\/wp-content\/uploads\/sites\/4\/2021\/02\/120px-VisualEditor_-_Icon_-_External-link.svg_.png\",\"datePublished\":\"2011-11-25T17:08:04+00:00\",\"breadcrumb\":{\"@id\":\"https:\/\/www.grap.arc.ulaval.ca\/en\/diffusion\/maitrise-essai\/#breadcrumb\"},\"inLanguage\":\"en-US\",\"potentialAction\":[{\"@type\":\"ReadAction\",\"target\":[\"https:\/\/www.grap.arc.ulaval.ca\/en\/diffusion\/maitrise-essai\/\"]}]},{\"@type\":\"ImageObject\",\"inLanguage\":\"en-US\",\"@id\":\"https:\/\/www.grap.arc.ulaval.ca\/en\/diffusion\/maitrise-essai\/#primaryimage\",\"url\":\"https:\/\/www.grap.arc.ulaval.ca\/wp-content\/uploads\/sites\/4\/2021\/02\/120px-VisualEditor_-_Icon_-_External-link.svg_.png\",\"contentUrl\":\"https:\/\/www.grap.arc.ulaval.ca\/wp-content\/uploads\/sites\/4\/2021\/02\/120px-VisualEditor_-_Icon_-_External-link.svg_.png\"},{\"@type\":\"BreadcrumbList\",\"@id\":\"https:\/\/www.grap.arc.ulaval.ca\/en\/diffusion\/maitrise-essai\/#breadcrumb\",\"itemListElement\":[{\"@type\":\"ListItem\",\"position\":1,\"name\":\"Accueil\",\"item\":\"https:\/\/www.grap.arc.ulaval.ca\/en\/\"},{\"@type\":\"ListItem\",\"position\":2,\"name\":\"Diffusion\",\"item\":\"https:\/\/www.grap.arc.ulaval.ca\/en\/diffusion\/\"},{\"@type\":\"ListItem\",\"position\":3,\"name\":\"Essais de ma\u00eetrise\"}]},{\"@type\":\"WebSite\",\"@id\":\"https:\/\/www.grap.arc.ulaval.ca\/#website\",\"url\":\"https:\/\/www.grap.arc.ulaval.ca\/\",\"name\":\"Groupe de recherche en ambiances physiques | Universit\u00e9 Laval\",\"description\":\"grap\",\"potentialAction\":[{\"@type\":\"SearchAction\",\"target\":{\"@type\":\"EntryPoint\",\"urlTemplate\":\"https:\/\/www.grap.arc.ulaval.ca\/?s={search_term_string}\"},\"query-input\":{\"@type\":\"PropertyValueSpecification\",\"valueRequired\":true,\"valueName\":\"search_term_string\"}}],\"inLanguage\":\"en-US\"}]}<\/script>\r\n<!-- \/ Yoast SEO plugin. -->","yoast_head_json":{"title":"Essais de ma\u00eetrise - Groupe de recherche en ambiances physiques | Universit\u00e9 Laval","robots":{"index":"index","follow":"follow","max-snippet":"max-snippet:-1","max-image-preview":"max-image-preview:large","max-video-preview":"max-video-preview:-1"},"canonical":"https:\/\/www.grap.arc.ulaval.ca\/en\/diffusion\/maitrise-essai\/","og_locale":"en_US","og_type":"article","og_title":"Essais de ma\u00eetrise - Groupe de recherche en ambiances physiques | Universit\u00e9 Laval","og_description":"Essais de ma\u00eetrise ROBITAILLE, Estelle. (2016) L\u2019eau, g\u00e9n\u00e9ratrice d\u2019architecture en harmonie avec le paysage : conception de pavillons r\u00e9cr\u00e9otouristiques \u00e0 la station Duchesnay.\u00a0Direction: C. Demers. LAVALL\u00c9E, Laurie. (2016).\u00a0Architecture minimale et adaptable : l\u2019entre-deux habit\u00e9 en milieu nordique.\u00a0Direction: C. Demers. GINGRAS, Sophie. (2016). Architecture musicale : l\u2019image sonore g\u00e9n\u00e9ratrice d\u2019un projet de centre culturel.Direction: C. Demers. [&hellip;]","og_url":"https:\/\/www.grap.arc.ulaval.ca\/en\/diffusion\/maitrise-essai\/","og_site_name":"Groupe de recherche en ambiances physiques | Universit\u00e9 Laval","og_image":[{"url":"https:\/\/www.grap.arc.ulaval.ca\/wp-content\/uploads\/sites\/4\/2021\/02\/120px-VisualEditor_-_Icon_-_External-link.svg_.png","type":"","width":"","height":""}],"twitter_card":"summary_large_image","twitter_misc":{"Est. reading time":"5 minutes"},"schema":{"@context":"https:\/\/schema.org","@graph":[{"@type":"WebPage","@id":"https:\/\/www.grap.arc.ulaval.ca\/en\/diffusion\/maitrise-essai\/","url":"https:\/\/www.grap.arc.ulaval.ca\/en\/diffusion\/maitrise-essai\/","name":"Essais de ma\u00eetrise - Groupe de recherche en ambiances physiques | Universit\u00e9 Laval","isPartOf":{"@id":"https:\/\/www.grap.arc.ulaval.ca\/#website"},"primaryImageOfPage":{"@id":"https:\/\/www.grap.arc.ulaval.ca\/en\/diffusion\/maitrise-essai\/#primaryimage"},"image":{"@id":"https:\/\/www.grap.arc.ulaval.ca\/en\/diffusion\/maitrise-essai\/#primaryimage"},"thumbnailUrl":"https:\/\/www.grap.arc.ulaval.ca\/wp-content\/uploads\/sites\/4\/2021\/02\/120px-VisualEditor_-_Icon_-_External-link.svg_.png","datePublished":"2011-11-25T17:08:04+00:00","breadcrumb":{"@id":"https:\/\/www.grap.arc.ulaval.ca\/en\/diffusion\/maitrise-essai\/#breadcrumb"},"inLanguage":"en-US","potentialAction":[{"@type":"ReadAction","target":["https:\/\/www.grap.arc.ulaval.ca\/en\/diffusion\/maitrise-essai\/"]}]},{"@type":"ImageObject","inLanguage":"en-US","@id":"https:\/\/www.grap.arc.ulaval.ca\/en\/diffusion\/maitrise-essai\/#primaryimage","url":"https:\/\/www.grap.arc.ulaval.ca\/wp-content\/uploads\/sites\/4\/2021\/02\/120px-VisualEditor_-_Icon_-_External-link.svg_.png","contentUrl":"https:\/\/www.grap.arc.ulaval.ca\/wp-content\/uploads\/sites\/4\/2021\/02\/120px-VisualEditor_-_Icon_-_External-link.svg_.png"},{"@type":"BreadcrumbList","@id":"https:\/\/www.grap.arc.ulaval.ca\/en\/diffusion\/maitrise-essai\/#breadcrumb","itemListElement":[{"@type":"ListItem","position":1,"name":"Accueil","item":"https:\/\/www.grap.arc.ulaval.ca\/en\/"},{"@type":"ListItem","position":2,"name":"Diffusion","item":"https:\/\/www.grap.arc.ulaval.ca\/en\/diffusion\/"},{"@type":"ListItem","position":3,"name":"Essais de ma\u00eetrise"}]},{"@type":"WebSite","@id":"https:\/\/www.grap.arc.ulaval.ca\/#website","url":"https:\/\/www.grap.arc.ulaval.ca\/","name":"Groupe de recherche en ambiances physiques | Universit\u00e9 Laval","description":"grap","potentialAction":[{"@type":"SearchAction","target":{"@type":"EntryPoint","urlTemplate":"https:\/\/www.grap.arc.ulaval.ca\/?s={search_term_string}"},"query-input":{"@type":"PropertyValueSpecification","valueRequired":true,"valueName":"search_term_string"}}],"inLanguage":"en-US"}]}},"_links":{"self":[{"href":"https:\/\/www.grap.arc.ulaval.ca\/en\/wp-json\/wp\/v2\/pages\/4671","targetHints":{"allow":["GET"]}}],"collection":[{"href":"https:\/\/www.grap.arc.ulaval.ca\/en\/wp-json\/wp\/v2\/pages"}],"about":[{"href":"https:\/\/www.grap.arc.ulaval.ca\/en\/wp-json\/wp\/v2\/types\/page"}],"author":[{"embeddable":true,"href":"https:\/\/www.grap.arc.ulaval.ca\/en\/wp-json\/wp\/v2\/users\/3"}],"replies":[{"embeddable":true,"href":"https:\/\/www.grap.arc.ulaval.ca\/en\/wp-json\/wp\/v2\/comments?post=4671"}],"version-history":[{"count":0,"href":"https:\/\/www.grap.arc.ulaval.ca\/en\/wp-json\/wp\/v2\/pages\/4671\/revisions"}],"up":[{"embeddable":true,"href":"https:\/\/www.grap.arc.ulaval.ca\/en\/wp-json\/wp\/v2\/pages\/4636"}],"wp:attachment":[{"href":"https:\/\/www.grap.arc.ulaval.ca\/en\/wp-json\/wp\/v2\/media?parent=4671"}],"curies":[{"name":"wp","href":"https:\/\/api.w.org\/{rel}","templated":true}]}}