{"id":4669,"date":"2011-11-25T12:09:53","date_gmt":"2011-11-25T17:09:53","guid":{"rendered":"https:\/\/www.grap.arc.ulaval.ca\/diffusion\/theses-doctorat\/"},"modified":"2011-11-25T12:09:53","modified_gmt":"2011-11-25T17:09:53","slug":"theses-doctorat","status":"publish","type":"page","link":"https:\/\/www.grap.arc.ulaval.ca\/en\/diffusion\/theses-doctorat\/","title":{"rendered":"Th\u00e8ses de doctorat"},"content":{"rendered":"<h1>Th\u00e8ses de doctorat<\/h1>\n<p>WATCHMAN, M\u00e9lanie (en cours) SCHOLA.CA\u00a0Direction C Demers,\u00a0co-direction A Potvin.<\/p>\n<p>PARSAEE, Mojtaba (en cours) SENTINELLE NORD\u00a0Direction C Demers,\u00a0co-direction A Potvin.<\/p>\n<p>RADOSAVLJEVIC, Slobodan (en cours). Direction M Jean, co-direction C Demers.<\/p>\n<p>LEFAIVRE, Jon (en cours) CIRCERB.\u00a0Direction A Potvin, co-direction C Demers.<\/p>\n<p>CHAREST, Philippe (en cours). CIRCERB\u00a0Direction A Potvin, co-direction C Demers.<\/p>\n<p>MIGNERON, Jean-Philippe (en cours)\u00a0Direction A Potvin<\/p>\n<p>DUBOIS, Catherine (2015)\u00a0Adapter les quartiers et les b\u00e2timents au r\u00e9chauffement climatique; une feuille de route pour accompagner les architectes et les designers urbains qu\u00e9b\u00e9cois.\u00a0<label>Direction<\/label>: A. Potvin<label>\u00a0Co-direction: L. Adolfe.\u00a0<a href=\"http:\/\/theses.ulaval.ca\/archimede\/meta\/31162\" target=\"_blank\" rel=\"noopener\"><img loading=\"lazy\" decoding=\"async\" class=\" wp-image-2899 alignnone\" src=\"https:\/\/www.grap.arc.ulaval.ca\/wp-content\/uploads\/sites\/4\/2021\/02\/120px-VisualEditor_-_Icon_-_External-link.svg_.png\" alt=\"120px-VisualEditor_-_Icon_-_External-link.svg\" width=\"15\" height=\"15\" \/><\/a><a id=\"id2810\" href=\"https:\/\/www.grap.arc.ulaval.ca\/a-propos\/andre-potvin.html\"><label><br \/>\n<\/label><\/a><\/label><\/p>\n<p>BOURGEOIS, Denis J.(2014) Detailed occupancy prediction, occupancy-sensing control and advanced behavioural modelling within whole-building energy simulation.\u00a0<label>Direction<\/label>: A. Potvin.<label><a href=\"http:\/\/theses.ulaval.ca\/archimede\/meta\/22706\" target=\"_blank\" rel=\"noopener\"><img loading=\"lazy\" decoding=\"async\" class=\" wp-image-2899 alignnone\" src=\"https:\/\/www.grap.arc.ulaval.ca\/wp-content\/uploads\/sites\/4\/2021\/02\/120px-VisualEditor_-_Icon_-_External-link.svg_.png\" alt=\"120px-VisualEditor_-_Icon_-_External-link.svg\" width=\"15\" height=\"15\" \/><\/a><a href=\"https:\/\/www.grap.arc.ulaval.ca\/a-propos\/andre-potvin.html\"><br \/>\n<\/a><\/label><\/p>\n<p>&nbsp;<\/p>\n","protected":false},"excerpt":{"rendered":"<p>Th\u00e8ses de doctorat WATCHMAN, M\u00e9lanie (en cours) SCHOLA.CA\u00a0Direction C Demers,\u00a0co-direction A Potvin. PARSAEE, Mojtaba (en cours) SENTINELLE NORD\u00a0Direction C Demers,\u00a0co-direction A Potvin. RADOSAVLJEVIC, Slobodan (en cours). Direction M Jean, co-direction C Demers. LEFAIVRE, Jon (en cours) CIRCERB.\u00a0Direction A Potvin, co-direction C Demers. CHAREST, Philippe (en cours). CIRCERB\u00a0Direction A Potvin, co-direction C Demers. MIGNERON, Jean-Philippe (en [&hellip;]<\/p>\n","protected":false},"author":3,"featured_media":0,"parent":4636,"menu_order":14,"comment_status":"closed","ping_status":"closed","template":"site-commun.php","meta":{"_acf_changed":false,"footnotes":""},"class_list":["post-4669","page","type-page","status-publish","hentry"],"acf":[],"yoast_head":"<!-- This site is optimized with the Yoast SEO plugin v26.9 - https:\/\/yoast.com\/product\/yoast-seo-wordpress\/ -->\r\n<title>Th\u00e8ses de doctorat - Groupe de recherche en ambiances physiques | Universit\u00e9 Laval<\/title>\r\n<meta name=\"robots\" content=\"index, follow, max-snippet:-1, max-image-preview:large, max-video-preview:-1\" \/>\r\n<link rel=\"canonical\" href=\"https:\/\/www.grap.arc.ulaval.ca\/en\/diffusion\/theses-doctorat\/\" \/>\r\n<meta property=\"og:locale\" content=\"en_US\" \/>\r\n<meta property=\"og:type\" content=\"article\" \/>\r\n<meta property=\"og:title\" content=\"Th\u00e8ses de doctorat - Groupe de recherche en ambiances physiques | Universit\u00e9 Laval\" \/>\r\n<meta property=\"og:description\" content=\"Th\u00e8ses de doctorat WATCHMAN, M\u00e9lanie (en cours) SCHOLA.CA\u00a0Direction C Demers,\u00a0co-direction A Potvin. PARSAEE, Mojtaba (en cours) SENTINELLE NORD\u00a0Direction C Demers,\u00a0co-direction A Potvin. RADOSAVLJEVIC, Slobodan (en cours). Direction M Jean, co-direction C Demers. LEFAIVRE, Jon (en cours) CIRCERB.\u00a0Direction A Potvin, co-direction C Demers. CHAREST, Philippe (en cours). CIRCERB\u00a0Direction A Potvin, co-direction C Demers. MIGNERON, Jean-Philippe (en [&hellip;]\" \/>\r\n<meta property=\"og:url\" content=\"https:\/\/www.grap.arc.ulaval.ca\/en\/diffusion\/theses-doctorat\/\" \/>\r\n<meta property=\"og:site_name\" content=\"Groupe de recherche en ambiances physiques | Universit\u00e9 Laval\" \/>\r\n<meta property=\"og:image\" content=\"https:\/\/www.grap.arc.ulaval.ca\/wp-content\/uploads\/sites\/4\/2021\/02\/120px-VisualEditor_-_Icon_-_External-link.svg_.png\" \/>\r\n<meta name=\"twitter:card\" content=\"summary_large_image\" \/>\r\n<meta name=\"twitter:label1\" content=\"Est. reading time\" \/>\n\t<meta name=\"twitter:data1\" content=\"1 minute\" \/>\r\n<script type=\"application\/ld+json\" class=\"yoast-schema-graph\">{\"@context\":\"https:\/\/schema.org\",\"@graph\":[{\"@type\":\"WebPage\",\"@id\":\"https:\/\/www.grap.arc.ulaval.ca\/en\/diffusion\/theses-doctorat\/\",\"url\":\"https:\/\/www.grap.arc.ulaval.ca\/en\/diffusion\/theses-doctorat\/\",\"name\":\"Th\u00e8ses de doctorat - Groupe de recherche en ambiances physiques | Universit\u00e9 Laval\",\"isPartOf\":{\"@id\":\"https:\/\/www.grap.arc.ulaval.ca\/#website\"},\"primaryImageOfPage\":{\"@id\":\"https:\/\/www.grap.arc.ulaval.ca\/en\/diffusion\/theses-doctorat\/#primaryimage\"},\"image\":{\"@id\":\"https:\/\/www.grap.arc.ulaval.ca\/en\/diffusion\/theses-doctorat\/#primaryimage\"},\"thumbnailUrl\":\"https:\/\/www.grap.arc.ulaval.ca\/wp-content\/uploads\/sites\/4\/2021\/02\/120px-VisualEditor_-_Icon_-_External-link.svg_.png\",\"datePublished\":\"2011-11-25T17:09:53+00:00\",\"breadcrumb\":{\"@id\":\"https:\/\/www.grap.arc.ulaval.ca\/en\/diffusion\/theses-doctorat\/#breadcrumb\"},\"inLanguage\":\"en-US\",\"potentialAction\":[{\"@type\":\"ReadAction\",\"target\":[\"https:\/\/www.grap.arc.ulaval.ca\/en\/diffusion\/theses-doctorat\/\"]}]},{\"@type\":\"ImageObject\",\"inLanguage\":\"en-US\",\"@id\":\"https:\/\/www.grap.arc.ulaval.ca\/en\/diffusion\/theses-doctorat\/#primaryimage\",\"url\":\"https:\/\/www.grap.arc.ulaval.ca\/wp-content\/uploads\/sites\/4\/2021\/02\/120px-VisualEditor_-_Icon_-_External-link.svg_.png\",\"contentUrl\":\"https:\/\/www.grap.arc.ulaval.ca\/wp-content\/uploads\/sites\/4\/2021\/02\/120px-VisualEditor_-_Icon_-_External-link.svg_.png\"},{\"@type\":\"BreadcrumbList\",\"@id\":\"https:\/\/www.grap.arc.ulaval.ca\/en\/diffusion\/theses-doctorat\/#breadcrumb\",\"itemListElement\":[{\"@type\":\"ListItem\",\"position\":1,\"name\":\"Accueil\",\"item\":\"https:\/\/www.grap.arc.ulaval.ca\/en\/\"},{\"@type\":\"ListItem\",\"position\":2,\"name\":\"Diffusion\",\"item\":\"https:\/\/www.grap.arc.ulaval.ca\/en\/diffusion\/\"},{\"@type\":\"ListItem\",\"position\":3,\"name\":\"Th\u00e8ses de doctorat\"}]},{\"@type\":\"WebSite\",\"@id\":\"https:\/\/www.grap.arc.ulaval.ca\/#website\",\"url\":\"https:\/\/www.grap.arc.ulaval.ca\/\",\"name\":\"Groupe de recherche en ambiances physiques | Universit\u00e9 Laval\",\"description\":\"grap\",\"potentialAction\":[{\"@type\":\"SearchAction\",\"target\":{\"@type\":\"EntryPoint\",\"urlTemplate\":\"https:\/\/www.grap.arc.ulaval.ca\/?s={search_term_string}\"},\"query-input\":{\"@type\":\"PropertyValueSpecification\",\"valueRequired\":true,\"valueName\":\"search_term_string\"}}],\"inLanguage\":\"en-US\"}]}<\/script>\r\n<!-- \/ Yoast SEO plugin. -->","yoast_head_json":{"title":"Th\u00e8ses de doctorat - Groupe de recherche en ambiances physiques | Universit\u00e9 Laval","robots":{"index":"index","follow":"follow","max-snippet":"max-snippet:-1","max-image-preview":"max-image-preview:large","max-video-preview":"max-video-preview:-1"},"canonical":"https:\/\/www.grap.arc.ulaval.ca\/en\/diffusion\/theses-doctorat\/","og_locale":"en_US","og_type":"article","og_title":"Th\u00e8ses de doctorat - Groupe de recherche en ambiances physiques | Universit\u00e9 Laval","og_description":"Th\u00e8ses de doctorat WATCHMAN, M\u00e9lanie (en cours) SCHOLA.CA\u00a0Direction C Demers,\u00a0co-direction A Potvin. PARSAEE, Mojtaba (en cours) SENTINELLE NORD\u00a0Direction C Demers,\u00a0co-direction A Potvin. RADOSAVLJEVIC, Slobodan (en cours). Direction M Jean, co-direction C Demers. LEFAIVRE, Jon (en cours) CIRCERB.\u00a0Direction A Potvin, co-direction C Demers. CHAREST, Philippe (en cours). CIRCERB\u00a0Direction A Potvin, co-direction C Demers. MIGNERON, Jean-Philippe (en [&hellip;]","og_url":"https:\/\/www.grap.arc.ulaval.ca\/en\/diffusion\/theses-doctorat\/","og_site_name":"Groupe de recherche en ambiances physiques | Universit\u00e9 Laval","og_image":[{"url":"https:\/\/www.grap.arc.ulaval.ca\/wp-content\/uploads\/sites\/4\/2021\/02\/120px-VisualEditor_-_Icon_-_External-link.svg_.png","type":"","width":"","height":""}],"twitter_card":"summary_large_image","twitter_misc":{"Est. reading time":"1 minute"},"schema":{"@context":"https:\/\/schema.org","@graph":[{"@type":"WebPage","@id":"https:\/\/www.grap.arc.ulaval.ca\/en\/diffusion\/theses-doctorat\/","url":"https:\/\/www.grap.arc.ulaval.ca\/en\/diffusion\/theses-doctorat\/","name":"Th\u00e8ses de doctorat - Groupe de recherche en ambiances physiques | Universit\u00e9 Laval","isPartOf":{"@id":"https:\/\/www.grap.arc.ulaval.ca\/#website"},"primaryImageOfPage":{"@id":"https:\/\/www.grap.arc.ulaval.ca\/en\/diffusion\/theses-doctorat\/#primaryimage"},"image":{"@id":"https:\/\/www.grap.arc.ulaval.ca\/en\/diffusion\/theses-doctorat\/#primaryimage"},"thumbnailUrl":"https:\/\/www.grap.arc.ulaval.ca\/wp-content\/uploads\/sites\/4\/2021\/02\/120px-VisualEditor_-_Icon_-_External-link.svg_.png","datePublished":"2011-11-25T17:09:53+00:00","breadcrumb":{"@id":"https:\/\/www.grap.arc.ulaval.ca\/en\/diffusion\/theses-doctorat\/#breadcrumb"},"inLanguage":"en-US","potentialAction":[{"@type":"ReadAction","target":["https:\/\/www.grap.arc.ulaval.ca\/en\/diffusion\/theses-doctorat\/"]}]},{"@type":"ImageObject","inLanguage":"en-US","@id":"https:\/\/www.grap.arc.ulaval.ca\/en\/diffusion\/theses-doctorat\/#primaryimage","url":"https:\/\/www.grap.arc.ulaval.ca\/wp-content\/uploads\/sites\/4\/2021\/02\/120px-VisualEditor_-_Icon_-_External-link.svg_.png","contentUrl":"https:\/\/www.grap.arc.ulaval.ca\/wp-content\/uploads\/sites\/4\/2021\/02\/120px-VisualEditor_-_Icon_-_External-link.svg_.png"},{"@type":"BreadcrumbList","@id":"https:\/\/www.grap.arc.ulaval.ca\/en\/diffusion\/theses-doctorat\/#breadcrumb","itemListElement":[{"@type":"ListItem","position":1,"name":"Accueil","item":"https:\/\/www.grap.arc.ulaval.ca\/en\/"},{"@type":"ListItem","position":2,"name":"Diffusion","item":"https:\/\/www.grap.arc.ulaval.ca\/en\/diffusion\/"},{"@type":"ListItem","position":3,"name":"Th\u00e8ses de doctorat"}]},{"@type":"WebSite","@id":"https:\/\/www.grap.arc.ulaval.ca\/#website","url":"https:\/\/www.grap.arc.ulaval.ca\/","name":"Groupe de recherche en ambiances physiques | Universit\u00e9 Laval","description":"grap","potentialAction":[{"@type":"SearchAction","target":{"@type":"EntryPoint","urlTemplate":"https:\/\/www.grap.arc.ulaval.ca\/?s={search_term_string}"},"query-input":{"@type":"PropertyValueSpecification","valueRequired":true,"valueName":"search_term_string"}}],"inLanguage":"en-US"}]}},"_links":{"self":[{"href":"https:\/\/www.grap.arc.ulaval.ca\/en\/wp-json\/wp\/v2\/pages\/4669","targetHints":{"allow":["GET"]}}],"collection":[{"href":"https:\/\/www.grap.arc.ulaval.ca\/en\/wp-json\/wp\/v2\/pages"}],"about":[{"href":"https:\/\/www.grap.arc.ulaval.ca\/en\/wp-json\/wp\/v2\/types\/page"}],"author":[{"embeddable":true,"href":"https:\/\/www.grap.arc.ulaval.ca\/en\/wp-json\/wp\/v2\/users\/3"}],"replies":[{"embeddable":true,"href":"https:\/\/www.grap.arc.ulaval.ca\/en\/wp-json\/wp\/v2\/comments?post=4669"}],"version-history":[{"count":0,"href":"https:\/\/www.grap.arc.ulaval.ca\/en\/wp-json\/wp\/v2\/pages\/4669\/revisions"}],"up":[{"embeddable":true,"href":"https:\/\/www.grap.arc.ulaval.ca\/en\/wp-json\/wp\/v2\/pages\/4636"}],"wp:attachment":[{"href":"https:\/\/www.grap.arc.ulaval.ca\/en\/wp-json\/wp\/v2\/media?parent=4669"}],"curies":[{"name":"wp","href":"https:\/\/api.w.org\/{rel}","templated":true}]}}