{"id":4662,"date":"2015-07-02T09:23:54","date_gmt":"2015-07-02T14:23:54","guid":{"rendered":"https:\/\/www.grap.arc.ulaval.ca\/diffusion\/rapports-de-recherche\/"},"modified":"2021-02-19T09:37:04","modified_gmt":"2021-02-19T14:37:04","slug":"search-report","status":"publish","type":"page","link":"https:\/\/www.grap.arc.ulaval.ca\/en\/diffusion\/search-report\/","title":{"rendered":"Rapports de recherche"},"content":{"rendered":"<h1>Rapports de recherche<\/h1>\n<p>Potvin, C. et al. 2015 <em>Agir sur les changements climatiques\u00a0: solutions des chercheurs canadiens\/Acting on Climate Change\u00a0: Solutions form Canadian Scholars<\/em><em>, <\/em>Sustainable Dialogue Canada, 24 mars 2015.<\/p>\n<p>Demers, C. (2015) Diagnostic sur l\u2019\u00e9clairage du secteur \u00ab Carr\u00e9 Bleu \u00bb. \u00c9clairage urbain, Grand Axe D: \u00e9tudes quantitatives et qualitatives des axes pi\u00e9tonniers. Rapport de recherche pour le Comit\u00e9 d&#8217;am\u00e9nagement et de mise en oeuvre (CAMEO). Universit\u00e9 Laval. Mars 2015.<\/p>\n<p>Demers C. (2013) Pavillon horticole \u00e9coresponsable de l\u2019Institut de technologie agricole (ITA), St-Hyacinthe. (2013). Minist\u00e8re de l\u2019Agriculture, des p\u00eacheries et de l\u2019alimentation. Building design. IDP process. \u00a0GRAP. Design complet. Strategies bioclimatiques, \u00e9nerg\u00e9tiques, d\u2019\u00e9clairage naturel et d\u2019int\u00e9gration des v\u00e9g\u00e9taux. Simulations environnementales. Optimisation de la performance des usagers.<a href=\"http:\/\/www.voirvert.ca\/projets\/projet-etude\/le-pavillon-horticole-ecoresponsable-ita\">http:\/\/www.voirvert.ca\/projets\/projet-etude\/le-<\/a><\/p>\n<p>Potvin, A., Demers, C. (2011) Grandes orientations d\u2019am\u00e9nagement de la Colline Parlementaire de Qu\u00e9bec -Analyses microclimatiques. Rapport de recherche pour la Commission de la capitale nationale du Qu\u00e9bec (CCNQ), 21 d\u00e9cembre 2011.<\/p>\n<p>Potvin, A., Demers, C. (2010) Analyses microclimatiques du confort solaire et \u00e9olien du plateau Sainte-Foy-Boulevard Laurier. Rapport final de recherch\u00e9 pour la Ville de Qu\u00e9bec. Groupe de recherche en ambiances physiques (GRAP). Universit\u00e9 Laval,\u00a0 23 juin 2010.<\/p>\n<p>Demers, C., Potvin, A. (2010) \u00c9clairage naturel du nouveau Pavillon horticole \u00e9coresponsable de l\u2019Institut de technologie agroalimentaire, Campus Saint-Hyacinthe. Rapport de recherche pour le Minist\u00e8re de l\u2019Agriculture, P\u00eacheries et Alimentation du Qu\u00e9bec (M.A.P.A.Q.). Groupe de recherche en ambiances physiques (GRAP). Universit\u00e9 Laval, 21 juin 2010.<\/p>\n<p>Demers, C. , Potvin, A. (2008) Analyse lumineuse et \u00e9nerg\u00e9tique du nouveau Centre de diagnostic v\u00e9t\u00e9rinaire et d\u2019\u00e9pid\u00e9miosurveillance animale du Qu\u00e9bec (CDVE) \u00e0 St-Hyacinthe. Rapport de recherche pour le Minist\u00e8re de l\u2019Agriculture, P\u00eacheries et Alimentation du Qu\u00e9bec (M.A.P.A.Q.). Groupe de recherche en ambiances physiques (GRAP). Universit\u00e9 Laval, 22 d\u00e9cembre 2008.<\/p>\n","protected":false},"excerpt":{"rendered":"<p>Rapports de recherche Potvin, C. et al. 2015 Agir sur les changements climatiques\u00a0: solutions des chercheurs canadiens\/Acting on Climate Change\u00a0: Solutions form Canadian Scholars, Sustainable Dialogue Canada, 24 mars 2015. Demers, C. (2015) Diagnostic sur l\u2019\u00e9clairage du secteur \u00ab Carr\u00e9 Bleu \u00bb. \u00c9clairage urbain, Grand Axe D: \u00e9tudes quantitatives et qualitatives des axes pi\u00e9tonniers. Rapport [&hellip;]<\/p>\n","protected":false},"author":3,"featured_media":0,"parent":4636,"menu_order":0,"comment_status":"closed","ping_status":"closed","template":"site-commun.php","meta":{"_acf_changed":false,"footnotes":""},"class_list":["post-4662","page","type-page","status-publish","hentry"],"acf":[],"yoast_head":"<!-- This site is optimized with the Yoast SEO plugin v26.9 - https:\/\/yoast.com\/product\/yoast-seo-wordpress\/ -->\r\n<title>Rapports de recherche - Groupe de recherche en ambiances physiques | Universit\u00e9 Laval<\/title>\r\n<meta name=\"robots\" content=\"index, follow, max-snippet:-1, max-image-preview:large, max-video-preview:-1\" \/>\r\n<link rel=\"canonical\" href=\"https:\/\/www.grap.arc.ulaval.ca\/en\/diffusion\/search-report\/\" \/>\r\n<meta property=\"og:locale\" content=\"en_US\" \/>\r\n<meta property=\"og:type\" content=\"article\" \/>\r\n<meta property=\"og:title\" content=\"Rapports de recherche - Groupe de recherche en ambiances physiques | Universit\u00e9 Laval\" \/>\r\n<meta property=\"og:description\" content=\"Rapports de recherche Potvin, C. et al. 2015 Agir sur les changements climatiques\u00a0: solutions des chercheurs canadiens\/Acting on Climate Change\u00a0: Solutions form Canadian Scholars, Sustainable Dialogue Canada, 24 mars 2015. Demers, C. (2015) Diagnostic sur l\u2019\u00e9clairage du secteur \u00ab Carr\u00e9 Bleu \u00bb. \u00c9clairage urbain, Grand Axe D: \u00e9tudes quantitatives et qualitatives des axes pi\u00e9tonniers. Rapport [&hellip;]\" \/>\r\n<meta property=\"og:url\" content=\"https:\/\/www.grap.arc.ulaval.ca\/en\/diffusion\/search-report\/\" \/>\r\n<meta property=\"og:site_name\" content=\"Groupe de recherche en ambiances physiques | Universit\u00e9 Laval\" \/>\r\n<meta property=\"article:modified_time\" content=\"2021-02-19T14:37:04+00:00\" \/>\r\n<meta name=\"twitter:card\" content=\"summary_large_image\" \/>\r\n<meta name=\"twitter:label1\" content=\"Est. reading time\" \/>\n\t<meta name=\"twitter:data1\" content=\"2 minutes\" \/>\r\n<script type=\"application\/ld+json\" class=\"yoast-schema-graph\">{\"@context\":\"https:\/\/schema.org\",\"@graph\":[{\"@type\":\"WebPage\",\"@id\":\"https:\/\/www.grap.arc.ulaval.ca\/en\/diffusion\/search-report\/\",\"url\":\"https:\/\/www.grap.arc.ulaval.ca\/en\/diffusion\/search-report\/\",\"name\":\"Rapports de recherche - Groupe de recherche en ambiances physiques | Universit\u00e9 Laval\",\"isPartOf\":{\"@id\":\"https:\/\/www.grap.arc.ulaval.ca\/#website\"},\"datePublished\":\"2015-07-02T14:23:54+00:00\",\"dateModified\":\"2021-02-19T14:37:04+00:00\",\"breadcrumb\":{\"@id\":\"https:\/\/www.grap.arc.ulaval.ca\/en\/diffusion\/search-report\/#breadcrumb\"},\"inLanguage\":\"en-US\",\"potentialAction\":[{\"@type\":\"ReadAction\",\"target\":[\"https:\/\/www.grap.arc.ulaval.ca\/en\/diffusion\/search-report\/\"]}]},{\"@type\":\"BreadcrumbList\",\"@id\":\"https:\/\/www.grap.arc.ulaval.ca\/en\/diffusion\/search-report\/#breadcrumb\",\"itemListElement\":[{\"@type\":\"ListItem\",\"position\":1,\"name\":\"Accueil\",\"item\":\"https:\/\/www.grap.arc.ulaval.ca\/en\/\"},{\"@type\":\"ListItem\",\"position\":2,\"name\":\"Diffusion\",\"item\":\"https:\/\/www.grap.arc.ulaval.ca\/en\/diffusion\/\"},{\"@type\":\"ListItem\",\"position\":3,\"name\":\"Rapports de recherche\"}]},{\"@type\":\"WebSite\",\"@id\":\"https:\/\/www.grap.arc.ulaval.ca\/#website\",\"url\":\"https:\/\/www.grap.arc.ulaval.ca\/\",\"name\":\"Groupe de recherche en ambiances physiques | Universit\u00e9 Laval\",\"description\":\"grap\",\"potentialAction\":[{\"@type\":\"SearchAction\",\"target\":{\"@type\":\"EntryPoint\",\"urlTemplate\":\"https:\/\/www.grap.arc.ulaval.ca\/?s={search_term_string}\"},\"query-input\":{\"@type\":\"PropertyValueSpecification\",\"valueRequired\":true,\"valueName\":\"search_term_string\"}}],\"inLanguage\":\"en-US\"}]}<\/script>\r\n<!-- \/ Yoast SEO plugin. -->","yoast_head_json":{"title":"Rapports de recherche - Groupe de recherche en ambiances physiques | Universit\u00e9 Laval","robots":{"index":"index","follow":"follow","max-snippet":"max-snippet:-1","max-image-preview":"max-image-preview:large","max-video-preview":"max-video-preview:-1"},"canonical":"https:\/\/www.grap.arc.ulaval.ca\/en\/diffusion\/search-report\/","og_locale":"en_US","og_type":"article","og_title":"Rapports de recherche - Groupe de recherche en ambiances physiques | Universit\u00e9 Laval","og_description":"Rapports de recherche Potvin, C. et al. 2015 Agir sur les changements climatiques\u00a0: solutions des chercheurs canadiens\/Acting on Climate Change\u00a0: Solutions form Canadian Scholars, Sustainable Dialogue Canada, 24 mars 2015. Demers, C. (2015) Diagnostic sur l\u2019\u00e9clairage du secteur \u00ab Carr\u00e9 Bleu \u00bb. \u00c9clairage urbain, Grand Axe D: \u00e9tudes quantitatives et qualitatives des axes pi\u00e9tonniers. Rapport [&hellip;]","og_url":"https:\/\/www.grap.arc.ulaval.ca\/en\/diffusion\/search-report\/","og_site_name":"Groupe de recherche en ambiances physiques | Universit\u00e9 Laval","article_modified_time":"2021-02-19T14:37:04+00:00","twitter_card":"summary_large_image","twitter_misc":{"Est. reading time":"2 minutes"},"schema":{"@context":"https:\/\/schema.org","@graph":[{"@type":"WebPage","@id":"https:\/\/www.grap.arc.ulaval.ca\/en\/diffusion\/search-report\/","url":"https:\/\/www.grap.arc.ulaval.ca\/en\/diffusion\/search-report\/","name":"Rapports de recherche - Groupe de recherche en ambiances physiques | Universit\u00e9 Laval","isPartOf":{"@id":"https:\/\/www.grap.arc.ulaval.ca\/#website"},"datePublished":"2015-07-02T14:23:54+00:00","dateModified":"2021-02-19T14:37:04+00:00","breadcrumb":{"@id":"https:\/\/www.grap.arc.ulaval.ca\/en\/diffusion\/search-report\/#breadcrumb"},"inLanguage":"en-US","potentialAction":[{"@type":"ReadAction","target":["https:\/\/www.grap.arc.ulaval.ca\/en\/diffusion\/search-report\/"]}]},{"@type":"BreadcrumbList","@id":"https:\/\/www.grap.arc.ulaval.ca\/en\/diffusion\/search-report\/#breadcrumb","itemListElement":[{"@type":"ListItem","position":1,"name":"Accueil","item":"https:\/\/www.grap.arc.ulaval.ca\/en\/"},{"@type":"ListItem","position":2,"name":"Diffusion","item":"https:\/\/www.grap.arc.ulaval.ca\/en\/diffusion\/"},{"@type":"ListItem","position":3,"name":"Rapports de recherche"}]},{"@type":"WebSite","@id":"https:\/\/www.grap.arc.ulaval.ca\/#website","url":"https:\/\/www.grap.arc.ulaval.ca\/","name":"Groupe de recherche en ambiances physiques | Universit\u00e9 Laval","description":"grap","potentialAction":[{"@type":"SearchAction","target":{"@type":"EntryPoint","urlTemplate":"https:\/\/www.grap.arc.ulaval.ca\/?s={search_term_string}"},"query-input":{"@type":"PropertyValueSpecification","valueRequired":true,"valueName":"search_term_string"}}],"inLanguage":"en-US"}]}},"_links":{"self":[{"href":"https:\/\/www.grap.arc.ulaval.ca\/en\/wp-json\/wp\/v2\/pages\/4662","targetHints":{"allow":["GET"]}}],"collection":[{"href":"https:\/\/www.grap.arc.ulaval.ca\/en\/wp-json\/wp\/v2\/pages"}],"about":[{"href":"https:\/\/www.grap.arc.ulaval.ca\/en\/wp-json\/wp\/v2\/types\/page"}],"author":[{"embeddable":true,"href":"https:\/\/www.grap.arc.ulaval.ca\/en\/wp-json\/wp\/v2\/users\/3"}],"replies":[{"embeddable":true,"href":"https:\/\/www.grap.arc.ulaval.ca\/en\/wp-json\/wp\/v2\/comments?post=4662"}],"version-history":[{"count":2,"href":"https:\/\/www.grap.arc.ulaval.ca\/en\/wp-json\/wp\/v2\/pages\/4662\/revisions"}],"predecessor-version":[{"id":4664,"href":"https:\/\/www.grap.arc.ulaval.ca\/en\/wp-json\/wp\/v2\/pages\/4662\/revisions\/4664"}],"up":[{"embeddable":true,"href":"https:\/\/www.grap.arc.ulaval.ca\/en\/wp-json\/wp\/v2\/pages\/4636"}],"wp:attachment":[{"href":"https:\/\/www.grap.arc.ulaval.ca\/en\/wp-json\/wp\/v2\/media?parent=4662"}],"curies":[{"name":"wp","href":"https:\/\/api.w.org\/{rel}","templated":true}]}}