{"id":4659,"date":"2015-07-02T10:33:07","date_gmt":"2015-07-02T15:33:07","guid":{"rendered":"https:\/\/www.grap.arc.ulaval.ca\/diffusion\/professionnelle\/"},"modified":"2021-02-22T14:58:56","modified_gmt":"2021-02-22T19:58:56","slug":"professionnelle","status":"publish","type":"page","link":"https:\/\/www.grap.arc.ulaval.ca\/en\/diffusion\/professionnelle\/","title":{"rendered":"Professionnelle"},"content":{"rendered":"<h1>Professionnelle<\/h1>\n<p><img loading=\"lazy\" decoding=\"async\" class=\"alignnone wp-image-4314 size-full\" src=\"https:\/\/www.grap.arc.ulaval.ca\/wp-content\/uploads\/sites\/4\/2021\/02\/personnelle-california-demers.jpg\" alt=\"personnelle-california-demers\" width=\"650\" height=\"218\" srcset=\"https:\/\/www.grap.arc.ulaval.ca\/wp-content\/uploads\/sites\/4\/2021\/02\/personnelle-california-demers.jpg 650w, https:\/\/www.grap.arc.ulaval.ca\/wp-content\/uploads\/sites\/4\/2021\/02\/personnelle-california-demers-300x101.jpg 300w\" sizes=\"auto, (max-width: 650px) 100vw, 650px\" \/><\/p>\n<p>DEMERS, C., POTVIN, A. (2012) Environmental Adaptability: Physical Ambiences in Sustainable Architecture, HMC architects\/ArchLAB Lectures, 5 mars 2012. WEB diffusion of the seminar.<\/p>\n<p>TARDIF, M. CELIS MERCIER, S.,&nbsp; Potvin. A. (2010) <em>La ventilation naturelle dans les \u00e9coles primaires<\/em> Formation continue Association des cadres scolaires du Qu\u00e9bec (ACSQ), octobre 22, Qu\u00e9bec, Canada.<\/p>\n<p>TARDIF, M., Celis Mercier, S.,&nbsp; Potvin. A. (2010) <em>Qualit\u00e9 de l\u2019air int\u00e9rieur dans les \u00e9coles primaires<\/em> Formation continue CSST (Commission de la Sant\u00e9 et de la S\u00e9curit\u00e9 du Travail du Qu\u00e9bec), mai 17, Gatineau, Canada.<\/p>\n<p>DEMERS, C MH (2004) \u00ab \u00c9clairage naturel en architecture : strat\u00e9gies et outils d&#8217;aide au design durable \u00bb, cours de formation continue de l&#8217;Ordre des Architectes du Qu\u00e9bec (OAQ), Montr\u00e9al, 29 octobre. \/ &#8220;Daylight in architecture: strategies and tools for sustainable design&#8221;, professional training session, Order of Architects of Quebec (OAQ), Montreal, Canada, 29 October 2004.<\/p>\n<p>POTVIN, A. (2004) &#8220;La ventilation naturelle en architecture&#8221;, cours de formation continue de l&#8217;Ordre des Architectes du Qu\u00e9bec (OAQ), Montr\u00e9al, 29 octobre. \/ &#8220;Daylight in architecture: strategies and tools for sustainable design&#8221;, professional training session, Order of Architects of Quebec (OAQ), Montreal, Canada, 29 October 2004.<\/p>\n<p>DEMERS, C MH (2003) \u00ab L&#8217;\u00e9clairage naturel : strat\u00e9gies et outils d&#8217;aide \u00e0 la conception \u00bb, Forum des architectes, Ordres des architectes. S\u00e9minaire \u00e0 l&#8217;intention de professionnels, 13 juin, Qu\u00e9bec.<\/p>\n<p>POTVIN, A. (2003) \u00ab La ventilation naturelle en architecture \u00bb, Forum des architectes, Ordres des architectes. S\u00e9minaire \u00e0 l&#8217;intention de professionnels, 13 juin, Qu\u00e9bec.<\/p>\n<p>POTVIN, A. (2000) B\u00e2timents HQE et haute technologie, Conf\u00e9rence DCC (Devis Construction Canada), Montr\u00e9al, 26 mai 2000.<\/p>\n<p>POTVIN, A. (1999) Efficacit\u00e9 \u00e9nerg\u00e9tique et comportement des usagers en milieu nordique, pr\u00e9sent\u00e9e au Congr\u00e8s de l&#8217;AGPI (Association des gestionnaires de parcs immobiliers), Montr\u00e9al. Avril 1999.<\/p>\n","protected":false},"excerpt":{"rendered":"<p>Professionnelle DEMERS, C., POTVIN, A. (2012) Environmental Adaptability: Physical Ambiences in Sustainable Architecture, HMC architects\/ArchLAB Lectures, 5 mars 2012. WEB diffusion of the seminar. TARDIF, M. CELIS MERCIER, S.,&nbsp; Potvin. A. (2010) La ventilation naturelle dans les \u00e9coles primaires Formation continue Association des cadres scolaires du Qu\u00e9bec (ACSQ), octobre 22, Qu\u00e9bec, Canada. TARDIF, M., Celis [&hellip;]<\/p>\n","protected":false},"author":3,"featured_media":0,"parent":4636,"menu_order":0,"comment_status":"closed","ping_status":"closed","template":"site-commun.php","meta":{"_acf_changed":false,"footnotes":""},"class_list":["post-4659","page","type-page","status-publish","hentry"],"acf":[],"yoast_head":"<!-- This site is optimized with the Yoast SEO plugin v26.9 - https:\/\/yoast.com\/product\/yoast-seo-wordpress\/ -->\r\n<title>Professionnelle - Groupe de recherche en ambiances physiques | Universit\u00e9 Laval<\/title>\r\n<meta name=\"robots\" content=\"index, follow, max-snippet:-1, max-image-preview:large, max-video-preview:-1\" \/>\r\n<link rel=\"canonical\" href=\"https:\/\/www.grap.arc.ulaval.ca\/en\/diffusion\/professionnelle\/\" \/>\r\n<meta property=\"og:locale\" content=\"en_US\" \/>\r\n<meta property=\"og:type\" content=\"article\" \/>\r\n<meta property=\"og:title\" content=\"Professionnelle - Groupe de recherche en ambiances physiques | Universit\u00e9 Laval\" \/>\r\n<meta property=\"og:description\" content=\"Professionnelle DEMERS, C., POTVIN, A. (2012) Environmental Adaptability: Physical Ambiences in Sustainable Architecture, HMC architects\/ArchLAB Lectures, 5 mars 2012. WEB diffusion of the seminar. TARDIF, M. CELIS MERCIER, S.,&nbsp; Potvin. A. (2010) La ventilation naturelle dans les \u00e9coles primaires Formation continue Association des cadres scolaires du Qu\u00e9bec (ACSQ), octobre 22, Qu\u00e9bec, Canada. TARDIF, M., Celis [&hellip;]\" \/>\r\n<meta property=\"og:url\" content=\"https:\/\/www.grap.arc.ulaval.ca\/en\/diffusion\/professionnelle\/\" \/>\r\n<meta property=\"og:site_name\" content=\"Groupe de recherche en ambiances physiques | Universit\u00e9 Laval\" \/>\r\n<meta property=\"article:modified_time\" content=\"2021-02-22T19:58:56+00:00\" \/>\r\n<meta property=\"og:image\" content=\"https:\/\/www.grap.arc.ulaval.ca\/wp-content\/uploads\/sites\/4\/2021\/02\/personnelle-california-demers.jpg\" \/>\r\n<meta name=\"twitter:card\" content=\"summary_large_image\" \/>\r\n<meta name=\"twitter:label1\" content=\"Est. reading time\" \/>\n\t<meta name=\"twitter:data1\" content=\"2 minutes\" \/>\r\n<script type=\"application\/ld+json\" class=\"yoast-schema-graph\">{\"@context\":\"https:\/\/schema.org\",\"@graph\":[{\"@type\":\"WebPage\",\"@id\":\"https:\/\/www.grap.arc.ulaval.ca\/en\/diffusion\/professionnelle\/\",\"url\":\"https:\/\/www.grap.arc.ulaval.ca\/en\/diffusion\/professionnelle\/\",\"name\":\"Professionnelle - Groupe de recherche en ambiances physiques | Universit\u00e9 Laval\",\"isPartOf\":{\"@id\":\"https:\/\/www.grap.arc.ulaval.ca\/#website\"},\"primaryImageOfPage\":{\"@id\":\"https:\/\/www.grap.arc.ulaval.ca\/en\/diffusion\/professionnelle\/#primaryimage\"},\"image\":{\"@id\":\"https:\/\/www.grap.arc.ulaval.ca\/en\/diffusion\/professionnelle\/#primaryimage\"},\"thumbnailUrl\":\"https:\/\/www.grap.arc.ulaval.ca\/wp-content\/uploads\/sites\/4\/2021\/02\/personnelle-california-demers.jpg\",\"datePublished\":\"2015-07-02T15:33:07+00:00\",\"dateModified\":\"2021-02-22T19:58:56+00:00\",\"breadcrumb\":{\"@id\":\"https:\/\/www.grap.arc.ulaval.ca\/en\/diffusion\/professionnelle\/#breadcrumb\"},\"inLanguage\":\"en-US\",\"potentialAction\":[{\"@type\":\"ReadAction\",\"target\":[\"https:\/\/www.grap.arc.ulaval.ca\/en\/diffusion\/professionnelle\/\"]}]},{\"@type\":\"ImageObject\",\"inLanguage\":\"en-US\",\"@id\":\"https:\/\/www.grap.arc.ulaval.ca\/en\/diffusion\/professionnelle\/#primaryimage\",\"url\":\"https:\/\/www.grap.arc.ulaval.ca\/wp-content\/uploads\/sites\/4\/2021\/02\/personnelle-california-demers.jpg\",\"contentUrl\":\"https:\/\/www.grap.arc.ulaval.ca\/wp-content\/uploads\/sites\/4\/2021\/02\/personnelle-california-demers.jpg\"},{\"@type\":\"BreadcrumbList\",\"@id\":\"https:\/\/www.grap.arc.ulaval.ca\/en\/diffusion\/professionnelle\/#breadcrumb\",\"itemListElement\":[{\"@type\":\"ListItem\",\"position\":1,\"name\":\"Accueil\",\"item\":\"https:\/\/www.grap.arc.ulaval.ca\/en\/\"},{\"@type\":\"ListItem\",\"position\":2,\"name\":\"Diffusion\",\"item\":\"https:\/\/www.grap.arc.ulaval.ca\/en\/diffusion\/\"},{\"@type\":\"ListItem\",\"position\":3,\"name\":\"Professionnelle\"}]},{\"@type\":\"WebSite\",\"@id\":\"https:\/\/www.grap.arc.ulaval.ca\/#website\",\"url\":\"https:\/\/www.grap.arc.ulaval.ca\/\",\"name\":\"Groupe de recherche en ambiances physiques | Universit\u00e9 Laval\",\"description\":\"grap\",\"potentialAction\":[{\"@type\":\"SearchAction\",\"target\":{\"@type\":\"EntryPoint\",\"urlTemplate\":\"https:\/\/www.grap.arc.ulaval.ca\/?s={search_term_string}\"},\"query-input\":{\"@type\":\"PropertyValueSpecification\",\"valueRequired\":true,\"valueName\":\"search_term_string\"}}],\"inLanguage\":\"en-US\"}]}<\/script>\r\n<!-- \/ Yoast SEO plugin. -->","yoast_head_json":{"title":"Professionnelle - Groupe de recherche en ambiances physiques | Universit\u00e9 Laval","robots":{"index":"index","follow":"follow","max-snippet":"max-snippet:-1","max-image-preview":"max-image-preview:large","max-video-preview":"max-video-preview:-1"},"canonical":"https:\/\/www.grap.arc.ulaval.ca\/en\/diffusion\/professionnelle\/","og_locale":"en_US","og_type":"article","og_title":"Professionnelle - Groupe de recherche en ambiances physiques | Universit\u00e9 Laval","og_description":"Professionnelle DEMERS, C., POTVIN, A. (2012) Environmental Adaptability: Physical Ambiences in Sustainable Architecture, HMC architects\/ArchLAB Lectures, 5 mars 2012. WEB diffusion of the seminar. TARDIF, M. CELIS MERCIER, S.,&nbsp; Potvin. A. (2010) La ventilation naturelle dans les \u00e9coles primaires Formation continue Association des cadres scolaires du Qu\u00e9bec (ACSQ), octobre 22, Qu\u00e9bec, Canada. TARDIF, M., Celis [&hellip;]","og_url":"https:\/\/www.grap.arc.ulaval.ca\/en\/diffusion\/professionnelle\/","og_site_name":"Groupe de recherche en ambiances physiques | Universit\u00e9 Laval","article_modified_time":"2021-02-22T19:58:56+00:00","og_image":[{"url":"https:\/\/www.grap.arc.ulaval.ca\/wp-content\/uploads\/sites\/4\/2021\/02\/personnelle-california-demers.jpg","type":"","width":"","height":""}],"twitter_card":"summary_large_image","twitter_misc":{"Est. reading time":"2 minutes"},"schema":{"@context":"https:\/\/schema.org","@graph":[{"@type":"WebPage","@id":"https:\/\/www.grap.arc.ulaval.ca\/en\/diffusion\/professionnelle\/","url":"https:\/\/www.grap.arc.ulaval.ca\/en\/diffusion\/professionnelle\/","name":"Professionnelle - Groupe de recherche en ambiances physiques | Universit\u00e9 Laval","isPartOf":{"@id":"https:\/\/www.grap.arc.ulaval.ca\/#website"},"primaryImageOfPage":{"@id":"https:\/\/www.grap.arc.ulaval.ca\/en\/diffusion\/professionnelle\/#primaryimage"},"image":{"@id":"https:\/\/www.grap.arc.ulaval.ca\/en\/diffusion\/professionnelle\/#primaryimage"},"thumbnailUrl":"https:\/\/www.grap.arc.ulaval.ca\/wp-content\/uploads\/sites\/4\/2021\/02\/personnelle-california-demers.jpg","datePublished":"2015-07-02T15:33:07+00:00","dateModified":"2021-02-22T19:58:56+00:00","breadcrumb":{"@id":"https:\/\/www.grap.arc.ulaval.ca\/en\/diffusion\/professionnelle\/#breadcrumb"},"inLanguage":"en-US","potentialAction":[{"@type":"ReadAction","target":["https:\/\/www.grap.arc.ulaval.ca\/en\/diffusion\/professionnelle\/"]}]},{"@type":"ImageObject","inLanguage":"en-US","@id":"https:\/\/www.grap.arc.ulaval.ca\/en\/diffusion\/professionnelle\/#primaryimage","url":"https:\/\/www.grap.arc.ulaval.ca\/wp-content\/uploads\/sites\/4\/2021\/02\/personnelle-california-demers.jpg","contentUrl":"https:\/\/www.grap.arc.ulaval.ca\/wp-content\/uploads\/sites\/4\/2021\/02\/personnelle-california-demers.jpg"},{"@type":"BreadcrumbList","@id":"https:\/\/www.grap.arc.ulaval.ca\/en\/diffusion\/professionnelle\/#breadcrumb","itemListElement":[{"@type":"ListItem","position":1,"name":"Accueil","item":"https:\/\/www.grap.arc.ulaval.ca\/en\/"},{"@type":"ListItem","position":2,"name":"Diffusion","item":"https:\/\/www.grap.arc.ulaval.ca\/en\/diffusion\/"},{"@type":"ListItem","position":3,"name":"Professionnelle"}]},{"@type":"WebSite","@id":"https:\/\/www.grap.arc.ulaval.ca\/#website","url":"https:\/\/www.grap.arc.ulaval.ca\/","name":"Groupe de recherche en ambiances physiques | Universit\u00e9 Laval","description":"grap","potentialAction":[{"@type":"SearchAction","target":{"@type":"EntryPoint","urlTemplate":"https:\/\/www.grap.arc.ulaval.ca\/?s={search_term_string}"},"query-input":{"@type":"PropertyValueSpecification","valueRequired":true,"valueName":"search_term_string"}}],"inLanguage":"en-US"}]}},"_links":{"self":[{"href":"https:\/\/www.grap.arc.ulaval.ca\/en\/wp-json\/wp\/v2\/pages\/4659","targetHints":{"allow":["GET"]}}],"collection":[{"href":"https:\/\/www.grap.arc.ulaval.ca\/en\/wp-json\/wp\/v2\/pages"}],"about":[{"href":"https:\/\/www.grap.arc.ulaval.ca\/en\/wp-json\/wp\/v2\/types\/page"}],"author":[{"embeddable":true,"href":"https:\/\/www.grap.arc.ulaval.ca\/en\/wp-json\/wp\/v2\/users\/3"}],"replies":[{"embeddable":true,"href":"https:\/\/www.grap.arc.ulaval.ca\/en\/wp-json\/wp\/v2\/comments?post=4659"}],"version-history":[{"count":3,"href":"https:\/\/www.grap.arc.ulaval.ca\/en\/wp-json\/wp\/v2\/pages\/4659\/revisions"}],"predecessor-version":[{"id":4970,"href":"https:\/\/www.grap.arc.ulaval.ca\/en\/wp-json\/wp\/v2\/pages\/4659\/revisions\/4970"}],"up":[{"embeddable":true,"href":"https:\/\/www.grap.arc.ulaval.ca\/en\/wp-json\/wp\/v2\/pages\/4636"}],"wp:attachment":[{"href":"https:\/\/www.grap.arc.ulaval.ca\/en\/wp-json\/wp\/v2\/media?parent=4659"}],"curies":[{"name":"wp","href":"https:\/\/api.w.org\/{rel}","templated":true}]}}