{"id":4649,"date":"2015-07-02T10:32:06","date_gmt":"2015-07-02T15:32:06","guid":{"rendered":"https:\/\/www.grap.arc.ulaval.ca\/diffusion\/vulgarization-communications\/"},"modified":"2021-02-19T09:27:16","modified_gmt":"2021-02-19T14:27:16","slug":"communications-vulgarisation","status":"publish","type":"page","link":"https:\/\/www.grap.arc.ulaval.ca\/en\/diffusion\/communications-vulgarisation\/","title":{"rendered":"Communications vulgarisation"},"content":{"rendered":"<h1>Communications<\/h1>\n<p>&nbsp;<\/p>\n<p><strong>Presentations (oral)<\/strong><\/p>\n<p>DEMERS, C (2018) Biophilia in Extreme Cold Climate Architecture. Presentation and open discussion. At District St-Joseph bar, Quebec City. Organized by Sentinel North. 13 November 2018.<\/p>\n<p>DEMERS, C (2014). La ville en hiver. Organized by Association du design urbain du Qu\u00e9bec. At Le Cercle (bar), Quebec City, 20 February 2014. Invited panelist.<\/p>\n<p>DEMERS, C (2013). From theory to practice: A tactile and digital approach to daylighting in architecture. The Martin Centre Research Seminar Series, Department of Architecture, University of Cambridge, 5 June 2013.<\/p>\n<p>DEMERS, C. (2012) Au del\u00e0 des murs -\u00c9pisode 2: la lumi\u00e8re. Entrevue d\u2019Isabelle Deblois r\u00e9alis\u00e9e en octobre 2011, Radio-Canada. Diffusion \u00e9t\u00e9 et automne 2012.<\/p>\n<p>DEMERS (2006) \u00abL&#8217;\u00e9clairage naturel dans le projet architectural : int\u00e9gration au processus de conception dans la pratique professionnelle\u00bb, Conseil du b\u00e2timent durable du Canada (CBDCa), Chapitre du Qu\u00e9bec, branche de Montr\u00e9al, conf\u00e9rence publique, Faculty Club, Universit\u00e9 McGill, Montr\u00e9al, 12 d\u00e9cembre.<\/p>\n<p>DEMERS (2006) \u00abL&#8217;\u00e9clairage naturel dans le projet architectural : int\u00e9gration au processus de conception dans la pratique professionnelle\u00bb, Conseil du b\u00e2timent durable du Canada (CBDCa), Chapitre du Qu\u00e9bec, branche de Qu\u00e9bec, conf\u00e9rence publique, Amphith\u00e9\u00e2tre Hydro-Qu\u00e9bec, Universit\u00e9 Laval, Qu\u00e9bec, 21 novembre.<\/p>\n<p>DEMERS (2006) \u00ab Lumi\u00e8re tactile \u00bb, s\u00e9rie de conf\u00e9rences \u00ab Passe-moi l&#8217;sel \u00bb, \u00c9cole d&#8217;architecture, Universit\u00e9 Laval, Qu\u00e9bec, 7 novembre.<\/p>\n<p>DEMERS (2006), \u00abArchitectural Daylighting : synthesis of a qualitative and quantitative design process\u00bb, The Architectural Association, London, UK. S\u00e9minaire PhD MSc\/MArch Sustainable Environmental Design, 24 mai 2006.<\/p>\n<p>DEMERS, C., (2005) &#8220;Daylighting in the process of architectural design and practice&#8221;, Martin Centre for Architectural and Urban Studies, Department of Architecture, University of Cambridge, Cambridge, UK, 19 Octobre 2005.<\/p>\n<p>DEMERS, C., (2005) \u00ab Mise en valeur du paysage urbain nocturne dans une perspective durable \u00bb, Conf\u00e9rence du 19e congr\u00e8s de l&#8217;AQME (Association qu\u00e9b\u00e9coise pour la ma\u00eetrise de l&#8217;\u00e9nergie), Qu\u00e9bec, 13-15 avril 2005.<\/p>\n<p>DUBOIS, Catherine, DEMERS C., POTVIN A., (2005) \u00abDynamique des ambiances physiques en architecture : l&#8217;influence de la lumi\u00e8re sur les usagers d&#8217;espaces int\u00e9rieurs.\u00bb, 73e Congr\u00e8s de l&#8217;ACFAS, Universit\u00e9 du Qu\u00e9bec \u00e0 Chicoutimi, 9-13 mai 2005.<\/p>\n<p>DEMERS, C., POTVIN, A., (2004) \u00ab Physical ambiences in architecture : towards a multi-sensory approach to sustainability \u00bb, Martin Centre Research Society, Department of Architecture, University of Cambridge, Cambridge, UK, 5 mai 2004.<\/p>\n<p>DEMERS, C., POTVIN, A. (2004), Research, Practice and Teaching? Closing the loop through physical ambiences studies, SBSE (Society for Buildign Science Educators) Retreat, Cascade Head, Oregon, 12-15 juillet 2004<\/p>\n<p>DEMERS, C., POTVIN, A., (2004) &#8220;Architecture of the senses: the importance of representation&#8221;, delivered to the students of the summer studio of C. Theodoropoulos, V. Carthwright and G.Z. Brown, School of architecture, Eugene University, Eugene, Oregon, 16 July.<\/p>\n<p>DEMERS, C., POTVIN, A., (2004), &#8220;Architecture des sens: contr\u00f4le des ambiances physiques en architecture&#8221;, Verdir le Dipl\u00f4me \/ Greening the curriculum, Vieux S\u00e9minaire de Qu\u00e9bec, 17-19 juin 2004.<\/p>\n<p>POTVIN, A., DEMERS, C., MIGNERON, J-G, (2004) &#8220;CTBO: Centre de transformation du bois ouvr\u00e9&#8221;, Verdir le Dipl\u00f4me \/ Greening the curriculum, Vieux S\u00e9minaire de Qu\u00e9bec, 17-19 juin 2004.<\/p>\n<p>POTVIN, A. (2003) L&#8217;adaptabilit\u00e9 environnementale en architecture : introduction aux travaux de recherche et de consultation du GRAP, Colloque de la Chaire Hydro-Qu\u00e9bec en environnement, culture et soci\u00e9t\u00e9, Universit\u00e9 Laval. Juin 2003.<\/p>\n<p>POTVIN, A. (2003) Qu&#8217;est ce que le d\u00e9veloppement durable en architecture?, Intervention orale lors de la remise de prix d&#8217;excellence en d\u00e9veloppement durable de l&#8217;Ordre des architectes du Qu\u00e9bec. Juin 2003.<\/p>\n<p>POTVIN, A. (2003) L&#8217;architecture bioclimatique au Qu\u00e9bec : opportunit\u00e9s et barri\u00e8res, Interview de 1\/2 heure sur les ondes de la radio CKRL 89,1, Qu\u00e9bec. Mars 2003.<\/p>\n<p>DEMERS, C., (2002) \u00ab Assessing environnemental comfort \u00bb, IEA Task 31 meeting, Application of assessment methods for visual comfort, Ottawa, 1 octobre. Organisation : Conseil National de la Recherche du Canada (CNRC).<\/p>\n<p>DEMERS, C., (2002) \u00ab Contrasting appearances : daylighting for the New Canadian Embassy in Berlin \u00bb, Proceedings of PLEA 2002, Passive Low Energy in Architecture, July 2002, Toulouse, France.<\/p>\n<p>POTVIN, A. (2002) The \u00c9AUL Curricula in Sustainable Design et The Physical Ambiences Approach in the Teaching of Sustainability in Architecture, pr\u00e9sentation au colloque Verdir le dipl\u00f4me\/Greening the Curricula, Universit\u00e9 de Montr\u00e9al. Ao\u00fbt 2002.<\/p>\n<p>DEMERS, C. (2001), \u00ab Reviving lights : the image as an architect&#8217;s companion \u00bb, University of Oregon, Eugene, 22 janvier 2001. Bourse de la Baker Chair of Lighting. Conf\u00e9rence sur invitation de G.Z. Brown.<\/p>\n<p>POTVIN, A. (2001) Entrevue au Grand Journal de TQS sur les APMAP, ao\u00fbt 2001.<\/p>\n<p>POTVIN, A. (2001) La HQE (Haute Qualit\u00e9 Environnementale) dans les \u00e9difices publics, Direction de Travaux publics Canada,Ottawa, 30 ao\u00fbt 2001.<\/p>\n<p>POTVIN, A. (2001) La d\u00e9marche HQE -Vers une notion de d\u00e9veloppement durable en milieu de soins, Conf\u00e9rence MSSS (Minist\u00e8re de la Sant\u00e9 et des Services Sociaux), Montr\u00e9al, 10 mai 2001.<\/p>\n<p>POTVIN, A. (2000) Les consid\u00e9rations environnementales pour la Nouvelle Ambassade du Canada \u00e0 Berlin, Conf\u00e9rencse-midi &#8220;Passe-moi l&#8217;sel&#8221;, \u00c9cole d&#8217;architecture, D\u00e9cembre 2000.<\/p>\n<p>DEMERS, C. (2000) \u00ab Light and the digital image : a proposed framework for design and analysis pour la conf\u00e9rence PLEA (Passive Low Energy in Architecture) 2000, 2-6 July 2000, Cambridge, United Kingdom.<\/p>\n<p>DEMERS, C. (1999) \u00ab L&#8217;\u00e9clairage urbain en milieu nordique: aspects qualitatifs et quantitatifs de la lumi\u00e8re \u00bb, Symposium International des villes d&#8217;Hiver, Universit\u00e9 Laval, Qu\u00e9bec, Canada, f\u00e9vrier.<\/p>\n<p>DEMERS, C. (1998) \u00ab Qualities of light and space: contrast as a global integrator \u00bb dans les actes du First CIE (Commission Internationale de l&#8217;\u00c9clairage) Symposium on Lighting Quality, Ottawa, Canada, 9-10 mai 1998<\/p>\n<p>DEMERS, C. (1998) \u00ab Images in the assessment and design of daylighting \u00bb, Renewable Energy Technologies in Cold Climates Conference &#8217;98, Soci\u00e9t\u00e9 d&#8217;\u00c9nergie Solaire du Canada Inc., (SESCI), Montr\u00e9al, Canada, mai.<\/p>\n<p>DEMERS, C. (1998) Association Qu\u00e9b\u00e9coise pour la Ma\u00eetrise de l&#8217;\u00c9nergie (AQME) : pr\u00e9sentation du projet de Chaire en lumi\u00e8re urbaine nordique de l&#8217;Universit\u00e9 Laval. Avril.<\/p>\n<p>DEMERS, C., (1997) Conf\u00e9rence de l&#8217;ACFAS (Association canadienne-fran\u00e7aise pour l&#8217;avancement de la science), Universit\u00e9 Laval, Qu\u00e9bec, Canada.Mai<\/p>\n<p>DEMERS, C. (1996) \u00ab Images of light: an approach to space generation from lights \u00bb, 4th European Conference on Solar Energy in Architecture and Urban Planning, Berlin, Allemagne, mars.<\/p>\n<p>DEMERS, C. (1995), \u00ab Light as a generator of space: a method to integrate light in the early stages of design \u00bb, Florence International Conference for Teachers of Architecture, Florence, Italie, septembre.<\/p>\n<p>DEMERS, C. (1994) \u00ab Contrast in dayligthed interiors: a method of analysis for designers \u00bb, Conf\u00e9rence Europ\u00e9enne sur la Performance \u00c9nerg\u00e9tique et la Qualit\u00e9 des Ambiances, \u00c9cole Nationale des Travaux Publics de l&#8217;\u00c9tat (ENTPE), Lyon, France, novembre<\/p>\n<p>DEMERS, C. (1994) \u00ab The image as a tool for composition \u00bb, Conf\u00e9rence Europ\u00e9enne sur la Performance \u00c9nerg\u00e9tique et la Qualit\u00e9 des Ambiances, \u00c9cole Nationale des Travaux Publics de l&#8217;\u00c9tat (ENTPE), Lyon, France, novembre.<\/p>\n<p>DEMERS, C. (1994), \u00ab Typology of lights: a classification according to qualitative and quantitative aspects \u00bb, Conf\u00e9rence Europ\u00e9enne sur la Performance \u00c9nerg\u00e9tique et la Qualit\u00e9 des Ambiances, \u00c9cole Nationale des Travaux Publics de l&#8217;\u00c9tat (ENTPE), Lyon, France, novembre.<\/p>\n<p>DEMERS, C., (1994) \u00ab The image of light \u00bb, The Martin Centre Research Society, Department of Architecture and History of Art, University of Cambridge, Cambridge, Angleterre, mars.<\/p>\n<p>DEMERS, C. (1993) \u00ab Architecture de lumi\u00e8re: le contraste g\u00e9n\u00e9rateur d&#8217;ambiances \u00bb, Conf\u00e9rence Qu\u00e9bec &#8217;93. Le Solaire en Action, Soci\u00e9t\u00e9 d&#8217;\u00c9nergie Solaire du Canada Inc. (SESCI), Qu\u00e9bec, Canada, juillet.<\/p>\n<p>&nbsp;<\/p>\n<p><strong>Entrevues film\u00e9es<\/strong><\/p>\n<p><strong>&nbsp;<\/strong>DEMERS, C. (2012). <em>Au del\u00e0 des murs -\u00c9pisode 2: la lumi\u00e8re<\/em>. Entrevue d\u2019Isabelle Deblois r\u00e9alis\u00e9e en octobre 2011, Radio-Canada. Diffusion \u00e9t\u00e9 et automne 2012. Rediffusion 2013, 2015<\/p>\n<p>POTVIN, A. (2012). <em>Au del\u00e0 des murs -\u00c9pisode 3: l\u2019hiver<\/em>. Entrevue d\u2019Isabelle Deblois r\u00e9alis\u00e9e en octobre 2011, Radio-Canada. Diffusion \u00e9t\u00e9 et automne 2012. Rediffusion 2013, 2015.<\/p>\n<p>&nbsp;<\/p>\n<p>&nbsp;<\/p>\n<p>&nbsp;<\/p>\n","protected":false},"excerpt":{"rendered":"<p>Communications &nbsp; Presentations (oral) DEMERS, C (2018) Biophilia in Extreme Cold Climate Architecture. Presentation and open discussion. At District St-Joseph bar, Quebec City. Organized by Sentinel North. 13 November 2018. DEMERS, C (2014). La ville en hiver. Organized by Association du design urbain du Qu\u00e9bec. At Le Cercle (bar), Quebec City, 20 February 2014. Invited [&hellip;]<\/p>\n","protected":false},"author":3,"featured_media":0,"parent":4636,"menu_order":0,"comment_status":"closed","ping_status":"closed","template":"site-commun.php","meta":{"_acf_changed":false,"footnotes":""},"class_list":["post-4649","page","type-page","status-publish","hentry"],"acf":[],"yoast_head":"<!-- This site is optimized with the Yoast SEO plugin v26.9 - https:\/\/yoast.com\/product\/yoast-seo-wordpress\/ -->\r\n<title>Communications vulgarisation - Groupe de recherche en ambiances physiques | Universit\u00e9 Laval<\/title>\r\n<meta name=\"robots\" content=\"index, follow, max-snippet:-1, max-image-preview:large, max-video-preview:-1\" \/>\r\n<link rel=\"canonical\" href=\"https:\/\/www.grap.arc.ulaval.ca\/en\/diffusion\/communications-vulgarisation\/\" \/>\r\n<meta property=\"og:locale\" content=\"en_US\" \/>\r\n<meta property=\"og:type\" content=\"article\" \/>\r\n<meta property=\"og:title\" content=\"Communications vulgarisation - Groupe de recherche en ambiances physiques | Universit\u00e9 Laval\" \/>\r\n<meta property=\"og:description\" content=\"Communications &nbsp; Presentations (oral) DEMERS, C (2018) Biophilia in Extreme Cold Climate Architecture. Presentation and open discussion. At District St-Joseph bar, Quebec City. Organized by Sentinel North. 13 November 2018. DEMERS, C (2014). La ville en hiver. Organized by Association du design urbain du Qu\u00e9bec. At Le Cercle (bar), Quebec City, 20 February 2014. Invited [&hellip;]\" \/>\r\n<meta property=\"og:url\" content=\"https:\/\/www.grap.arc.ulaval.ca\/en\/diffusion\/communications-vulgarisation\/\" \/>\r\n<meta property=\"og:site_name\" content=\"Groupe de recherche en ambiances physiques | Universit\u00e9 Laval\" \/>\r\n<meta property=\"article:modified_time\" content=\"2021-02-19T14:27:16+00:00\" \/>\r\n<meta name=\"twitter:card\" content=\"summary_large_image\" \/>\r\n<meta name=\"twitter:label1\" content=\"Est. reading time\" \/>\n\t<meta name=\"twitter:data1\" content=\"6 minutes\" \/>\r\n<script type=\"application\/ld+json\" class=\"yoast-schema-graph\">{\"@context\":\"https:\/\/schema.org\",\"@graph\":[{\"@type\":\"WebPage\",\"@id\":\"https:\/\/www.grap.arc.ulaval.ca\/en\/diffusion\/communications-vulgarisation\/\",\"url\":\"https:\/\/www.grap.arc.ulaval.ca\/en\/diffusion\/communications-vulgarisation\/\",\"name\":\"Communications vulgarisation - Groupe de recherche en ambiances physiques | Universit\u00e9 Laval\",\"isPartOf\":{\"@id\":\"https:\/\/www.grap.arc.ulaval.ca\/#website\"},\"datePublished\":\"2015-07-02T15:32:06+00:00\",\"dateModified\":\"2021-02-19T14:27:16+00:00\",\"breadcrumb\":{\"@id\":\"https:\/\/www.grap.arc.ulaval.ca\/en\/diffusion\/communications-vulgarisation\/#breadcrumb\"},\"inLanguage\":\"en-US\",\"potentialAction\":[{\"@type\":\"ReadAction\",\"target\":[\"https:\/\/www.grap.arc.ulaval.ca\/en\/diffusion\/communications-vulgarisation\/\"]}]},{\"@type\":\"BreadcrumbList\",\"@id\":\"https:\/\/www.grap.arc.ulaval.ca\/en\/diffusion\/communications-vulgarisation\/#breadcrumb\",\"itemListElement\":[{\"@type\":\"ListItem\",\"position\":1,\"name\":\"Accueil\",\"item\":\"https:\/\/www.grap.arc.ulaval.ca\/en\/\"},{\"@type\":\"ListItem\",\"position\":2,\"name\":\"Diffusion\",\"item\":\"https:\/\/www.grap.arc.ulaval.ca\/en\/diffusion\/\"},{\"@type\":\"ListItem\",\"position\":3,\"name\":\"Communications vulgarisation\"}]},{\"@type\":\"WebSite\",\"@id\":\"https:\/\/www.grap.arc.ulaval.ca\/#website\",\"url\":\"https:\/\/www.grap.arc.ulaval.ca\/\",\"name\":\"Groupe de recherche en ambiances physiques | Universit\u00e9 Laval\",\"description\":\"grap\",\"potentialAction\":[{\"@type\":\"SearchAction\",\"target\":{\"@type\":\"EntryPoint\",\"urlTemplate\":\"https:\/\/www.grap.arc.ulaval.ca\/?s={search_term_string}\"},\"query-input\":{\"@type\":\"PropertyValueSpecification\",\"valueRequired\":true,\"valueName\":\"search_term_string\"}}],\"inLanguage\":\"en-US\"}]}<\/script>\r\n<!-- \/ Yoast SEO plugin. -->","yoast_head_json":{"title":"Communications vulgarisation - Groupe de recherche en ambiances physiques | Universit\u00e9 Laval","robots":{"index":"index","follow":"follow","max-snippet":"max-snippet:-1","max-image-preview":"max-image-preview:large","max-video-preview":"max-video-preview:-1"},"canonical":"https:\/\/www.grap.arc.ulaval.ca\/en\/diffusion\/communications-vulgarisation\/","og_locale":"en_US","og_type":"article","og_title":"Communications vulgarisation - Groupe de recherche en ambiances physiques | Universit\u00e9 Laval","og_description":"Communications &nbsp; Presentations (oral) DEMERS, C (2018) Biophilia in Extreme Cold Climate Architecture. Presentation and open discussion. At District St-Joseph bar, Quebec City. Organized by Sentinel North. 13 November 2018. DEMERS, C (2014). La ville en hiver. Organized by Association du design urbain du Qu\u00e9bec. At Le Cercle (bar), Quebec City, 20 February 2014. Invited [&hellip;]","og_url":"https:\/\/www.grap.arc.ulaval.ca\/en\/diffusion\/communications-vulgarisation\/","og_site_name":"Groupe de recherche en ambiances physiques | Universit\u00e9 Laval","article_modified_time":"2021-02-19T14:27:16+00:00","twitter_card":"summary_large_image","twitter_misc":{"Est. reading time":"6 minutes"},"schema":{"@context":"https:\/\/schema.org","@graph":[{"@type":"WebPage","@id":"https:\/\/www.grap.arc.ulaval.ca\/en\/diffusion\/communications-vulgarisation\/","url":"https:\/\/www.grap.arc.ulaval.ca\/en\/diffusion\/communications-vulgarisation\/","name":"Communications vulgarisation - Groupe de recherche en ambiances physiques | Universit\u00e9 Laval","isPartOf":{"@id":"https:\/\/www.grap.arc.ulaval.ca\/#website"},"datePublished":"2015-07-02T15:32:06+00:00","dateModified":"2021-02-19T14:27:16+00:00","breadcrumb":{"@id":"https:\/\/www.grap.arc.ulaval.ca\/en\/diffusion\/communications-vulgarisation\/#breadcrumb"},"inLanguage":"en-US","potentialAction":[{"@type":"ReadAction","target":["https:\/\/www.grap.arc.ulaval.ca\/en\/diffusion\/communications-vulgarisation\/"]}]},{"@type":"BreadcrumbList","@id":"https:\/\/www.grap.arc.ulaval.ca\/en\/diffusion\/communications-vulgarisation\/#breadcrumb","itemListElement":[{"@type":"ListItem","position":1,"name":"Accueil","item":"https:\/\/www.grap.arc.ulaval.ca\/en\/"},{"@type":"ListItem","position":2,"name":"Diffusion","item":"https:\/\/www.grap.arc.ulaval.ca\/en\/diffusion\/"},{"@type":"ListItem","position":3,"name":"Communications vulgarisation"}]},{"@type":"WebSite","@id":"https:\/\/www.grap.arc.ulaval.ca\/#website","url":"https:\/\/www.grap.arc.ulaval.ca\/","name":"Groupe de recherche en ambiances physiques | Universit\u00e9 Laval","description":"grap","potentialAction":[{"@type":"SearchAction","target":{"@type":"EntryPoint","urlTemplate":"https:\/\/www.grap.arc.ulaval.ca\/?s={search_term_string}"},"query-input":{"@type":"PropertyValueSpecification","valueRequired":true,"valueName":"search_term_string"}}],"inLanguage":"en-US"}]}},"_links":{"self":[{"href":"https:\/\/www.grap.arc.ulaval.ca\/en\/wp-json\/wp\/v2\/pages\/4649","targetHints":{"allow":["GET"]}}],"collection":[{"href":"https:\/\/www.grap.arc.ulaval.ca\/en\/wp-json\/wp\/v2\/pages"}],"about":[{"href":"https:\/\/www.grap.arc.ulaval.ca\/en\/wp-json\/wp\/v2\/types\/page"}],"author":[{"embeddable":true,"href":"https:\/\/www.grap.arc.ulaval.ca\/en\/wp-json\/wp\/v2\/users\/3"}],"replies":[{"embeddable":true,"href":"https:\/\/www.grap.arc.ulaval.ca\/en\/wp-json\/wp\/v2\/comments?post=4649"}],"version-history":[{"count":1,"href":"https:\/\/www.grap.arc.ulaval.ca\/en\/wp-json\/wp\/v2\/pages\/4649\/revisions"}],"predecessor-version":[{"id":4650,"href":"https:\/\/www.grap.arc.ulaval.ca\/en\/wp-json\/wp\/v2\/pages\/4649\/revisions\/4650"}],"up":[{"embeddable":true,"href":"https:\/\/www.grap.arc.ulaval.ca\/en\/wp-json\/wp\/v2\/pages\/4636"}],"wp:attachment":[{"href":"https:\/\/www.grap.arc.ulaval.ca\/en\/wp-json\/wp\/v2\/media?parent=4649"}],"curies":[{"name":"wp","href":"https:\/\/api.w.org\/{rel}","templated":true}]}}