{"id":4647,"date":"2015-07-02T09:24:22","date_gmt":"2015-07-02T14:24:22","guid":{"rendered":"https:\/\/www.grap.arc.ulaval.ca\/diffusion\/communications-scientifiques\/"},"modified":"2015-07-02T09:24:22","modified_gmt":"2015-07-02T14:24:22","slug":"communications-scientifiques","status":"publish","type":"page","link":"https:\/\/www.grap.arc.ulaval.ca\/en\/diffusion\/communications-scientifiques\/","title":{"rendered":"Communications scientifiques"},"content":{"rendered":"<h1>Communications<\/h1>\n<p>DEMERS, C. (2015). Lighting diversity and adaptability to climate: a quantitative and qualitative urban survey methodology. Invited speaker. The 5<sup>th<\/sup> Professional Lighting Design Convention (PLDC). Rome, 28-31 October 2015.<\/p>\n<p>DEMERS, C. (2013). From theory to practice: A tactile and digital approach to daylighting in architecture. The Martin Centre Research Seminar Series, 43rd Annual Series of Lunchtime Lectures, Department of Architecture, University of Cambridge, 5 June 2013.<\/p>\n<p>DEMERS, C. (2013). Daylighting Design for the Existent: Assessment, Representation and Speculation. New eyes on existing buildings. The Royal Danish Academy of Fine Arts, School of Architecture 15-16 Mai 2013, Copenhague, Danemark.<\/p>\n<p>DEMERS, C. (2013). From theory to practice: A tactile and digital approach to daylighting in architecture. Conf\u00e9rence \u00e0 la Kent School of Architecture, Centre for Architecture and Sustainable Environment (CASE), Canterbury, UK, 20 mars 2013.<\/p>\n<p>DEMERS, C. (2013). The dynamic translation of sensorial and physical ambiences in architecture and urban spaces. Dans Ambiances &amp; Atmospheres in Translation, R\u00e9seau International des Ambiances, International Seminar, February 25-27th, 2013, Royal Holloway University of London, UK (RHUL).<\/p>\n<p>DEMERS, C. (2013). From theory to practice: A tactile and digital approach to daylighting in architecture. Conf\u00e9rence \u00e0 la Architectural Association, Londres, 20 February 2013, 2.00<\/p>\n<p>DEMERS, C. POTVIN, A. (2012) Adaptive Architecture, California Polytechnic Department of Architecture, 5 mars 2012. Invited by Prof. Pablo La Roche.<\/p>\n<p>Dubois C., Adolphe L. Potvin A. (2011). Adapting Cities to Climate Change: Manipulating urban form to temper increasing temperatures, 18th International Seminar on Urban Form ISUF2011 : Morphology and the Post-carbon City, Montr\u00e9al, 26 au 29 ao\u00fbt 2011.<\/p>\n<p>DUBOIS C., Adolphe L. Potvin A. (2011). Adapting Cities to Climate Change : The development of a decision support tool based on urban morphology to temper increasing temperatures, Sommet Mondial \u00c9cocit\u00e9 2011, Montr\u00e9al, 22 au 26 ao\u00fbt 2011.<\/p>\n<p>CELIS MERCIER S.,\u00a0 Potvin. A. (2010). R\u00e9habilitation environnementale des B\u00e2timents scolaires en climat froid: le cas de l\u2019\u00e9cole Feuiltault de Sainte-Marie-De-Beauce, 24e Congr\u00e8s de l\u2019Association qu\u00e9b\u00e9coise pour la ma\u00eetrise de l\u2019\u00e9nergie. Mettons l\u2019\u00e9nergie a Profit!, Qu\u00e9bec, Canada.<\/p>\n<p>DUMONTIER, C., Potvin. A., Demers, C. (2011). La qu\u00eate de la transparence en architecture: potentiel \u00e9nerg\u00e9tique et spatial du panneau isolant mobile, ACFAS (Association canadienne fran\u00e7aise pour l&#8217;avancement des sciences), Universit\u00e9 de Sherbrooke, 9 mai 2011.<\/p>\n<p>GIGU\u00c8RE-DUVAL, H., Demers, C., Potvin. A., (2011). Journal saisonnier d&#8217;un espace transition adaptable : pr\u00e9diction et analyse des ambiances lumineuses et thermiques, ACFAS (Association canadienne fran\u00e7aise pour l&#8217;avancement des sciences), Universit\u00e9 de Sherbrooke, 9 mai 2011.<\/p>\n<p>GALIBOIS, C., Demers, C., Potvin. A., (2011). Le v\u00e9g\u00e9tal comme composant de l&#8217;espace architectural : une exploration des potentiels lumineux et plastiques, ACFAS (Association canadienne fran\u00e7aise pour l&#8217;avancement des sciences), Universit\u00e9 de Sherbrooke, 9 mai 2011.<\/p>\n<p>BOIVIN, H., Celis Mercier, S., Potvin. A. (2010). \u00c9cole Feuiltault de Sainte-Marie-de-Beauce: D\u00e9marche int\u00e9gr\u00e9e de r\u00e9habilitation environnementale optimisant la performance \u00e9nerg\u00e9tique et la qualit\u00e9 d\u2019air Symposium ASHRAE 2010\u00a0 Rendez-vous Hydro-Qu\u00e9bec, 3 mai 2010, Qu\u00e9bec, Canada.<\/p>\n<p>POTVIN, A., DEMERS, C. (2004). Research, Practice and Teaching? Closing the loop through physical ambiences studies, SBSE (Society for Buildign Science Educators) Retreat, Cascade Head, Oregon, 12-15 juillet 2004.<\/p>\n<p>DEMERS, C., POTVIN, A., (2004). &#8220;Architecture of the senses: the importance of representation&#8221;, delivered to the students of the summer studio of C. Theodoropoulos, V. Carthwright and G.Z. Brown, School of architecture, Eugene University, Eugene, Oregon, 16 July.<\/p>\n<p>DEMERS, C., POTVIN, A., (2004).&#8221;Architecture des sens: contr\u00f4le des ambiances physiques en architecture&#8221;, Verdir le Dipl\u00f4me \/ Greening the curriculum, Vieux S\u00e9minaire de Qu\u00e9bec, 17-19 juin 2004.<\/p>\n<p>POTVIN, A., DEMERS, C., MIGNERON, J-G, (2004), &#8220;CTBO: Centre de transformation du bois ouvr\u00e9&#8221;, Verdir le Dipl\u00f4me \/ Greening the curriculum, Vieux S\u00e9minaire de Qu\u00e9bec, 17-19 juin 2004.<\/p>\n<p>DEMERS, C. (2002). A Combined Quantitative and Qualitative Approach to Comfort, PLEA2002 (Passive Low-Energy Architecture), Toulouse, Juillet 2002.<\/p>\n<p>POTVIN, A. (2002). A Portable Array for the Assessment of Physical Ambiences, ARCC\/EAAE Joint Architectural Research Conference, Montr\u00e9al, May 2002.<\/p>\n<p>POTVIN, A. (2000). The New Canadian Embassy in Berlin: Towards an Environmental Integrated Approach to Thermal, Lighting, and Acoustics, SESCI (Solar Energy Society of Canada Inc.), Halifax, Octobre 2000.<\/p>\n<p>POTVIN, A. (2000). Assessing the Microclimate of Urban Transitional Spaces, PLEA2000 (Passive Low Energy Architecture), Cambridge, Juillet 2000.<\/p>\n<p>POTVIN, A. (1999). Efficacit\u00e9 \u00e9nerg\u00e9tique et isotropisation de la ville contemporaine, Congr\u00e8s Vers des collectivit\u00e9s viables, Qu\u00e9bec, 3-6 nov. 1999<\/p>\n<p>POTVIN, A. (1999). \u00c9nergie, confort et innovation architecturale, 13\u00e8me Congr\u00e8s de l&#8217;AQME (Association Qu\u00e9b\u00e9coise pour le ma\u00eetrise de l&#8217;\u00e9nergie), L&#8217;\u00e9nergie et l&#8217;environnement, un engagement pour la vie, Qu\u00e9bec, 15-17 avril 1999.<\/p>\n<p>POTVIN, A. (1998). Bioclimatic Urban Transitional Spaces, Renewable Energy Technologies in Cold Climates Conference&#8217;98, SESCI, Montr\u00e9al, Canada, mai 1998.<\/p>\n<p>POTVIN, A. (1996). The Internal Exterior -A thermal approach to urban transitional spaces, The 4th European Conference on Solar Energy in Architecture and Urban Planning, Berlin, Allemagne.<\/p>\n<p>POTVIN, A. (1995). Wind in Architecture- An erosion technique to assess wind behaviour about buildings, Florence International Conference for Teachers of Architecture, Florence, Italie.<\/p>\n<p>POTVIN, A. (1994). Transition in Architecture-A bioclimatic approach based on thermal diversity, Conf\u00e9rence Europ\u00e9enne sur la performance \u00e9nerg\u00e9tique et la qualit\u00e9 des ambiances, Lyon, France.<\/p>\n<p>POTVIN, A. (1993). Optimisation d&#8217;un micro-climat ext\u00e9rieur en fonction du vent et du soleil, Qu\u00e9bec &#8217;93, Efficacit\u00e9 \u00e9nerg\u00e9tique et \u00e9nergie solaire, Qu\u00e9bec, Canada.<\/p>\n<p>POTVIN, A. (1993). \u00c9nergie, climat et cr\u00e9ation d&#8217;un espace architectural dynamique, Qu\u00e9bec &#8217;93, Efficacit\u00e9 \u00e9nerg\u00e9tique et \u00e9nergie solaire, Qu\u00e9bec, Canada.<\/p>\n<p>&nbsp;<\/p>\n","protected":false},"excerpt":{"rendered":"<p>Communications DEMERS, C. (2015). Lighting diversity and adaptability to climate: a quantitative and qualitative urban survey methodology. Invited speaker. The 5th Professional Lighting Design Convention (PLDC). Rome, 28-31 October 2015. DEMERS, C. (2013). From theory to practice: A tactile and digital approach to daylighting in architecture. The Martin Centre Research Seminar Series, 43rd Annual Series [&hellip;]<\/p>\n","protected":false},"author":3,"featured_media":0,"parent":4636,"menu_order":0,"comment_status":"closed","ping_status":"closed","template":"site-commun.php","meta":{"_acf_changed":false,"footnotes":""},"class_list":["post-4647","page","type-page","status-publish","hentry"],"acf":[],"yoast_head":"<!-- This site is optimized with the Yoast SEO plugin v26.9 - https:\/\/yoast.com\/product\/yoast-seo-wordpress\/ -->\r\n<title>Communications scientifiques - Groupe de recherche en ambiances physiques | Universit\u00e9 Laval<\/title>\r\n<meta name=\"robots\" content=\"index, follow, max-snippet:-1, max-image-preview:large, max-video-preview:-1\" \/>\r\n<link rel=\"canonical\" href=\"https:\/\/www.grap.arc.ulaval.ca\/en\/diffusion\/communications-scientifiques\/\" \/>\r\n<meta property=\"og:locale\" content=\"en_US\" \/>\r\n<meta property=\"og:type\" content=\"article\" \/>\r\n<meta property=\"og:title\" content=\"Communications scientifiques - Groupe de recherche en ambiances physiques | Universit\u00e9 Laval\" \/>\r\n<meta property=\"og:description\" content=\"Communications DEMERS, C. (2015). Lighting diversity and adaptability to climate: a quantitative and qualitative urban survey methodology. Invited speaker. The 5th Professional Lighting Design Convention (PLDC). Rome, 28-31 October 2015. DEMERS, C. (2013). From theory to practice: A tactile and digital approach to daylighting in architecture. The Martin Centre Research Seminar Series, 43rd Annual Series [&hellip;]\" \/>\r\n<meta property=\"og:url\" content=\"https:\/\/www.grap.arc.ulaval.ca\/en\/diffusion\/communications-scientifiques\/\" \/>\r\n<meta property=\"og:site_name\" content=\"Groupe de recherche en ambiances physiques | Universit\u00e9 Laval\" \/>\r\n<meta name=\"twitter:card\" content=\"summary_large_image\" \/>\r\n<meta name=\"twitter:label1\" content=\"Est. reading time\" \/>\n\t<meta name=\"twitter:data1\" content=\"4 minutes\" \/>\r\n<script type=\"application\/ld+json\" class=\"yoast-schema-graph\">{\"@context\":\"https:\/\/schema.org\",\"@graph\":[{\"@type\":\"WebPage\",\"@id\":\"https:\/\/www.grap.arc.ulaval.ca\/en\/diffusion\/communications-scientifiques\/\",\"url\":\"https:\/\/www.grap.arc.ulaval.ca\/en\/diffusion\/communications-scientifiques\/\",\"name\":\"Communications scientifiques - Groupe de recherche en ambiances physiques | Universit\u00e9 Laval\",\"isPartOf\":{\"@id\":\"https:\/\/www.grap.arc.ulaval.ca\/#website\"},\"datePublished\":\"2015-07-02T14:24:22+00:00\",\"breadcrumb\":{\"@id\":\"https:\/\/www.grap.arc.ulaval.ca\/en\/diffusion\/communications-scientifiques\/#breadcrumb\"},\"inLanguage\":\"en-US\",\"potentialAction\":[{\"@type\":\"ReadAction\",\"target\":[\"https:\/\/www.grap.arc.ulaval.ca\/en\/diffusion\/communications-scientifiques\/\"]}]},{\"@type\":\"BreadcrumbList\",\"@id\":\"https:\/\/www.grap.arc.ulaval.ca\/en\/diffusion\/communications-scientifiques\/#breadcrumb\",\"itemListElement\":[{\"@type\":\"ListItem\",\"position\":1,\"name\":\"Accueil\",\"item\":\"https:\/\/www.grap.arc.ulaval.ca\/en\/\"},{\"@type\":\"ListItem\",\"position\":2,\"name\":\"Diffusion\",\"item\":\"https:\/\/www.grap.arc.ulaval.ca\/en\/diffusion\/\"},{\"@type\":\"ListItem\",\"position\":3,\"name\":\"Communications scientifiques\"}]},{\"@type\":\"WebSite\",\"@id\":\"https:\/\/www.grap.arc.ulaval.ca\/#website\",\"url\":\"https:\/\/www.grap.arc.ulaval.ca\/\",\"name\":\"Groupe de recherche en ambiances physiques | Universit\u00e9 Laval\",\"description\":\"grap\",\"potentialAction\":[{\"@type\":\"SearchAction\",\"target\":{\"@type\":\"EntryPoint\",\"urlTemplate\":\"https:\/\/www.grap.arc.ulaval.ca\/?s={search_term_string}\"},\"query-input\":{\"@type\":\"PropertyValueSpecification\",\"valueRequired\":true,\"valueName\":\"search_term_string\"}}],\"inLanguage\":\"en-US\"}]}<\/script>\r\n<!-- \/ Yoast SEO plugin. -->","yoast_head_json":{"title":"Communications scientifiques - Groupe de recherche en ambiances physiques | Universit\u00e9 Laval","robots":{"index":"index","follow":"follow","max-snippet":"max-snippet:-1","max-image-preview":"max-image-preview:large","max-video-preview":"max-video-preview:-1"},"canonical":"https:\/\/www.grap.arc.ulaval.ca\/en\/diffusion\/communications-scientifiques\/","og_locale":"en_US","og_type":"article","og_title":"Communications scientifiques - Groupe de recherche en ambiances physiques | Universit\u00e9 Laval","og_description":"Communications DEMERS, C. (2015). Lighting diversity and adaptability to climate: a quantitative and qualitative urban survey methodology. Invited speaker. The 5th Professional Lighting Design Convention (PLDC). Rome, 28-31 October 2015. DEMERS, C. (2013). From theory to practice: A tactile and digital approach to daylighting in architecture. The Martin Centre Research Seminar Series, 43rd Annual Series [&hellip;]","og_url":"https:\/\/www.grap.arc.ulaval.ca\/en\/diffusion\/communications-scientifiques\/","og_site_name":"Groupe de recherche en ambiances physiques | Universit\u00e9 Laval","twitter_card":"summary_large_image","twitter_misc":{"Est. reading time":"4 minutes"},"schema":{"@context":"https:\/\/schema.org","@graph":[{"@type":"WebPage","@id":"https:\/\/www.grap.arc.ulaval.ca\/en\/diffusion\/communications-scientifiques\/","url":"https:\/\/www.grap.arc.ulaval.ca\/en\/diffusion\/communications-scientifiques\/","name":"Communications scientifiques - Groupe de recherche en ambiances physiques | Universit\u00e9 Laval","isPartOf":{"@id":"https:\/\/www.grap.arc.ulaval.ca\/#website"},"datePublished":"2015-07-02T14:24:22+00:00","breadcrumb":{"@id":"https:\/\/www.grap.arc.ulaval.ca\/en\/diffusion\/communications-scientifiques\/#breadcrumb"},"inLanguage":"en-US","potentialAction":[{"@type":"ReadAction","target":["https:\/\/www.grap.arc.ulaval.ca\/en\/diffusion\/communications-scientifiques\/"]}]},{"@type":"BreadcrumbList","@id":"https:\/\/www.grap.arc.ulaval.ca\/en\/diffusion\/communications-scientifiques\/#breadcrumb","itemListElement":[{"@type":"ListItem","position":1,"name":"Accueil","item":"https:\/\/www.grap.arc.ulaval.ca\/en\/"},{"@type":"ListItem","position":2,"name":"Diffusion","item":"https:\/\/www.grap.arc.ulaval.ca\/en\/diffusion\/"},{"@type":"ListItem","position":3,"name":"Communications scientifiques"}]},{"@type":"WebSite","@id":"https:\/\/www.grap.arc.ulaval.ca\/#website","url":"https:\/\/www.grap.arc.ulaval.ca\/","name":"Groupe de recherche en ambiances physiques | Universit\u00e9 Laval","description":"grap","potentialAction":[{"@type":"SearchAction","target":{"@type":"EntryPoint","urlTemplate":"https:\/\/www.grap.arc.ulaval.ca\/?s={search_term_string}"},"query-input":{"@type":"PropertyValueSpecification","valueRequired":true,"valueName":"search_term_string"}}],"inLanguage":"en-US"}]}},"_links":{"self":[{"href":"https:\/\/www.grap.arc.ulaval.ca\/en\/wp-json\/wp\/v2\/pages\/4647","targetHints":{"allow":["GET"]}}],"collection":[{"href":"https:\/\/www.grap.arc.ulaval.ca\/en\/wp-json\/wp\/v2\/pages"}],"about":[{"href":"https:\/\/www.grap.arc.ulaval.ca\/en\/wp-json\/wp\/v2\/types\/page"}],"author":[{"embeddable":true,"href":"https:\/\/www.grap.arc.ulaval.ca\/en\/wp-json\/wp\/v2\/users\/3"}],"replies":[{"embeddable":true,"href":"https:\/\/www.grap.arc.ulaval.ca\/en\/wp-json\/wp\/v2\/comments?post=4647"}],"version-history":[{"count":0,"href":"https:\/\/www.grap.arc.ulaval.ca\/en\/wp-json\/wp\/v2\/pages\/4647\/revisions"}],"up":[{"embeddable":true,"href":"https:\/\/www.grap.arc.ulaval.ca\/en\/wp-json\/wp\/v2\/pages\/4636"}],"wp:attachment":[{"href":"https:\/\/www.grap.arc.ulaval.ca\/en\/wp-json\/wp\/v2\/media?parent=4647"}],"curies":[{"name":"wp","href":"https:\/\/api.w.org\/{rel}","templated":true}]}}