{"id":4641,"date":"2019-01-29T15:00:56","date_gmt":"2019-01-29T20:00:56","guid":{"rendered":"https:\/\/www.grap.arc.ulaval.ca\/diffusion\/articles-de-vulgarisation\/"},"modified":"2021-02-19T09:24:52","modified_gmt":"2021-02-19T14:24:52","slug":"vulgarization-articles","status":"publish","type":"page","link":"https:\/\/www.grap.arc.ulaval.ca\/en\/diffusion\/vulgarization-articles\/","title":{"rendered":"Articles de vulgarisation"},"content":{"rendered":"<h1>Articles\/Press<\/h1>\n<p>POTVIN, DEMERS (2018). La Beaut\u00e9 de la carboneutralit\u00e9. Le Devoir. Opinion: id\u00e9es. 17 d\u00e9cembre 2018. <a href=\"https:\/\/www.ledevoir.com\/opinion\/idees\/543723\/la-beaute-de-la-carboneutralite\" target=\"_blank\" rel=\"attachment wp-att-305 noopener\"><img loading=\"lazy\" decoding=\"async\" class=\"size-full wp-image-305 alignnone\" src=\"https:\/\/www.grap.arc.ulaval.ca\/wp-content\/uploads\/sites\/4\/2021\/02\/lien-ext.gif\" alt=\"Lien externe\" width=\"10\" height=\"10\"><\/a><\/p>\n<p>COLLECTIF UNIVERSITAIRE* (2015) Le Phase, un colosse aux pieds d&#8217;argile. Le Devoir. Opinion: id\u00e9es. 27 f\u00e9vrier 2015. *Professeurs signataires:&nbsp;Claude Demers, Carole Despr\u00e9s, Fran\u00e7ois Dufaux OAQ, Andr\u00e9 Potvin et Genevi\u00e8ve Vachon OAQ, \u00c9cole architecture, Andr\u00e9e Fortin et Dominique Morin, D\u00e9partement de sociologie, Manon Boulianne, D\u00e9partement d\u2019anthropologie (Universit\u00e9 Laval) ; Pierre Gauthier, D\u00e9partement de g\u00e9ographie et d\u2019urbanisme (Universit\u00e9 Concordia) ; et S\u00e9bastien Lord, Institut d\u2019urbanisme (Universit\u00e9 de Montr\u00e9al). <a href=\"https:\/\/www.ledevoir.com\/opinion\/idees\/432974\/projet-immobilier-geant-a-quebec-le-phare-un-colosse-au-pied-d-argile\" target=\"_blank\" rel=\"attachment wp-att-305 noopener\"><img loading=\"lazy\" decoding=\"async\" class=\"size-full wp-image-305 alignnone\" src=\"https:\/\/www.grap.arc.ulaval.ca\/wp-content\/uploads\/sites\/4\/2021\/02\/lien-ext.gif\" alt=\"Lien externe\" width=\"10\" height=\"10\"><\/a><\/p>\n<p>DEMERS, POTVIN, (2008), &#8220;Productivit\u00e9 durable: vers une biophilie architecturale&#8221;, dans Esquisses, Ordre des Architectes du Qu\u00e9bec, Avril-Mai, vol. 19 num\u00e9ro 2.<a href=\"https:\/\/www.grap.arc.ulaval.ca\/wp-content\/uploads\/sites\/4\/2021\/02\/18-GRAP-product-bio.pdf\" target=\"_blank\" rel=\"noopener\"><img loading=\"lazy\" decoding=\"async\" class=\" alignnone wp-image-3226\" src=\"https:\/\/www.grap.arc.ulaval.ca\/wp-content\/uploads\/sites\/4\/2021\/02\/pdf-icon-e1435868221658.png\" alt=\"pdf-icon\" width=\"17\" height=\"17\"><\/a><\/p>\n<p>DEMERS, POTVIN, (2008), &#8220;Confort math\u00e9matique&#8221;, dans Esquisses, Ordre des Architectes du Qu\u00e9bec, F\u00e9vrier-Mars, vol. 19 num\u00e9ro 1.<a href=\"https:\/\/www.grap.arc.ulaval.ca\/wp-content\/uploads\/sites\/4\/2021\/02\/17-GRAP-math-cullinan.pdf\" target=\"_blank\" rel=\"noopener\"><img loading=\"lazy\" decoding=\"async\" class=\" wp-image-3226 alignnone\" src=\"https:\/\/www.grap.arc.ulaval.ca\/wp-content\/uploads\/sites\/4\/2021\/02\/pdf-icon-e1435868221658.png\" alt=\"pdf-icon\" width=\"17\" height=\"17\"><\/a><\/p>\n<p>DEMERS, POTVIN, (2007), &#8220;L&#8217;\u00e9valuation de fonctionalit\u00e9: un outil pour les architectes&#8221;, dans Esquisses, Ordre des Architectes du Qu\u00e9bec, Septembre-Octobre, vol. 18 num\u00e9ro 3.<a href=\"https:\/\/www.grap.arc.ulaval.ca\/wp-content\/uploads\/sites\/4\/2021\/02\/16-GRAP-EPO-GLA-.pdf\" target=\"_blank\" rel=\"noopener\"><img loading=\"lazy\" decoding=\"async\" class=\" wp-image-3226 alignnone\" src=\"https:\/\/www.grap.arc.ulaval.ca\/wp-content\/uploads\/sites\/4\/2021\/02\/pdf-icon-e1435868221658.png\" alt=\"pdf-icon\" width=\"17\" height=\"17\"><\/a><\/p>\n<p>DEMERS, POTVIN, (2007), &#8220;La transparence d\u00e9mocratique&#8221;, dans Esquisses, Ordre des Architectes du Qu\u00e9bec, Juin-Ao\u00fbt, vol. 18 num\u00e9ro 2.<a href=\"https:\/\/www.grap.arc.ulaval.ca\/wp-content\/uploads\/sites\/4\/2021\/02\/15-rogers-cardiff.pdf\" target=\"_blank\" rel=\"noopener\"><img loading=\"lazy\" decoding=\"async\" class=\" wp-image-3226 alignnone\" src=\"https:\/\/www.grap.arc.ulaval.ca\/wp-content\/uploads\/sites\/4\/2021\/02\/pdf-icon-e1435868221658.png\" alt=\"pdf-icon\" width=\"17\" height=\"17\"><\/a><\/p>\n<p>DEMERS, POTVIN, (2007), &#8220;L&#8217;\u00e9clairage naturel des commerces gonfle les ventes&#8221;, dans Esquisses, Ordre des Architectes du Qu\u00e9bec, Avril-Mai, vol. 18 num\u00e9ro 1.<a href=\"https:\/\/www.grap.arc.ulaval.ca\/wp-content\/uploads\/sites\/4\/2021\/02\/14-lumiere-ventes.pdf\" target=\"_blank\" rel=\"noopener\"><img loading=\"lazy\" decoding=\"async\" class=\" wp-image-3226 alignnone\" src=\"https:\/\/www.grap.arc.ulaval.ca\/wp-content\/uploads\/sites\/4\/2021\/02\/pdf-icon-e1435868221658.png\" alt=\"pdf-icon\" width=\"17\" height=\"17\"><\/a><\/p>\n<p>DEMERS, POTVIN, (2007), \u00abLe mus\u00e9e de la Roche d&#8217;O\u00ebtre, ou l&#8217;art de dompter les \u00e9l\u00e9ments\u00bb, dans Esquisses, Ordre des Architectes du Qu\u00e9bec, F\u00e9vrier-Mars, vol. 17, num\u00e9ro 5.<a href=\"https:\/\/www.grap.arc.ulaval.ca\/wp-content\/uploads\/sites\/4\/2021\/02\/13-roche-dOetre.pdf\" target=\"_blank\" rel=\"noopener\"><img loading=\"lazy\" decoding=\"async\" class=\" wp-image-3226 alignnone\" src=\"https:\/\/www.grap.arc.ulaval.ca\/wp-content\/uploads\/sites\/4\/2021\/02\/pdf-icon-e1435868221658.png\" alt=\"pdf-icon\" width=\"17\" height=\"17\"><\/a><\/p>\n<p>DEMERS, POTVIN, (2006), &#8220;Une approche bioclimatique pour humaniser l&#8217;architecture&#8221;, dans Esquisses, Ordre des Architectes du Qu\u00e9bec, Novembre 2006-Janvier 2007.<a href=\"https:\/\/www.grap.arc.ulaval.ca\/wp-content\/uploads\/sites\/4\/2021\/02\/12-GRAP-ARUP.pdf\" target=\"_blank\" rel=\"noopener\"><img loading=\"lazy\" decoding=\"async\" class=\" wp-image-3226 alignnone\" src=\"https:\/\/www.grap.arc.ulaval.ca\/wp-content\/uploads\/sites\/4\/2021\/02\/pdf-icon-e1435868221658.png\" alt=\"pdf-icon\" width=\"17\" height=\"17\"><\/a><\/p>\n<p>POTVIN, DEMERS, (2006),&#8221;Le micro-climat du campus&#8221;, dans Esquisses, Ordre des Architectes du Qu\u00e9bec, Juin-Juillet-Ao\u00fbt.<a href=\"https:\/\/www.grap.arc.ulaval.ca\/wp-content\/uploads\/sites\/4\/2021\/02\/11-GRAP-kruger.pdf\" target=\"_blank\" rel=\"noopener\"><img loading=\"lazy\" decoding=\"async\" class=\" wp-image-3226 alignnone\" src=\"https:\/\/www.grap.arc.ulaval.ca\/wp-content\/uploads\/sites\/4\/2021\/02\/pdf-icon-e1435868221658.png\" alt=\"pdf-icon\" width=\"17\" height=\"17\"><\/a><\/p>\n<p>DEMERS, POTVIN, (2005), \u00ab L&#8217;\u00e9clairage architectural et la pollution lumineuse \u00bb, Esquisses, bulletin d&#8217;information de l&#8217;Ordre des Architectes du Qu\u00e9bec, Septembre-octobre, volume 16, num\u00e9ro 3.<a href=\"https:\/\/www.grap.arc.ulaval.ca\/wp-content\/uploads\/sites\/4\/2021\/02\/10-GRAP-eclairage-architectural.pdf\" target=\"_blank\" rel=\"noopener\"><img loading=\"lazy\" decoding=\"async\" class=\" wp-image-3226 alignnone\" src=\"https:\/\/www.grap.arc.ulaval.ca\/wp-content\/uploads\/sites\/4\/2021\/02\/pdf-icon-e1435868221658.png\" alt=\"pdf-icon\" width=\"17\" height=\"17\"><\/a><\/p>\n<p>DEMERS, POTVIN, (2005), \u00ab Le bureau bioclimatique \u00bb, Esquisses, bulletin d&#8217;information de l&#8217;Ordre des Architectes du Qu\u00e9bec, Juin-juillet-ao\u00fbt, volume 16, num\u00e9ro 2.<a href=\"https:\/\/www.grap.arc.ulaval.ca\/wp-content\/uploads\/sites\/4\/2021\/02\/9-GRAP-bureau-bioclimat.pdf\" target=\"_blank\" rel=\"noopener\"><img loading=\"lazy\" decoding=\"async\" class=\" wp-image-3226 alignnone\" src=\"https:\/\/www.grap.arc.ulaval.ca\/wp-content\/uploads\/sites\/4\/2021\/02\/pdf-icon-e1435868221658.png\" alt=\"pdf-icon\" width=\"17\" height=\"17\"><\/a><\/p>\n<p>POTVIN, DEMERS, (2005), \u00ab La ventilation naturelle dans le contexte qu\u00e9b\u00e9cois \u00bb, Esquisses, bulletin d&#8217;information de l&#8217;Ordre des Architectes du Qu\u00e9bec, Avril-mai, volume 16, num\u00e9ro 1.<a href=\"https:\/\/www.grap.arc.ulaval.ca\/wp-content\/uploads\/sites\/4\/2021\/02\/8-GRAP-ventilation-naturelle.pdf\" target=\"_blank\" rel=\"noopener\"><img loading=\"lazy\" decoding=\"async\" class=\" wp-image-3226 alignnone\" src=\"https:\/\/www.grap.arc.ulaval.ca\/wp-content\/uploads\/sites\/4\/2021\/02\/pdf-icon-e1435868221658.png\" alt=\"pdf-icon\" width=\"17\" height=\"17\"><\/a><\/p>\n<p>DEMERS, POTVIN, (2004), \u00ab Le brise-soleil : la derni\u00e8re grande invention environnementale en architecture \u00bb, Esquisses, bulletin d&#8217;information de l&#8217;Ordre des Architectes du Qu\u00e9bec, F\u00e9vrier-mars, volume 15, num\u00e9ro 5<a href=\"https:\/\/www.grap.arc.ulaval.ca\/wp-content\/uploads\/sites\/4\/2021\/02\/7-GRAP-brise-soleil.pdf\" target=\"_blank\" rel=\"noopener\"><img loading=\"lazy\" decoding=\"async\" class=\" wp-image-3226 alignnone\" src=\"https:\/\/www.grap.arc.ulaval.ca\/wp-content\/uploads\/sites\/4\/2021\/02\/pdf-icon-e1435868221658.png\" alt=\"pdf-icon\" width=\"17\" height=\"17\"><\/a><\/p>\n<p>DEMERS, POTVIN, (2004), \u00ab L&#8217;atrium : espace bioclimatique viable en milieu nordique \u00bb, Esquisses, bulletin d&#8217;information de l&#8217;Ordre des Architectes du Qu\u00e9bec, Novembre-janvier, volume 15, num\u00e9ro 4.<a href=\"https:\/\/www.grap.arc.ulaval.ca\/wp-content\/uploads\/sites\/4\/2021\/02\/6-GRAP-atrium.pdf\" target=\"_blank\" rel=\"noopener\"><img loading=\"lazy\" decoding=\"async\" class=\" wp-image-3226 alignnone\" src=\"https:\/\/www.grap.arc.ulaval.ca\/wp-content\/uploads\/sites\/4\/2021\/02\/pdf-icon-e1435868221658.png\" alt=\"pdf-icon\" width=\"17\" height=\"17\"><\/a><\/p>\n<p>POTVIN, DEMERS, DUBOIS, (2004), \u00ab Le refroidissement passif comme strat\u00e9gie bioclimatique \u00bb, Esquisses, Le bulletin de l&#8217;Ordre des Architectes du Qu\u00e9bec, Juin-Juillet-Ao\u00fbt 2004, vol. 15, no. 2.<a href=\"https:\/\/www.grap.arc.ulaval.ca\/wp-content\/uploads\/sites\/4\/2021\/02\/5-GRAP-refroidissement.pdf\" target=\"_blank\" rel=\"noopener\"><img loading=\"lazy\" decoding=\"async\" class=\" wp-image-3226 alignnone\" src=\"https:\/\/www.grap.arc.ulaval.ca\/wp-content\/uploads\/sites\/4\/2021\/02\/pdf-icon-e1435868221658.png\" alt=\"pdf-icon\" width=\"17\" height=\"17\"><\/a><\/p>\n<p>POTVIN, DEMERS, DUBOIS, (2004), \u00ab Le chauffage solaire comme strat\u00e9gie bioclimatique \u00bb, Esquisses, Le bulletin d&#8217;information de l&#8217;Ordre des Architectes du Qu\u00e9bec, volume 15, num\u00e9ro 1.<a href=\"https:\/\/www.grap.arc.ulaval.ca\/wp-content\/uploads\/sites\/4\/2021\/02\/4-GRAP-chauffage-passif.pdf\" target=\"_blank\" rel=\"noopener\"><img loading=\"lazy\" decoding=\"async\" class=\" wp-image-3226 alignnone\" src=\"https:\/\/www.grap.arc.ulaval.ca\/wp-content\/uploads\/sites\/4\/2021\/02\/pdf-icon-e1435868221658.png\" alt=\"pdf-icon\" width=\"16\" height=\"16\"><\/a><\/p>\n<p>DEMERS, POTVIN, (2003), \u00ab L&#8217;\u00e9clairage naturel comme strat\u00e9gie bioclimatique \u00bb, Esquisses, Le bulletin d&#8217;information de l&#8217;Ordre des Architectes du Qu\u00e9bec, volume 14, num\u00e9ro 3.<\/p>\n<p>DEMERS, POTVIN, (2003), \u00ab L&#8217;architecte concepteur-lumi\u00e8re : une question d&#8217;int\u00e9gration \u00bb, Esquisses, Le bulletin d&#8217;information de l&#8217;Ordre des Architectes du Qu\u00e9bec, volume 14, num\u00e9ro 2.<\/p>\n<p>POTVIN, DEMERS, (2003), \u00ab L&#8217;approche bioclimatique en architecture \u00bb, Esquisses, bulletin d&#8217;information de l&#8217;Ordre des Architectes du Qu\u00e9bec, volume 14, num\u00e9ro 2.<a href=\"https:\/\/www.grap.arc.ulaval.ca\/wp-content\/uploads\/sites\/4\/2021\/02\/1-GRAP-bioclimat.pdf\" target=\"_blank\" rel=\"noopener\"><img loading=\"lazy\" decoding=\"async\" class=\" wp-image-3226 alignnone\" src=\"https:\/\/www.grap.arc.ulaval.ca\/wp-content\/uploads\/sites\/4\/2021\/02\/pdf-icon-e1435868221658.png\" alt=\"pdf-icon\" width=\"17\" height=\"17\"><\/a><\/p>\n<p>&nbsp;<\/p>\n<p><strong>Entrevues et citations<\/strong><\/p>\n<p>DEMERS, C. (2015) \u00ab&nbsp;2 fa\u00e7ons d\u2019utiliser le soleil&nbsp;: Comment mieux mettre les rayons solaires au service des humains? Entrevue avec Pascale Gu\u00e9ricolas. Les dossiers de Contact, Universit\u00e9 Laval. Qu\u00e9bec. 30 avril 2015.<\/p>\n<p>Demers, C. (2013) Des concepteurs vites sur leurs patins : solutions esth\u00e9tiques et durables pour un \u00e9ventuel anneau de glace couvert \u00e0 Qu\u00e9bec. Entrevue d\u2019Yvon Larose r\u00e9alis\u00e9 en d\u00e9cembre 2012, Le Fil de l\u2019\u00e9v\u00e8nement, Volume 48, num\u00e9ro 15, 10 janvier 2013.<\/p>\n<p>Demers, C. (2012) Qu&#8217;est-ce qu&#8217;une maison bioclimatique? Entrevue de St\u00e9phane Gagn\u00e9 r\u00e9alis\u00e9e en novembre 2012. Prot\u00e9gez-vous. Mise en ligne: novembre 2012. Magazine d\u00e9cembre 2012.<\/p>\n<p>Demers, C. (2012) Les villes ancestrales \u00e9taient presque toutes vertes. Entrevue de Tierry Haroun, Le Devoir, Cahier sp\u00e9cial H samedi-dimanche 28-29 avril 2012.<\/p>\n<p>Demers, C. (2011) La lumi\u00e8re, un antidote \u00e0 la d\u00e9prime hivernale? Entrevue de Lucie Lavigne, La Presse, 14 d\u00e9cembre 2011.<\/p>\n<p>Demers, C. (2008) Structures f\u00e9minines. Esquisses, Ordre des Architectes du Qu\u00e9bec, novembre-d\u00e9cembre-janvier, Volume 18 n\u00b04, p.6. Court article faisant mention de nos \u00e9tudiants ayant remport\u00e9 des prix au concours de l\u2019ACSA.<\/p>\n<p>Demers, C. (2008) L\u2019\u00e9clairage architectural. Entrevue de Marie-No\u00eblle Guillemette realis\u00e9e le 22 janvier 2008, Jobboom, mars 2008.<\/p>\n<p>&nbsp;<\/p>\n","protected":false},"excerpt":{"rendered":"<p>Articles\/Press POTVIN, DEMERS (2018). La Beaut\u00e9 de la carboneutralit\u00e9. Le Devoir. Opinion: id\u00e9es. 17 d\u00e9cembre 2018. COLLECTIF UNIVERSITAIRE* (2015) Le Phase, un colosse aux pieds d&#8217;argile. Le Devoir. Opinion: id\u00e9es. 27 f\u00e9vrier 2015. *Professeurs signataires:&nbsp;Claude Demers, Carole Despr\u00e9s, Fran\u00e7ois Dufaux OAQ, Andr\u00e9 Potvin et Genevi\u00e8ve Vachon OAQ, \u00c9cole architecture, Andr\u00e9e Fortin et Dominique Morin, D\u00e9partement [&hellip;]<\/p>\n","protected":false},"author":42,"featured_media":0,"parent":4636,"menu_order":0,"comment_status":"closed","ping_status":"closed","template":"site-commun.php","meta":{"_acf_changed":false,"footnotes":""},"class_list":["post-4641","page","type-page","status-publish","hentry"],"acf":[],"yoast_head":"<!-- This site is optimized with the Yoast SEO plugin v26.9 - https:\/\/yoast.com\/product\/yoast-seo-wordpress\/ -->\r\n<title>Articles de vulgarisation - Groupe de recherche en ambiances physiques | Universit\u00e9 Laval<\/title>\r\n<meta name=\"robots\" content=\"index, follow, max-snippet:-1, max-image-preview:large, max-video-preview:-1\" \/>\r\n<link rel=\"canonical\" href=\"https:\/\/www.grap.arc.ulaval.ca\/en\/diffusion\/vulgarization-articles\/\" \/>\r\n<meta property=\"og:locale\" content=\"en_US\" \/>\r\n<meta property=\"og:type\" content=\"article\" \/>\r\n<meta property=\"og:title\" content=\"Articles de vulgarisation - Groupe de recherche en ambiances physiques | Universit\u00e9 Laval\" \/>\r\n<meta property=\"og:description\" content=\"Articles\/Press POTVIN, DEMERS (2018). La Beaut\u00e9 de la carboneutralit\u00e9. Le Devoir. Opinion: id\u00e9es. 17 d\u00e9cembre 2018. COLLECTIF UNIVERSITAIRE* (2015) Le Phase, un colosse aux pieds d&#8217;argile. Le Devoir. Opinion: id\u00e9es. 27 f\u00e9vrier 2015. *Professeurs signataires:&nbsp;Claude Demers, Carole Despr\u00e9s, Fran\u00e7ois Dufaux OAQ, Andr\u00e9 Potvin et Genevi\u00e8ve Vachon OAQ, \u00c9cole architecture, Andr\u00e9e Fortin et Dominique Morin, D\u00e9partement [&hellip;]\" \/>\r\n<meta property=\"og:url\" content=\"https:\/\/www.grap.arc.ulaval.ca\/en\/diffusion\/vulgarization-articles\/\" \/>\r\n<meta property=\"og:site_name\" content=\"Groupe de recherche en ambiances physiques | Universit\u00e9 Laval\" \/>\r\n<meta property=\"article:modified_time\" content=\"2021-02-19T14:24:52+00:00\" \/>\r\n<meta property=\"og:image\" content=\"https:\/\/www.grap.arc.ulaval.ca\/wp-content\/uploads\/sites\/4\/2021\/02\/lien-ext.gif\" \/>\r\n<meta name=\"twitter:card\" content=\"summary_large_image\" \/>\r\n<meta name=\"twitter:label1\" content=\"Est. reading time\" \/>\n\t<meta name=\"twitter:data1\" content=\"7 minutes\" \/>\r\n<script type=\"application\/ld+json\" class=\"yoast-schema-graph\">{\"@context\":\"https:\/\/schema.org\",\"@graph\":[{\"@type\":\"WebPage\",\"@id\":\"https:\/\/www.grap.arc.ulaval.ca\/en\/diffusion\/vulgarization-articles\/\",\"url\":\"https:\/\/www.grap.arc.ulaval.ca\/en\/diffusion\/vulgarization-articles\/\",\"name\":\"Articles de vulgarisation - Groupe de recherche en ambiances physiques | Universit\u00e9 Laval\",\"isPartOf\":{\"@id\":\"https:\/\/www.grap.arc.ulaval.ca\/#website\"},\"primaryImageOfPage\":{\"@id\":\"https:\/\/www.grap.arc.ulaval.ca\/en\/diffusion\/vulgarization-articles\/#primaryimage\"},\"image\":{\"@id\":\"https:\/\/www.grap.arc.ulaval.ca\/en\/diffusion\/vulgarization-articles\/#primaryimage\"},\"thumbnailUrl\":\"https:\/\/www.grap.arc.ulaval.ca\/wp-content\/uploads\/sites\/4\/2021\/02\/lien-ext.gif\",\"datePublished\":\"2019-01-29T20:00:56+00:00\",\"dateModified\":\"2021-02-19T14:24:52+00:00\",\"breadcrumb\":{\"@id\":\"https:\/\/www.grap.arc.ulaval.ca\/en\/diffusion\/vulgarization-articles\/#breadcrumb\"},\"inLanguage\":\"en-US\",\"potentialAction\":[{\"@type\":\"ReadAction\",\"target\":[\"https:\/\/www.grap.arc.ulaval.ca\/en\/diffusion\/vulgarization-articles\/\"]}]},{\"@type\":\"ImageObject\",\"inLanguage\":\"en-US\",\"@id\":\"https:\/\/www.grap.arc.ulaval.ca\/en\/diffusion\/vulgarization-articles\/#primaryimage\",\"url\":\"https:\/\/www.grap.arc.ulaval.ca\/wp-content\/uploads\/sites\/4\/2021\/02\/lien-ext.gif\",\"contentUrl\":\"https:\/\/www.grap.arc.ulaval.ca\/wp-content\/uploads\/sites\/4\/2021\/02\/lien-ext.gif\"},{\"@type\":\"BreadcrumbList\",\"@id\":\"https:\/\/www.grap.arc.ulaval.ca\/en\/diffusion\/vulgarization-articles\/#breadcrumb\",\"itemListElement\":[{\"@type\":\"ListItem\",\"position\":1,\"name\":\"Accueil\",\"item\":\"https:\/\/www.grap.arc.ulaval.ca\/en\/\"},{\"@type\":\"ListItem\",\"position\":2,\"name\":\"Diffusion\",\"item\":\"https:\/\/www.grap.arc.ulaval.ca\/en\/diffusion\/\"},{\"@type\":\"ListItem\",\"position\":3,\"name\":\"Articles de vulgarisation\"}]},{\"@type\":\"WebSite\",\"@id\":\"https:\/\/www.grap.arc.ulaval.ca\/#website\",\"url\":\"https:\/\/www.grap.arc.ulaval.ca\/\",\"name\":\"Groupe de recherche en ambiances physiques | Universit\u00e9 Laval\",\"description\":\"grap\",\"potentialAction\":[{\"@type\":\"SearchAction\",\"target\":{\"@type\":\"EntryPoint\",\"urlTemplate\":\"https:\/\/www.grap.arc.ulaval.ca\/?s={search_term_string}\"},\"query-input\":{\"@type\":\"PropertyValueSpecification\",\"valueRequired\":true,\"valueName\":\"search_term_string\"}}],\"inLanguage\":\"en-US\"}]}<\/script>\r\n<!-- \/ Yoast SEO plugin. -->","yoast_head_json":{"title":"Articles de vulgarisation - Groupe de recherche en ambiances physiques | Universit\u00e9 Laval","robots":{"index":"index","follow":"follow","max-snippet":"max-snippet:-1","max-image-preview":"max-image-preview:large","max-video-preview":"max-video-preview:-1"},"canonical":"https:\/\/www.grap.arc.ulaval.ca\/en\/diffusion\/vulgarization-articles\/","og_locale":"en_US","og_type":"article","og_title":"Articles de vulgarisation - Groupe de recherche en ambiances physiques | Universit\u00e9 Laval","og_description":"Articles\/Press POTVIN, DEMERS (2018). La Beaut\u00e9 de la carboneutralit\u00e9. Le Devoir. Opinion: id\u00e9es. 17 d\u00e9cembre 2018. COLLECTIF UNIVERSITAIRE* (2015) Le Phase, un colosse aux pieds d&#8217;argile. Le Devoir. Opinion: id\u00e9es. 27 f\u00e9vrier 2015. *Professeurs signataires:&nbsp;Claude Demers, Carole Despr\u00e9s, Fran\u00e7ois Dufaux OAQ, Andr\u00e9 Potvin et Genevi\u00e8ve Vachon OAQ, \u00c9cole architecture, Andr\u00e9e Fortin et Dominique Morin, D\u00e9partement [&hellip;]","og_url":"https:\/\/www.grap.arc.ulaval.ca\/en\/diffusion\/vulgarization-articles\/","og_site_name":"Groupe de recherche en ambiances physiques | Universit\u00e9 Laval","article_modified_time":"2021-02-19T14:24:52+00:00","og_image":[{"url":"https:\/\/www.grap.arc.ulaval.ca\/wp-content\/uploads\/sites\/4\/2021\/02\/lien-ext.gif","type":"","width":"","height":""}],"twitter_card":"summary_large_image","twitter_misc":{"Est. reading time":"7 minutes"},"schema":{"@context":"https:\/\/schema.org","@graph":[{"@type":"WebPage","@id":"https:\/\/www.grap.arc.ulaval.ca\/en\/diffusion\/vulgarization-articles\/","url":"https:\/\/www.grap.arc.ulaval.ca\/en\/diffusion\/vulgarization-articles\/","name":"Articles de vulgarisation - Groupe de recherche en ambiances physiques | Universit\u00e9 Laval","isPartOf":{"@id":"https:\/\/www.grap.arc.ulaval.ca\/#website"},"primaryImageOfPage":{"@id":"https:\/\/www.grap.arc.ulaval.ca\/en\/diffusion\/vulgarization-articles\/#primaryimage"},"image":{"@id":"https:\/\/www.grap.arc.ulaval.ca\/en\/diffusion\/vulgarization-articles\/#primaryimage"},"thumbnailUrl":"https:\/\/www.grap.arc.ulaval.ca\/wp-content\/uploads\/sites\/4\/2021\/02\/lien-ext.gif","datePublished":"2019-01-29T20:00:56+00:00","dateModified":"2021-02-19T14:24:52+00:00","breadcrumb":{"@id":"https:\/\/www.grap.arc.ulaval.ca\/en\/diffusion\/vulgarization-articles\/#breadcrumb"},"inLanguage":"en-US","potentialAction":[{"@type":"ReadAction","target":["https:\/\/www.grap.arc.ulaval.ca\/en\/diffusion\/vulgarization-articles\/"]}]},{"@type":"ImageObject","inLanguage":"en-US","@id":"https:\/\/www.grap.arc.ulaval.ca\/en\/diffusion\/vulgarization-articles\/#primaryimage","url":"https:\/\/www.grap.arc.ulaval.ca\/wp-content\/uploads\/sites\/4\/2021\/02\/lien-ext.gif","contentUrl":"https:\/\/www.grap.arc.ulaval.ca\/wp-content\/uploads\/sites\/4\/2021\/02\/lien-ext.gif"},{"@type":"BreadcrumbList","@id":"https:\/\/www.grap.arc.ulaval.ca\/en\/diffusion\/vulgarization-articles\/#breadcrumb","itemListElement":[{"@type":"ListItem","position":1,"name":"Accueil","item":"https:\/\/www.grap.arc.ulaval.ca\/en\/"},{"@type":"ListItem","position":2,"name":"Diffusion","item":"https:\/\/www.grap.arc.ulaval.ca\/en\/diffusion\/"},{"@type":"ListItem","position":3,"name":"Articles de vulgarisation"}]},{"@type":"WebSite","@id":"https:\/\/www.grap.arc.ulaval.ca\/#website","url":"https:\/\/www.grap.arc.ulaval.ca\/","name":"Groupe de recherche en ambiances physiques | Universit\u00e9 Laval","description":"grap","potentialAction":[{"@type":"SearchAction","target":{"@type":"EntryPoint","urlTemplate":"https:\/\/www.grap.arc.ulaval.ca\/?s={search_term_string}"},"query-input":{"@type":"PropertyValueSpecification","valueRequired":true,"valueName":"search_term_string"}}],"inLanguage":"en-US"}]}},"_links":{"self":[{"href":"https:\/\/www.grap.arc.ulaval.ca\/en\/wp-json\/wp\/v2\/pages\/4641","targetHints":{"allow":["GET"]}}],"collection":[{"href":"https:\/\/www.grap.arc.ulaval.ca\/en\/wp-json\/wp\/v2\/pages"}],"about":[{"href":"https:\/\/www.grap.arc.ulaval.ca\/en\/wp-json\/wp\/v2\/types\/page"}],"author":[{"embeddable":true,"href":"https:\/\/www.grap.arc.ulaval.ca\/en\/wp-json\/wp\/v2\/users\/42"}],"replies":[{"embeddable":true,"href":"https:\/\/www.grap.arc.ulaval.ca\/en\/wp-json\/wp\/v2\/comments?post=4641"}],"version-history":[{"count":1,"href":"https:\/\/www.grap.arc.ulaval.ca\/en\/wp-json\/wp\/v2\/pages\/4641\/revisions"}],"predecessor-version":[{"id":4642,"href":"https:\/\/www.grap.arc.ulaval.ca\/en\/wp-json\/wp\/v2\/pages\/4641\/revisions\/4642"}],"up":[{"embeddable":true,"href":"https:\/\/www.grap.arc.ulaval.ca\/en\/wp-json\/wp\/v2\/pages\/4636"}],"wp:attachment":[{"href":"https:\/\/www.grap.arc.ulaval.ca\/en\/wp-json\/wp\/v2\/media?parent=4641"}],"curies":[{"name":"wp","href":"https:\/\/api.w.org\/{rel}","templated":true}]}}