{"id":4639,"date":"2015-07-02T10:32:58","date_gmt":"2015-07-02T15:32:58","guid":{"rendered":"https:\/\/www.grap.arc.ulaval.ca\/diffusion\/academique\/"},"modified":"2021-02-22T14:57:31","modified_gmt":"2021-02-22T19:57:31","slug":"academique","status":"publish","type":"page","link":"https:\/\/www.grap.arc.ulaval.ca\/en\/diffusion\/academique\/","title":{"rendered":"Acad\u00e9mique"},"content":{"rendered":"<h1>Acad\u00e9mique<\/h1>\n<p><a href=\"#seminaires\">S\u00e9minaires et ateliers<\/a><br \/>\n<a href=\"#critique\">Critique invit\u00e9<\/a><br \/>\n<a name=\"seminaires\"><\/a><br \/>\n<strong>S\u00e9minaires et ateliers<\/strong><\/p>\n<p>POTVIN, A. (2013) Designing for Urban Microclimates -From Comfort Provisioning to UHI Mitigation, Workshop at the Architectural Association AA, London, 30 January 2013.<\/p>\n<p>DEMERS, C. (2013) From theory to practice: Workshop on Tactile &amp; Digital Approach to Daylighting. LumCalcul as a tool to intergate daylight early in the design process. Architectural Association, Londres, 20 February&nbsp; 2013 4.00<\/p>\n<p>POTVIN, A. (2012) Architecture durable &#8211; Recherche, enseignement et pratique, Forum EDS, Universit\u00e9 Laval, 5 avril.<\/p>\n<p>POTVIN, A. (2012) Architecture .05. Conf\u00e9rence TEDx Universit\u00e9 Laval, 23 mars 2012.<\/p>\n<p>DEMERS (2006), \u00abArchitectural Daylighting : synthesis of a qualitative and quantitative design process\u00bb, The Architectural Association, London, UK. S\u00e9minaire PhD MSc\/MArch Sustainable Environmental Design, 24 mai 2006.<br \/>\n<a name=\"critique\"><\/a><br \/>\n<strong>Critique invit\u00e9<\/strong><\/p>\n<p>DEMERS, C. (2013) avril. University of Cambridge, The Martin Centre for Architectural and Urban Studies, University of Cambridge, Cambridge, UK. Critique des projets de th\u00e8ses MPhil thesis crit.<\/p>\n<p>POTVIN, A. (2007) mars, Dalhousie School of architecture, Halifax, Nouvelle-\u00c9cosse.<\/p>\n<p>DEMERS, C. (2006) 17 mai, University of Cambridge, The Martin Centre for Architectural and Urban Studies, University of Cambridge, Cambridge, UK. Encadrement : Dr Koen Steemers, Directeur du Martin Centre et Dr Mary-Ann Steane, Lecturer. Critique des projets de th\u00e8ses MPhil thesis crit.<\/p>\n<p>DEMERS, C. POTVIN, A. (2006) 10 mai, The Architectural Association (AA), London, UK. Supervision: Dr Simon Yannas, directeur of the MSc\/MArch Sustainable Environmental Design et Academic Coordinator AA PhD Programme. Critique finale d&#8217;atelier d&#8217;\u00e9clairage naturel \/ Final crit at the Daylighting design Studio.<\/p>\n<p>POTVIN, A. (2006) mars, The Architectural Association (AA), London, UK. Supervision: Dr Simon Yannas, directeur of the MSc\/MArch Sustainable Environmental Design et Academic Coordinator AA PhD Programme, Critique des projets de ma\u00eetrise \/ Master&#8217;s thesis projects.<\/p>\n<p>DEMERS, C. (2005) 8 d\u00e9cembre, The Architectural Association (AA), London, UK. Supervision: Dr Simon Yannas, directeur of the MSc\/MArch Sustainable Environmental Design et Academic Coordinator AA PhD Programme, Critique des projets de ma\u00eetrise \/ Master&#8217;s thesis projects.<\/p>\n<p>DEMERS, C. POTVIN, A. (2004) juillet, School of Architecture, University of Oregon at Eugene, Oregon, USA. Professors: G Z Brown et C Theorodopoulos. Critique d&#8217;atelier de design bioclimatique d&#8217;\u00e9t\u00e9 \/ Crit at the passive design summer studio.<\/p>\n","protected":false},"excerpt":{"rendered":"<p>Acad\u00e9mique S\u00e9minaires et ateliers Critique invit\u00e9 S\u00e9minaires et ateliers POTVIN, A. (2013) Designing for Urban Microclimates -From Comfort Provisioning to UHI Mitigation, Workshop at the Architectural Association AA, London, 30 January 2013. DEMERS, C. (2013) From theory to practice: Workshop on Tactile &amp; Digital Approach to Daylighting. LumCalcul as a tool to intergate daylight early [&hellip;]<\/p>\n","protected":false},"author":3,"featured_media":0,"parent":4636,"menu_order":0,"comment_status":"closed","ping_status":"closed","template":"site-commun.php","meta":{"_acf_changed":false,"footnotes":""},"class_list":["post-4639","page","type-page","status-publish","hentry"],"acf":[],"yoast_head":"<!-- This site is optimized with the Yoast SEO plugin v26.9 - https:\/\/yoast.com\/product\/yoast-seo-wordpress\/ -->\r\n<title>Acad\u00e9mique - Groupe de recherche en ambiances physiques | Universit\u00e9 Laval<\/title>\r\n<meta name=\"robots\" content=\"index, follow, max-snippet:-1, max-image-preview:large, max-video-preview:-1\" \/>\r\n<link rel=\"canonical\" href=\"https:\/\/www.grap.arc.ulaval.ca\/en\/diffusion\/academique\/\" \/>\r\n<meta property=\"og:locale\" content=\"en_US\" \/>\r\n<meta property=\"og:type\" content=\"article\" \/>\r\n<meta property=\"og:title\" content=\"Acad\u00e9mique - Groupe de recherche en ambiances physiques | Universit\u00e9 Laval\" \/>\r\n<meta property=\"og:description\" content=\"Acad\u00e9mique S\u00e9minaires et ateliers Critique invit\u00e9 S\u00e9minaires et ateliers POTVIN, A. (2013) Designing for Urban Microclimates -From Comfort Provisioning to UHI Mitigation, Workshop at the Architectural Association AA, London, 30 January 2013. DEMERS, C. (2013) From theory to practice: Workshop on Tactile &amp; Digital Approach to Daylighting. LumCalcul as a tool to intergate daylight early [&hellip;]\" \/>\r\n<meta property=\"og:url\" content=\"https:\/\/www.grap.arc.ulaval.ca\/en\/diffusion\/academique\/\" \/>\r\n<meta property=\"og:site_name\" content=\"Groupe de recherche en ambiances physiques | Universit\u00e9 Laval\" \/>\r\n<meta property=\"article:modified_time\" content=\"2021-02-22T19:57:31+00:00\" \/>\r\n<meta name=\"twitter:card\" content=\"summary_large_image\" \/>\r\n<meta name=\"twitter:label1\" content=\"Est. reading time\" \/>\n\t<meta name=\"twitter:data1\" content=\"2 minutes\" \/>\r\n<script type=\"application\/ld+json\" class=\"yoast-schema-graph\">{\"@context\":\"https:\/\/schema.org\",\"@graph\":[{\"@type\":\"WebPage\",\"@id\":\"https:\/\/www.grap.arc.ulaval.ca\/en\/diffusion\/academique\/\",\"url\":\"https:\/\/www.grap.arc.ulaval.ca\/en\/diffusion\/academique\/\",\"name\":\"Acad\u00e9mique - Groupe de recherche en ambiances physiques | Universit\u00e9 Laval\",\"isPartOf\":{\"@id\":\"https:\/\/www.grap.arc.ulaval.ca\/#website\"},\"datePublished\":\"2015-07-02T15:32:58+00:00\",\"dateModified\":\"2021-02-22T19:57:31+00:00\",\"breadcrumb\":{\"@id\":\"https:\/\/www.grap.arc.ulaval.ca\/en\/diffusion\/academique\/#breadcrumb\"},\"inLanguage\":\"en-US\",\"potentialAction\":[{\"@type\":\"ReadAction\",\"target\":[\"https:\/\/www.grap.arc.ulaval.ca\/en\/diffusion\/academique\/\"]}]},{\"@type\":\"BreadcrumbList\",\"@id\":\"https:\/\/www.grap.arc.ulaval.ca\/en\/diffusion\/academique\/#breadcrumb\",\"itemListElement\":[{\"@type\":\"ListItem\",\"position\":1,\"name\":\"Accueil\",\"item\":\"https:\/\/www.grap.arc.ulaval.ca\/en\/\"},{\"@type\":\"ListItem\",\"position\":2,\"name\":\"Diffusion\",\"item\":\"https:\/\/www.grap.arc.ulaval.ca\/en\/diffusion\/\"},{\"@type\":\"ListItem\",\"position\":3,\"name\":\"Acad\u00e9mique\"}]},{\"@type\":\"WebSite\",\"@id\":\"https:\/\/www.grap.arc.ulaval.ca\/#website\",\"url\":\"https:\/\/www.grap.arc.ulaval.ca\/\",\"name\":\"Groupe de recherche en ambiances physiques | Universit\u00e9 Laval\",\"description\":\"grap\",\"potentialAction\":[{\"@type\":\"SearchAction\",\"target\":{\"@type\":\"EntryPoint\",\"urlTemplate\":\"https:\/\/www.grap.arc.ulaval.ca\/?s={search_term_string}\"},\"query-input\":{\"@type\":\"PropertyValueSpecification\",\"valueRequired\":true,\"valueName\":\"search_term_string\"}}],\"inLanguage\":\"en-US\"}]}<\/script>\r\n<!-- \/ Yoast SEO plugin. -->","yoast_head_json":{"title":"Acad\u00e9mique - Groupe de recherche en ambiances physiques | Universit\u00e9 Laval","robots":{"index":"index","follow":"follow","max-snippet":"max-snippet:-1","max-image-preview":"max-image-preview:large","max-video-preview":"max-video-preview:-1"},"canonical":"https:\/\/www.grap.arc.ulaval.ca\/en\/diffusion\/academique\/","og_locale":"en_US","og_type":"article","og_title":"Acad\u00e9mique - Groupe de recherche en ambiances physiques | Universit\u00e9 Laval","og_description":"Acad\u00e9mique S\u00e9minaires et ateliers Critique invit\u00e9 S\u00e9minaires et ateliers POTVIN, A. (2013) Designing for Urban Microclimates -From Comfort Provisioning to UHI Mitigation, Workshop at the Architectural Association AA, London, 30 January 2013. DEMERS, C. (2013) From theory to practice: Workshop on Tactile &amp; Digital Approach to Daylighting. LumCalcul as a tool to intergate daylight early [&hellip;]","og_url":"https:\/\/www.grap.arc.ulaval.ca\/en\/diffusion\/academique\/","og_site_name":"Groupe de recherche en ambiances physiques | Universit\u00e9 Laval","article_modified_time":"2021-02-22T19:57:31+00:00","twitter_card":"summary_large_image","twitter_misc":{"Est. reading time":"2 minutes"},"schema":{"@context":"https:\/\/schema.org","@graph":[{"@type":"WebPage","@id":"https:\/\/www.grap.arc.ulaval.ca\/en\/diffusion\/academique\/","url":"https:\/\/www.grap.arc.ulaval.ca\/en\/diffusion\/academique\/","name":"Acad\u00e9mique - Groupe de recherche en ambiances physiques | Universit\u00e9 Laval","isPartOf":{"@id":"https:\/\/www.grap.arc.ulaval.ca\/#website"},"datePublished":"2015-07-02T15:32:58+00:00","dateModified":"2021-02-22T19:57:31+00:00","breadcrumb":{"@id":"https:\/\/www.grap.arc.ulaval.ca\/en\/diffusion\/academique\/#breadcrumb"},"inLanguage":"en-US","potentialAction":[{"@type":"ReadAction","target":["https:\/\/www.grap.arc.ulaval.ca\/en\/diffusion\/academique\/"]}]},{"@type":"BreadcrumbList","@id":"https:\/\/www.grap.arc.ulaval.ca\/en\/diffusion\/academique\/#breadcrumb","itemListElement":[{"@type":"ListItem","position":1,"name":"Accueil","item":"https:\/\/www.grap.arc.ulaval.ca\/en\/"},{"@type":"ListItem","position":2,"name":"Diffusion","item":"https:\/\/www.grap.arc.ulaval.ca\/en\/diffusion\/"},{"@type":"ListItem","position":3,"name":"Acad\u00e9mique"}]},{"@type":"WebSite","@id":"https:\/\/www.grap.arc.ulaval.ca\/#website","url":"https:\/\/www.grap.arc.ulaval.ca\/","name":"Groupe de recherche en ambiances physiques | Universit\u00e9 Laval","description":"grap","potentialAction":[{"@type":"SearchAction","target":{"@type":"EntryPoint","urlTemplate":"https:\/\/www.grap.arc.ulaval.ca\/?s={search_term_string}"},"query-input":{"@type":"PropertyValueSpecification","valueRequired":true,"valueName":"search_term_string"}}],"inLanguage":"en-US"}]}},"_links":{"self":[{"href":"https:\/\/www.grap.arc.ulaval.ca\/en\/wp-json\/wp\/v2\/pages\/4639","targetHints":{"allow":["GET"]}}],"collection":[{"href":"https:\/\/www.grap.arc.ulaval.ca\/en\/wp-json\/wp\/v2\/pages"}],"about":[{"href":"https:\/\/www.grap.arc.ulaval.ca\/en\/wp-json\/wp\/v2\/types\/page"}],"author":[{"embeddable":true,"href":"https:\/\/www.grap.arc.ulaval.ca\/en\/wp-json\/wp\/v2\/users\/3"}],"replies":[{"embeddable":true,"href":"https:\/\/www.grap.arc.ulaval.ca\/en\/wp-json\/wp\/v2\/comments?post=4639"}],"version-history":[{"count":1,"href":"https:\/\/www.grap.arc.ulaval.ca\/en\/wp-json\/wp\/v2\/pages\/4639\/revisions"}],"predecessor-version":[{"id":4966,"href":"https:\/\/www.grap.arc.ulaval.ca\/en\/wp-json\/wp\/v2\/pages\/4639\/revisions\/4966"}],"up":[{"embeddable":true,"href":"https:\/\/www.grap.arc.ulaval.ca\/en\/wp-json\/wp\/v2\/pages\/4636"}],"wp:attachment":[{"href":"https:\/\/www.grap.arc.ulaval.ca\/en\/wp-json\/wp\/v2\/media?parent=4639"}],"curies":[{"name":"wp","href":"https:\/\/api.w.org\/{rel}","templated":true}]}}