{"id":4627,"date":"2011-11-25T12:06:56","date_gmt":"2011-11-25T17:06:56","guid":{"rendered":"https:\/\/www.grap.arc.ulaval.ca\/about-us\/andre-potvin\/"},"modified":"2011-11-25T12:06:56","modified_gmt":"2011-11-25T17:06:56","slug":"andre-potvin","status":"publish","type":"page","link":"https:\/\/www.grap.arc.ulaval.ca\/en\/about-us\/andre-potvin\/","title":{"rendered":"Andr\u00e9 Potvin"},"content":{"rendered":"<h1>Andr\u00e9 Potvin<\/h1>\n<p>&nbsp;<\/p>\n<p><img loading=\"lazy\" decoding=\"async\" class=\"alignleft wp-image-3132 size-medium\" src=\"https:\/\/www.grap.arc.ulaval.ca\/wp-content\/uploads\/sites\/4\/2021\/02\/potvin-229x300.jpg\" alt=\"potvin\" width=\"229\" height=\"300\" srcset=\"https:\/\/www.grap.arc.ulaval.ca\/wp-content\/uploads\/sites\/4\/2021\/02\/potvin-229x300.jpg 229w, https:\/\/www.grap.arc.ulaval.ca\/wp-content\/uploads\/sites\/4\/2021\/02\/potvin-780x1024.jpg 780w, https:\/\/www.grap.arc.ulaval.ca\/wp-content\/uploads\/sites\/4\/2021\/02\/potvin.jpg 1474w\" sizes=\"auto, (max-width: 229px) 100vw, 229px\" \/><\/p>\n<p>&nbsp;<\/p>\n<p><span style=\"color: black\">Andr\u00e9 Potvin<\/span><\/p>\n<p><span style=\"color: black\">Ph.D. Cambridge, M.Arch. U. Laval<\/span><\/p>\n<p><span style=\"color: black\">Professeur titulaire \/\u00a0<\/span><span style=\"color: black\"><i>Professor<\/i><\/span><\/p>\n<p>&nbsp;<\/p>\n<p><a href=\"mailto:andre.potvin@arc.ulaval.ca\" target=\"_blank\" rel=\"noopener\">andre.potvin@arc.ulaval.ca<\/a><\/p>\n<p>&nbsp;<\/p>\n<p>&nbsp;<\/p>\n<p>&nbsp;<\/p>\n<p>&nbsp;<\/p>\n<p>Andr\u00e9 Potvin est dipl\u00f4m\u00e9 du<em> Martin Centre for Architectural and Urban Studies <\/em>de l\u2019Universit\u00e9 de Cambridge. Il est activement impliqu\u00e9 dans l\u2019enseignement et la recherche en design environnemental aux trois cycles d\u2019\u00e9tude. Monsieur Potvin est cofondateur du GRAP (Groupe de recherche en ambiances physiques), sp\u00e9cialis\u00e9 dans l\u2019int\u00e9gration des syst\u00e8mes passifs de contr\u00f4le environnemental aux \u00e9chelles urbaine, architecturale et des mat\u00e9riaux. Ses plus r\u00e9cents projets de recherche s\u2019int\u00e9ressent \u00e0 l\u2019architecture bioclimatique, la microclimatologie urbaine et l\u2019adaptabilit\u00e9 environnementale. Monsieur Potvin participe aussi activement au transfert des connaissances en pratique professionnelle en mode processus de design int\u00e9gr\u00e9 (PDI) pour de nombreux projets nationaux et internationaux. Monsieur Potvin est membre r\u00e9gulier de l\u2019Institut environnement, d\u00e9veloppement et soci\u00e9t\u00e9 (EDS) et si\u00e8ge au comit\u00e9 directeur interdisciplinaire du nouveau Centre de formation en d\u00e9veloppement durable (CFDD) de la Facult\u00e9 des sciences et de g\u00e9nie de l\u2019Universit\u00e9 Laval. Monsieur Potvin est aussi membre-associ\u00e9 de l\u2019organisation internationale <em>Passive Low Energy Architecture<\/em> (PLEA).<\/p>\n<p>&nbsp;<\/p>\n<p><em>Andr\u00e9 Potvin graduated from the University of Cambridge at the Martin Centre for Architectural and Urban Studies. He is actively involved in research and teaching in environmental design at graduate and postgraduate levels. Dr Potvin cofounded the Groupe de recherche en ambiances physiques (GRAP) dedicated in passive environmental control strategies at the urban, architectural and detail scales. His most recent research and consultant works include bioclimatic architecture, urban microclimatology and environmental adaptability. Dr Potvin is also a keen collaborator with private practice through Integrated Design Process (IDP) design charettes in several regional and international projects. He is associate member of the Institut environnement, d\u00e9veloppement et soci\u00e9t\u00e9 (EDS) as well as a member of the steering committee for the new Centre de formation en d\u00e9veloppement durable (CFDD) at Laval University. Dr Potvin is also Associate Member of the Passive Low Energy Architecture (PLEA) international organisation.<br \/>\n<\/em><\/p>\n<p>&nbsp;<\/p>\n<p><b style=\"line-height: 1.5\"><span style=\"color: black\">Formation acad\u00e9mique <\/span><\/b><span style=\"color: black\"><b>\/ Academical background<a href=\"#\"><img loading=\"lazy\" decoding=\"async\" class=\"  wp-image-3511 alignright\" src=\"https:\/\/www.grap.arc.ulaval.ca\/wp-content\/uploads\/sites\/4\/2021\/02\/Untitled-e1437954905133.png\" alt=\"Untitled\" width=\"12\" height=\"19\" \/><\/a><\/b><\/span><\/p>\n<p>1997-1999\u00a0<a href=\"#Post\">Post-Doctorat \/ Post Doctoral Fellow,<\/a>\u00a0<span style=\"color: black\">CRAD, Universit\u00e9 Laval, Qu\u00e9bec<\/span><\/p>\n<p>1993-1997 Doctorat en architecture, <a href=\"#Phd\">Ph.D<\/a>, University of Cambridge, UK<\/p>\n<p><span style=\"color: black\">1991-1993 Ma\u00eetrise en architecture, M.Arch., Universit\u00e9 Laval, Qu\u00e9bec, Canada<\/span><\/p>\n<p><span style=\"color: black\">1984-1988 Baccalaur\u00e9at en architecture, B.Arch., Universit\u00e9 Laval, Qu\u00e9bec, Canada<\/span><\/p>\n<div id=\"attachment_2395\" style=\"width: 528px\" class=\"wp-caption aligncenter\"><a href=\"https:\/\/www.grap.arc.ulaval.ca\/wp-content\/uploads\/sites\/4\/2021\/02\/TrioAPMAP.jpg\"><img loading=\"lazy\" decoding=\"async\" aria-describedby=\"caption-attachment-2395\" class=\"wp-image-2395\" src=\"https:\/\/www.grap.arc.ulaval.ca\/wp-content\/uploads\/sites\/4\/2021\/02\/TrioAPMAP-300x85.jpg\" alt=\"TrioAPMAP\" width=\"518\" height=\"147\" srcset=\"https:\/\/www.grap.arc.ulaval.ca\/wp-content\/uploads\/sites\/4\/2021\/02\/TrioAPMAP-300x85.jpg 300w, https:\/\/www.grap.arc.ulaval.ca\/wp-content\/uploads\/sites\/4\/2021\/02\/TrioAPMAP.jpg 830w\" sizes=\"auto, (max-width: 518px) 100vw, 518px\" \/><\/a><p id=\"caption-attachment-2395\" class=\"wp-caption-text\">Le APMAP, d\u00e9velopp\u00e9 par Andr\u00e9 Potvin est port\u00e9 sur la t\u00eate. Cet appareil portatif de mesures environnementales (APMAP) est l\u00e9ger, non intrusif, et permet d&#8217;\u00e9valuer efficacement les param\u00e8tres physiques de l&#8217;environnement des occupants. The APMAP, developed by A Potvin, consists of a headset that measures environmental conditions surrounding occupants.<\/p><\/div>\n<p>&nbsp;<\/p>\n<p class=\"style33\"><b>Optimisation microclimatique de la banlieue nordique en fonction du vent<a href=\"#\"><img loading=\"lazy\" decoding=\"async\" class=\"  wp-image-3511 alignright\" src=\"https:\/\/www.grap.arc.ulaval.ca\/wp-content\/uploads\/sites\/4\/2021\/02\/Untitled-e1437954905133.png\" alt=\"Untitled\" width=\"12\" height=\"19\" \/><\/a><\/b><\/p>\n<p class=\"style33\"><i>Subvention de recherche. SCHL (Soci\u00e9t\u00e9 canadienne d&#8217;hypoth\u00e8que et de logement)<\/i><\/p>\n<p class=\"style33\">Recherche visant \u00e0 d\u00e9terminer les formes urbaines de banlieue les plus aptes \u00e0 r\u00e9duire les effets n\u00e9gatifs du vent par la densification du construit et l&#8217;am\u00e9nagement paysager. Simulations \u00e9oliennes effectu\u00e9es en canal hydraulique et d\u00e9veloppement d&#8217;un indice de performance int\u00e9grant confort et accumulation nivale.\u00a0<i>Avec Carole Despr\u00e9s.<br \/>\n<\/i><\/p>\n<p class=\"style33\"><b>L&#8217;int\u00e9rieur-Ext\u00e9rieur \u2013l&#8217;architecture comme filtre de l&#8217;environnement<br \/>\n<\/b><\/p>\n<p class=\"style33\"><i>Bourse d&#8217;aide \u00e0 la cr\u00e9ation pour architectes. CALQ (Conseil des arts et des lettres du Qu\u00e9bec)<\/i><\/p>\n<p class=\"style33\">Exploration formelle des diff\u00e9rents espaces transitions int\u00e9rieurs-ext\u00e9rieurs g\u00e9n\u00e9r\u00e9s par le positionnement de trois \u00e9l\u00e9ments primaires tels la ligne, le plan et le volume. Identification de huit familles de transition et discussion de leurs propri\u00e9t\u00e9s bioclimatiques. Construction des principales configurations et exposition publique.<\/p>\n<p><a name=\"Post\"><\/a><\/p>\n<p class=\"style33\"><span class=\"style33\"><b>Ambiances urbaines et comportement thermique en milieu nordique<a href=\"#\"><img loading=\"lazy\" decoding=\"async\" class=\"  wp-image-3511 alignright\" src=\"https:\/\/www.grap.arc.ulaval.ca\/wp-content\/uploads\/sites\/4\/2021\/02\/Untitled-e1437954905133.png\" alt=\"Untitled\" width=\"12\" height=\"19\" \/><\/a><br \/>\n<\/b><\/span><\/p>\n<p class=\"style33\">Post-Doctorat.<\/p>\n<p class=\"style33\"><i>Bourse du CRSH (Conseil de recherche en sciences humaines)<\/i><\/p>\n<p class=\"style33\">D\u00e9veloppement d&#8217;un outil de relev\u00e9 portable dynamique de l&#8217;environnement urbain nordique permettant de mesurer la diversit\u00e9 thermique des espaces transitions sur le confort, le APMAP II Extr\u00eame. L&#8217;outil assure les relev\u00e9s saisonniers comparatifs du Quartier St-Jean-Baptiste, Colline parlementaire et Plaines d&#8217;Abraham. Les r\u00e9sultats illustrent l&#8217;importante variabilit\u00e9 des conditions thermiques en fonction de la morphologie urbaine. La technique inusit\u00e9e de prise de donn\u00e9es constitue un d\u00e9veloppement majeur dans la mesure dynamique des donn\u00e9es environnementales.<\/p>\n<p><a name=\"Phd\"><\/a><\/p>\n<p class=\"style33\"><strong>Th\u00e8se\/Thesis<b><a href=\"#\"><img loading=\"lazy\" decoding=\"async\" class=\"  wp-image-3511 alignright\" src=\"https:\/\/www.grap.arc.ulaval.ca\/wp-content\/uploads\/sites\/4\/2021\/02\/Untitled-e1437954905133.png\" alt=\"Untitled\" width=\"12\" height=\"19\" \/><\/a><\/b><br \/>\n<\/strong><\/p>\n<p class=\"style33\"><span class=\"style33\"><b>Movement in the Architecture of the City-A study in environmental diversity<\/b><\/span><\/p>\n<p class=\"style33\"><i>PhD Thesis, 1997, The Martin Centre for Architectural and Urban Studies, Department of Architecture, University of Cambridge, Cambridge, UK.<\/i><\/p>\n<p class=\"style33\"><i>Scholarships: British Council. Commonwealth Scholarship Commission in the United Kingdom; Kettle&#8217;s Yard Travel Scholarship, University of Cambridge.<\/i><\/p>\n<p class=\"style33\">The recent mechanisation of architecture and movement has reduced the degree of environmental diversity in architecture and the urban realm. Environmental diversity can be achieved within the variables of architecture by subtle articulations between interior and exterior environments. Transitional spaces favour environmental diversity and a progressive physiological adaptation to avoid discomfort generated by abrupt environmental transients. At the scale of the city, the public and semi-public realms are seen as generators of such diversity. The extent of the transformation of city centre and the underlying isotropisation is illustrated morphologically through the study of two cities. Practically, a survey method is introduced to measure the extent of environmental transients as experienced dynamically by a pedestrian when moving through the architecture of the city. Transitional spaces provide a moderate stimulation of the senses through a progressive physiological adaptation and therefore favour optimal receptivity of the moving being to its built and social environments.<\/p>\n<div id=\"attachment_2397\" style=\"width: 505px\" class=\"wp-caption aligncenter\"><a href=\"https:\/\/www.grap.arc.ulaval.ca\/wp-content\/uploads\/sites\/4\/2021\/02\/APMAP-releve.jpg\"><img loading=\"lazy\" decoding=\"async\" aria-describedby=\"caption-attachment-2397\" class=\"wp-image-2397\" src=\"https:\/\/www.grap.arc.ulaval.ca\/wp-content\/uploads\/sites\/4\/2021\/02\/APMAP-releve-300x176.jpg\" alt=\"APMAP-releve\" width=\"495\" height=\"290\" srcset=\"https:\/\/www.grap.arc.ulaval.ca\/wp-content\/uploads\/sites\/4\/2021\/02\/APMAP-releve-300x176.jpg 300w, https:\/\/www.grap.arc.ulaval.ca\/wp-content\/uploads\/sites\/4\/2021\/02\/APMAP-releve.jpg 1004w\" sizes=\"auto, (max-width: 495px) 100vw, 495px\" \/><\/a><p id=\"caption-attachment-2397\" class=\"wp-caption-text\">Relev\u00e9 environmental r\u00e9alis\u00e9 \u00e0 l&#8217;aide d&#8217;un appareil de mesures environnementales (APMAP) port\u00e9 sur la t\u00eate. Les donn\u00e9es de temp\u00e9rature, mouvement d&#8217;air et d&#8217;\u00e9clairement sont enregistr\u00e9es lors d&#8217;une promenade architecturale \u00e0 travers certaines rues, arcades et boutiques de Londres.<\/p><\/div>\n<p>&nbsp;<\/p>\n<p><b>\u00c9nergie, climat et cr\u00e9ation d&#8217;un espace architectural dynamique<a href=\"#\"><img loading=\"lazy\" decoding=\"async\" class=\"  wp-image-3511 alignright\" src=\"https:\/\/www.grap.arc.ulaval.ca\/wp-content\/uploads\/sites\/4\/2021\/02\/Untitled-e1437954905133.png\" alt=\"Untitled\" width=\"12\" height=\"19\" \/><\/a><br \/>\n<\/b><\/p>\n<p class=\"style33\"><i>Bourse de cr\u00e9ation en milieu universitaire, Universit\u00e9 Laval, 1993<\/i><\/p>\n<p class=\"style33\">Exploration formelle de la g\u00e9om\u00e9trie solaire dans la conception d&#8217;une maison 4-saisons. D\u00e9veloppement d&#8217;un concept g\u00e9n\u00e9rique avec espaces transitions permettant une expansion-contraction de la maison en fonction de l&#8217;\u00e9nergie solaire et des conditions thermiques.\u00a0Direction: Beno\u00eet Bernier, professeur.<\/p>\n","protected":false},"excerpt":{"rendered":"<p>Andr\u00e9 Potvin &nbsp; &nbsp; Andr\u00e9 Potvin Ph.D. Cambridge, M.Arch. U. Laval Professeur titulaire \/\u00a0Professor &nbsp; andre.potvin@arc.ulaval.ca &nbsp; &nbsp; &nbsp; &nbsp; Andr\u00e9 Potvin est dipl\u00f4m\u00e9 du Martin Centre for Architectural and Urban Studies de l\u2019Universit\u00e9 de Cambridge. Il est activement impliqu\u00e9 dans l\u2019enseignement et la recherche en design environnemental aux trois cycles d\u2019\u00e9tude. Monsieur Potvin est [&hellip;]<\/p>\n","protected":false},"author":3,"featured_media":0,"parent":1828,"menu_order":17,"comment_status":"closed","ping_status":"closed","template":"site-commun.php","meta":{"_acf_changed":false,"footnotes":""},"class_list":["post-4627","page","type-page","status-publish","hentry"],"acf":[],"yoast_head":"<!-- This site is optimized with the Yoast SEO plugin v26.9 - https:\/\/yoast.com\/product\/yoast-seo-wordpress\/ -->\r\n<title>Andr\u00e9 Potvin - Groupe de recherche en ambiances physiques | Universit\u00e9 Laval<\/title>\r\n<meta name=\"robots\" content=\"index, follow, max-snippet:-1, max-image-preview:large, max-video-preview:-1\" \/>\r\n<link rel=\"canonical\" href=\"https:\/\/www.grap.arc.ulaval.ca\/en\/about-us\/andre-potvin\/\" \/>\r\n<meta property=\"og:locale\" content=\"en_US\" \/>\r\n<meta property=\"og:type\" content=\"article\" \/>\r\n<meta property=\"og:title\" content=\"Andr\u00e9 Potvin - Groupe de recherche en ambiances physiques | Universit\u00e9 Laval\" \/>\r\n<meta property=\"og:description\" content=\"Andr\u00e9 Potvin &nbsp; &nbsp; Andr\u00e9 Potvin Ph.D. Cambridge, M.Arch. U. Laval Professeur titulaire \/\u00a0Professor &nbsp; andre.potvin@arc.ulaval.ca &nbsp; &nbsp; &nbsp; &nbsp; Andr\u00e9 Potvin est dipl\u00f4m\u00e9 du Martin Centre for Architectural and Urban Studies de l\u2019Universit\u00e9 de Cambridge. Il est activement impliqu\u00e9 dans l\u2019enseignement et la recherche en design environnemental aux trois cycles d\u2019\u00e9tude. Monsieur Potvin est [&hellip;]\" \/>\r\n<meta property=\"og:url\" content=\"https:\/\/www.grap.arc.ulaval.ca\/en\/about-us\/andre-potvin\/\" \/>\r\n<meta property=\"og:site_name\" content=\"Groupe de recherche en ambiances physiques | Universit\u00e9 Laval\" \/>\r\n<meta property=\"og:image\" content=\"https:\/\/www.grap.arc.ulaval.ca\/wp-content\/uploads\/sites\/4\/2021\/02\/potvin-229x300.jpg\" \/>\r\n<meta name=\"twitter:card\" content=\"summary_large_image\" \/>\r\n<meta name=\"twitter:label1\" content=\"Est. reading time\" \/>\n\t<meta name=\"twitter:data1\" content=\"5 minutes\" \/>\r\n<script type=\"application\/ld+json\" class=\"yoast-schema-graph\">{\"@context\":\"https:\/\/schema.org\",\"@graph\":[{\"@type\":\"WebPage\",\"@id\":\"https:\/\/www.grap.arc.ulaval.ca\/en\/about-us\/andre-potvin\/\",\"url\":\"https:\/\/www.grap.arc.ulaval.ca\/en\/about-us\/andre-potvin\/\",\"name\":\"Andr\u00e9 Potvin - Groupe de recherche en ambiances physiques | Universit\u00e9 Laval\",\"isPartOf\":{\"@id\":\"https:\/\/www.grap.arc.ulaval.ca\/#website\"},\"primaryImageOfPage\":{\"@id\":\"https:\/\/www.grap.arc.ulaval.ca\/en\/about-us\/andre-potvin\/#primaryimage\"},\"image\":{\"@id\":\"https:\/\/www.grap.arc.ulaval.ca\/en\/about-us\/andre-potvin\/#primaryimage\"},\"thumbnailUrl\":\"https:\/\/www.grap.arc.ulaval.ca\/wp-content\/uploads\/sites\/4\/2021\/02\/potvin-229x300.jpg\",\"datePublished\":\"2011-11-25T17:06:56+00:00\",\"breadcrumb\":{\"@id\":\"https:\/\/www.grap.arc.ulaval.ca\/en\/about-us\/andre-potvin\/#breadcrumb\"},\"inLanguage\":\"en-US\",\"potentialAction\":[{\"@type\":\"ReadAction\",\"target\":[\"https:\/\/www.grap.arc.ulaval.ca\/en\/about-us\/andre-potvin\/\"]}]},{\"@type\":\"ImageObject\",\"inLanguage\":\"en-US\",\"@id\":\"https:\/\/www.grap.arc.ulaval.ca\/en\/about-us\/andre-potvin\/#primaryimage\",\"url\":\"https:\/\/www.grap.arc.ulaval.ca\/wp-content\/uploads\/sites\/4\/2021\/02\/potvin-229x300.jpg\",\"contentUrl\":\"https:\/\/www.grap.arc.ulaval.ca\/wp-content\/uploads\/sites\/4\/2021\/02\/potvin-229x300.jpg\"},{\"@type\":\"BreadcrumbList\",\"@id\":\"https:\/\/www.grap.arc.ulaval.ca\/en\/about-us\/andre-potvin\/#breadcrumb\",\"itemListElement\":[{\"@type\":\"ListItem\",\"position\":1,\"name\":\"Accueil\",\"item\":\"https:\/\/www.grap.arc.ulaval.ca\/en\/\"},{\"@type\":\"ListItem\",\"position\":2,\"name\":\"About us\",\"item\":\"https:\/\/www.grap.arc.ulaval.ca\/en\/about-us\/\"},{\"@type\":\"ListItem\",\"position\":3,\"name\":\"Andr\u00e9 Potvin\"}]},{\"@type\":\"WebSite\",\"@id\":\"https:\/\/www.grap.arc.ulaval.ca\/#website\",\"url\":\"https:\/\/www.grap.arc.ulaval.ca\/\",\"name\":\"Groupe de recherche en ambiances physiques | Universit\u00e9 Laval\",\"description\":\"grap\",\"potentialAction\":[{\"@type\":\"SearchAction\",\"target\":{\"@type\":\"EntryPoint\",\"urlTemplate\":\"https:\/\/www.grap.arc.ulaval.ca\/?s={search_term_string}\"},\"query-input\":{\"@type\":\"PropertyValueSpecification\",\"valueRequired\":true,\"valueName\":\"search_term_string\"}}],\"inLanguage\":\"en-US\"}]}<\/script>\r\n<!-- \/ Yoast SEO plugin. -->","yoast_head_json":{"title":"Andr\u00e9 Potvin - Groupe de recherche en ambiances physiques | Universit\u00e9 Laval","robots":{"index":"index","follow":"follow","max-snippet":"max-snippet:-1","max-image-preview":"max-image-preview:large","max-video-preview":"max-video-preview:-1"},"canonical":"https:\/\/www.grap.arc.ulaval.ca\/en\/about-us\/andre-potvin\/","og_locale":"en_US","og_type":"article","og_title":"Andr\u00e9 Potvin - Groupe de recherche en ambiances physiques | Universit\u00e9 Laval","og_description":"Andr\u00e9 Potvin &nbsp; &nbsp; Andr\u00e9 Potvin Ph.D. Cambridge, M.Arch. U. Laval Professeur titulaire \/\u00a0Professor &nbsp; andre.potvin@arc.ulaval.ca &nbsp; &nbsp; &nbsp; &nbsp; Andr\u00e9 Potvin est dipl\u00f4m\u00e9 du Martin Centre for Architectural and Urban Studies de l\u2019Universit\u00e9 de Cambridge. Il est activement impliqu\u00e9 dans l\u2019enseignement et la recherche en design environnemental aux trois cycles d\u2019\u00e9tude. Monsieur Potvin est [&hellip;]","og_url":"https:\/\/www.grap.arc.ulaval.ca\/en\/about-us\/andre-potvin\/","og_site_name":"Groupe de recherche en ambiances physiques | Universit\u00e9 Laval","og_image":[{"url":"https:\/\/www.grap.arc.ulaval.ca\/wp-content\/uploads\/sites\/4\/2021\/02\/potvin-229x300.jpg","type":"","width":"","height":""}],"twitter_card":"summary_large_image","twitter_misc":{"Est. reading time":"5 minutes"},"schema":{"@context":"https:\/\/schema.org","@graph":[{"@type":"WebPage","@id":"https:\/\/www.grap.arc.ulaval.ca\/en\/about-us\/andre-potvin\/","url":"https:\/\/www.grap.arc.ulaval.ca\/en\/about-us\/andre-potvin\/","name":"Andr\u00e9 Potvin - Groupe de recherche en ambiances physiques | Universit\u00e9 Laval","isPartOf":{"@id":"https:\/\/www.grap.arc.ulaval.ca\/#website"},"primaryImageOfPage":{"@id":"https:\/\/www.grap.arc.ulaval.ca\/en\/about-us\/andre-potvin\/#primaryimage"},"image":{"@id":"https:\/\/www.grap.arc.ulaval.ca\/en\/about-us\/andre-potvin\/#primaryimage"},"thumbnailUrl":"https:\/\/www.grap.arc.ulaval.ca\/wp-content\/uploads\/sites\/4\/2021\/02\/potvin-229x300.jpg","datePublished":"2011-11-25T17:06:56+00:00","breadcrumb":{"@id":"https:\/\/www.grap.arc.ulaval.ca\/en\/about-us\/andre-potvin\/#breadcrumb"},"inLanguage":"en-US","potentialAction":[{"@type":"ReadAction","target":["https:\/\/www.grap.arc.ulaval.ca\/en\/about-us\/andre-potvin\/"]}]},{"@type":"ImageObject","inLanguage":"en-US","@id":"https:\/\/www.grap.arc.ulaval.ca\/en\/about-us\/andre-potvin\/#primaryimage","url":"https:\/\/www.grap.arc.ulaval.ca\/wp-content\/uploads\/sites\/4\/2021\/02\/potvin-229x300.jpg","contentUrl":"https:\/\/www.grap.arc.ulaval.ca\/wp-content\/uploads\/sites\/4\/2021\/02\/potvin-229x300.jpg"},{"@type":"BreadcrumbList","@id":"https:\/\/www.grap.arc.ulaval.ca\/en\/about-us\/andre-potvin\/#breadcrumb","itemListElement":[{"@type":"ListItem","position":1,"name":"Accueil","item":"https:\/\/www.grap.arc.ulaval.ca\/en\/"},{"@type":"ListItem","position":2,"name":"About us","item":"https:\/\/www.grap.arc.ulaval.ca\/en\/about-us\/"},{"@type":"ListItem","position":3,"name":"Andr\u00e9 Potvin"}]},{"@type":"WebSite","@id":"https:\/\/www.grap.arc.ulaval.ca\/#website","url":"https:\/\/www.grap.arc.ulaval.ca\/","name":"Groupe de recherche en ambiances physiques | Universit\u00e9 Laval","description":"grap","potentialAction":[{"@type":"SearchAction","target":{"@type":"EntryPoint","urlTemplate":"https:\/\/www.grap.arc.ulaval.ca\/?s={search_term_string}"},"query-input":{"@type":"PropertyValueSpecification","valueRequired":true,"valueName":"search_term_string"}}],"inLanguage":"en-US"}]}},"_links":{"self":[{"href":"https:\/\/www.grap.arc.ulaval.ca\/en\/wp-json\/wp\/v2\/pages\/4627","targetHints":{"allow":["GET"]}}],"collection":[{"href":"https:\/\/www.grap.arc.ulaval.ca\/en\/wp-json\/wp\/v2\/pages"}],"about":[{"href":"https:\/\/www.grap.arc.ulaval.ca\/en\/wp-json\/wp\/v2\/types\/page"}],"author":[{"embeddable":true,"href":"https:\/\/www.grap.arc.ulaval.ca\/en\/wp-json\/wp\/v2\/users\/3"}],"replies":[{"embeddable":true,"href":"https:\/\/www.grap.arc.ulaval.ca\/en\/wp-json\/wp\/v2\/comments?post=4627"}],"version-history":[{"count":0,"href":"https:\/\/www.grap.arc.ulaval.ca\/en\/wp-json\/wp\/v2\/pages\/4627\/revisions"}],"up":[{"embeddable":true,"href":"https:\/\/www.grap.arc.ulaval.ca\/en\/wp-json\/wp\/v2\/pages\/1828"}],"wp:attachment":[{"href":"https:\/\/www.grap.arc.ulaval.ca\/en\/wp-json\/wp\/v2\/media?parent=4627"}],"curies":[{"name":"wp","href":"https:\/\/api.w.org\/{rel}","templated":true}]}}