{"id":4621,"date":"2010-11-24T15:27:46","date_gmt":"2010-11-24T20:27:46","guid":{"rendered":"https:\/\/www.grap.arc.ulaval.ca\/about-us\/prix-reconnaissances\/"},"modified":"2010-11-24T15:27:46","modified_gmt":"2010-11-24T20:27:46","slug":"prix-reconnaissances","status":"publish","type":"page","link":"https:\/\/www.grap.arc.ulaval.ca\/en\/about-us\/prix-reconnaissances\/","title":{"rendered":"Prix et reconnaissances"},"content":{"rendered":"<h1>Prix et reconnaissances<\/h1>\n<p>&nbsp;<\/p>\n<p><strong>Projets professionnels et acad\u00e9miques \/ Professional Works &amp; Faculty<\/strong><\/p>\n<p>2014 <strong>Faculty Award<\/strong>. Autodesk-AIA Sustainability International design competition. Claude Demers et Andr\u00e9 Potvin, professeurs.<\/p>\n<p>2013 Real Estate <strong>Award of Excellence<\/strong> from the Institut du d\u00e9veloppement urbain du Qu\u00e9bec (IDU) to the design team of the Pavillon horticole \u00e9coresponsable de l\u2019Institut de technologie agroalimentaire, 8 April 2013. (Andr\u00e9 Potvin and Claude Demers led the integrated design process and performed all visual and thermal studies for ONICO architects).<\/p>\n<p>2012 <strong>Mention CONtech<\/strong> en d\u00e9veloppement durable. Troph\u00e9es Innovation et D\u00e9veloppement Durable from Contech to the design team of the Pavillon horticole \u00e9coresponsable de l\u2019Institut de technologie agroalimentaire, 15 septembre 2012. Andr\u00e9 Potvin and Claude Demers led the integrated design process and performed all visual and thermal studies for ONICO architects.<\/p>\n<p>2012 <strong>Best Poster Award<\/strong>. 2nd International Congress on Ambiances, Montr\u00e9al 2012. Claude Demers is co-recipient with K. Biron, main author.<\/p>\n<p>2011 <strong>Prix d\u2019excellence<\/strong> en architecture from Order of Architects of Quebec (OAQ) to the design team of the Val Notre-Dame Abbaye, May 2011. Andr\u00e9 Potvin and Claude Demers participated in the winning design scheme with Atelier Pierre Thibault.<\/p>\n<p>2010 <strong>CECObois prix d\u2019excellence<\/strong>. Wood Award of Excellence -Institutional Project Category from CECObois to the design team of the Pavillon Gene-H.-Kruger,\u00a0 June 2010. Andr\u00e9 Potvin and Claude Demers performed all visual, thermal acoustical studies for Gauthier, Guit\u00e9, Roy architects.<\/p>\n<p>2009 <strong>First Canadian LEED Gold<\/strong> certification from the Canadian Green Building Council to the design team of the CDP Capital Headquarter, 26 October 2009. Andr\u00e9 Potvin and Claude Demers performed all visual, thermal acoustical studies for Consortium Kuwabara Payne McKenna Blumberg (KPMB), Gagnon Letellier Cyr (GLC), and Lemay Associates.<\/p>\n<p>2009 <strong>CECObois Wood Award<\/strong> of Excellence -Institutional Project Category from CECObois to the design team of the Notre-Dame Abbaye,\u00a0 June 2009. Andr\u00e9 Potvin and Claude Demers participated in the winning design scheme with Atelier Pierre Thibault.<\/p>\n<p>&nbsp;<\/p>\n<p>&nbsp;<\/p>\n<p><strong>Prix \u00e9tudiants supervis\u00e9s \/ Awards Sponsored Students<\/strong><\/p>\n<p>2014 <strong>Deuxi\u00e8me prix<\/strong>. Green Giant. Mention honorable. et sept autres projets finaliste au concours Autodesk-AIA Sustainability r\u00e9alis\u00e9 dans l\u2019atelier Ambiances physiques. Autodesk-AIA Sustainability International design competition. Guillaume Beaudet-Riel, Luc-Oliver Daigle, and Sarah Landry. Supervision:\u00a0C Demers &amp; A Potvin.<\/p>\n<p>2012 \u00a0<strong>1er prix<\/strong>. &#8220;Faster than your Shadow&#8221;. Architecture and Engineering of Sustainable Buildings Competition International Student Design Competition. Association of Collegiate Schools of Architecture (ACSA). Atelier de maitrise Ambiances physiques. Nihad Tariq, Claudie Tessier, Marie-Alexandrine Beaus\u00e9jour. Supervision : C Demers et A Potvin.<\/p>\n<p>2011\u00a0<strong>1er prix ex aequo &#8220;<\/strong>SHED&#8221;. Concours International de design architectural &#8220;Ajout manifeste&#8221;. 50e Anniversaire \u00c9cole d&#8217;architecture, Universit\u00e9 Laval. \u00c9tudiantes: Catherine Houle, Marianne Lapalme, Vanessa Poirier.\u00a0Supervision : C Demers et A Potvin.<\/p>\n<p>2007 <strong>1er prix<\/strong> International Student Design Competition \u2013 Structure Category. PCA Concrete Thinking for a Sustainable World. Association of Collegiate Schools of Architecture (ACSA). Gis\u00e8le Fraser, Daphnee Van Lierde, Mika\u00eblle Rolland-Lamothe. Supervision: C Demers, A Potvin, M-C Dubois.<\/p>\n<p>2007 <strong>2e prix<\/strong>.International, International Student Design Competition \u2013 Structure Category. PCA Concrete Thinking for a Sustainable World. Association of Collegiate Schools of Architecture (ACSA).Francois Riverin, Sylain Lagac\u00e9, Philippe Lafrance-Boucher. Supervision: C Demers, A Potvin, M-C Dubois.<\/p>\n<p>2007 <strong>Honorable mention<\/strong>.International Student Design Competition \u2013 Structure Category. PCA Concrete Thinking for a Sustainable World. Association of Collegiate Schools of Architecture (ACSA). Anabel Arsenault, Gabrielle Nadeau, Olivier Boucher. Supervision: C Demers, A Potvin, M-C Dubois.<\/p>\n<p>2004 <strong>2e prix<\/strong>. North American Student Design Competition. Laboratoire du 21e si\u00e8cle. Association of Collegiate Schools of Architecture (ACSA). \u00c9tienne Boudreault-Sauvageau et Pascal Gobeil. Supervision: C Demers, A Potvin.<\/p>\n<p>2004 <strong>Mention honorable<\/strong>. North American Student Design Competition. Laboratoire du 21e si\u00e8cle. Association of Collegiate Schools of Architecture (ACSA). V\u00e9ronique Proteau et Marie-H\u00e9l\u00e8ne Verdier. \u00a0Supervision: C Demers, A Potvin.<\/p>\n<p>2003 <strong>Mention honorable<\/strong>. Wood Product Council.\u00a0International Student Design Competition. Association of Collegiate Schools of Architecture (ACSA).Catherine Dubois et Andy St-Pierre. Supervision: C Demers, A Potvin.<\/p>\n<p>2002 <strong>2e prix<\/strong>. Wood Product Council. International Student Design Competition. Association of Collegiate Schools of Architecture (ACSA). James Leeming. Supervision: A Potvin.<\/p>\n","protected":false},"excerpt":{"rendered":"<p>Prix et reconnaissances &nbsp; Projets professionnels et acad\u00e9miques \/ Professional Works &amp; Faculty 2014 Faculty Award. Autodesk-AIA Sustainability International design competition. Claude Demers et Andr\u00e9 Potvin, professeurs. 2013 Real Estate Award of Excellence from the Institut du d\u00e9veloppement urbain du Qu\u00e9bec (IDU) to the design team of the Pavillon horticole \u00e9coresponsable de l\u2019Institut de technologie [&hellip;]<\/p>\n","protected":false},"author":1,"featured_media":0,"parent":1828,"menu_order":2,"comment_status":"closed","ping_status":"closed","template":"site-commun.php","meta":{"_acf_changed":false,"footnotes":""},"class_list":["post-4621","page","type-page","status-publish","hentry"],"acf":[],"yoast_head":"<!-- This site is optimized with the Yoast SEO plugin v26.9 - https:\/\/yoast.com\/product\/yoast-seo-wordpress\/ -->\r\n<title>Prix et reconnaissances - Groupe de recherche en ambiances physiques | Universit\u00e9 Laval<\/title>\r\n<meta name=\"robots\" content=\"index, follow, max-snippet:-1, max-image-preview:large, max-video-preview:-1\" \/>\r\n<link rel=\"canonical\" href=\"https:\/\/www.grap.arc.ulaval.ca\/en\/about-us\/prix-reconnaissances\/\" \/>\r\n<meta property=\"og:locale\" content=\"en_US\" \/>\r\n<meta property=\"og:type\" content=\"article\" \/>\r\n<meta property=\"og:title\" content=\"Prix et reconnaissances - Groupe de recherche en ambiances physiques | Universit\u00e9 Laval\" \/>\r\n<meta property=\"og:description\" content=\"Prix et reconnaissances &nbsp; Projets professionnels et acad\u00e9miques \/ Professional Works &amp; Faculty 2014 Faculty Award. Autodesk-AIA Sustainability International design competition. Claude Demers et Andr\u00e9 Potvin, professeurs. 2013 Real Estate Award of Excellence from the Institut du d\u00e9veloppement urbain du Qu\u00e9bec (IDU) to the design team of the Pavillon horticole \u00e9coresponsable de l\u2019Institut de technologie [&hellip;]\" \/>\r\n<meta property=\"og:url\" content=\"https:\/\/www.grap.arc.ulaval.ca\/en\/about-us\/prix-reconnaissances\/\" \/>\r\n<meta property=\"og:site_name\" content=\"Groupe de recherche en ambiances physiques | Universit\u00e9 Laval\" \/>\r\n<meta name=\"twitter:card\" content=\"summary_large_image\" \/>\r\n<meta name=\"twitter:label1\" content=\"Est. reading time\" \/>\n\t<meta name=\"twitter:data1\" content=\"3 minutes\" \/>\r\n<script type=\"application\/ld+json\" class=\"yoast-schema-graph\">{\"@context\":\"https:\/\/schema.org\",\"@graph\":[{\"@type\":\"WebPage\",\"@id\":\"https:\/\/www.grap.arc.ulaval.ca\/en\/about-us\/prix-reconnaissances\/\",\"url\":\"https:\/\/www.grap.arc.ulaval.ca\/en\/about-us\/prix-reconnaissances\/\",\"name\":\"Prix et reconnaissances - Groupe de recherche en ambiances physiques | Universit\u00e9 Laval\",\"isPartOf\":{\"@id\":\"https:\/\/www.grap.arc.ulaval.ca\/#website\"},\"datePublished\":\"2010-11-24T20:27:46+00:00\",\"breadcrumb\":{\"@id\":\"https:\/\/www.grap.arc.ulaval.ca\/en\/about-us\/prix-reconnaissances\/#breadcrumb\"},\"inLanguage\":\"en-US\",\"potentialAction\":[{\"@type\":\"ReadAction\",\"target\":[\"https:\/\/www.grap.arc.ulaval.ca\/en\/about-us\/prix-reconnaissances\/\"]}]},{\"@type\":\"BreadcrumbList\",\"@id\":\"https:\/\/www.grap.arc.ulaval.ca\/en\/about-us\/prix-reconnaissances\/#breadcrumb\",\"itemListElement\":[{\"@type\":\"ListItem\",\"position\":1,\"name\":\"Accueil\",\"item\":\"https:\/\/www.grap.arc.ulaval.ca\/en\/\"},{\"@type\":\"ListItem\",\"position\":2,\"name\":\"About us\",\"item\":\"https:\/\/www.grap.arc.ulaval.ca\/en\/about-us\/\"},{\"@type\":\"ListItem\",\"position\":3,\"name\":\"Prix et reconnaissances\"}]},{\"@type\":\"WebSite\",\"@id\":\"https:\/\/www.grap.arc.ulaval.ca\/#website\",\"url\":\"https:\/\/www.grap.arc.ulaval.ca\/\",\"name\":\"Groupe de recherche en ambiances physiques | Universit\u00e9 Laval\",\"description\":\"grap\",\"potentialAction\":[{\"@type\":\"SearchAction\",\"target\":{\"@type\":\"EntryPoint\",\"urlTemplate\":\"https:\/\/www.grap.arc.ulaval.ca\/?s={search_term_string}\"},\"query-input\":{\"@type\":\"PropertyValueSpecification\",\"valueRequired\":true,\"valueName\":\"search_term_string\"}}],\"inLanguage\":\"en-US\"}]}<\/script>\r\n<!-- \/ Yoast SEO plugin. -->","yoast_head_json":{"title":"Prix et reconnaissances - Groupe de recherche en ambiances physiques | Universit\u00e9 Laval","robots":{"index":"index","follow":"follow","max-snippet":"max-snippet:-1","max-image-preview":"max-image-preview:large","max-video-preview":"max-video-preview:-1"},"canonical":"https:\/\/www.grap.arc.ulaval.ca\/en\/about-us\/prix-reconnaissances\/","og_locale":"en_US","og_type":"article","og_title":"Prix et reconnaissances - Groupe de recherche en ambiances physiques | Universit\u00e9 Laval","og_description":"Prix et reconnaissances &nbsp; Projets professionnels et acad\u00e9miques \/ Professional Works &amp; Faculty 2014 Faculty Award. Autodesk-AIA Sustainability International design competition. Claude Demers et Andr\u00e9 Potvin, professeurs. 2013 Real Estate Award of Excellence from the Institut du d\u00e9veloppement urbain du Qu\u00e9bec (IDU) to the design team of the Pavillon horticole \u00e9coresponsable de l\u2019Institut de technologie [&hellip;]","og_url":"https:\/\/www.grap.arc.ulaval.ca\/en\/about-us\/prix-reconnaissances\/","og_site_name":"Groupe de recherche en ambiances physiques | Universit\u00e9 Laval","twitter_card":"summary_large_image","twitter_misc":{"Est. reading time":"3 minutes"},"schema":{"@context":"https:\/\/schema.org","@graph":[{"@type":"WebPage","@id":"https:\/\/www.grap.arc.ulaval.ca\/en\/about-us\/prix-reconnaissances\/","url":"https:\/\/www.grap.arc.ulaval.ca\/en\/about-us\/prix-reconnaissances\/","name":"Prix et reconnaissances - Groupe de recherche en ambiances physiques | Universit\u00e9 Laval","isPartOf":{"@id":"https:\/\/www.grap.arc.ulaval.ca\/#website"},"datePublished":"2010-11-24T20:27:46+00:00","breadcrumb":{"@id":"https:\/\/www.grap.arc.ulaval.ca\/en\/about-us\/prix-reconnaissances\/#breadcrumb"},"inLanguage":"en-US","potentialAction":[{"@type":"ReadAction","target":["https:\/\/www.grap.arc.ulaval.ca\/en\/about-us\/prix-reconnaissances\/"]}]},{"@type":"BreadcrumbList","@id":"https:\/\/www.grap.arc.ulaval.ca\/en\/about-us\/prix-reconnaissances\/#breadcrumb","itemListElement":[{"@type":"ListItem","position":1,"name":"Accueil","item":"https:\/\/www.grap.arc.ulaval.ca\/en\/"},{"@type":"ListItem","position":2,"name":"About us","item":"https:\/\/www.grap.arc.ulaval.ca\/en\/about-us\/"},{"@type":"ListItem","position":3,"name":"Prix et reconnaissances"}]},{"@type":"WebSite","@id":"https:\/\/www.grap.arc.ulaval.ca\/#website","url":"https:\/\/www.grap.arc.ulaval.ca\/","name":"Groupe de recherche en ambiances physiques | Universit\u00e9 Laval","description":"grap","potentialAction":[{"@type":"SearchAction","target":{"@type":"EntryPoint","urlTemplate":"https:\/\/www.grap.arc.ulaval.ca\/?s={search_term_string}"},"query-input":{"@type":"PropertyValueSpecification","valueRequired":true,"valueName":"search_term_string"}}],"inLanguage":"en-US"}]}},"_links":{"self":[{"href":"https:\/\/www.grap.arc.ulaval.ca\/en\/wp-json\/wp\/v2\/pages\/4621","targetHints":{"allow":["GET"]}}],"collection":[{"href":"https:\/\/www.grap.arc.ulaval.ca\/en\/wp-json\/wp\/v2\/pages"}],"about":[{"href":"https:\/\/www.grap.arc.ulaval.ca\/en\/wp-json\/wp\/v2\/types\/page"}],"author":[{"embeddable":true,"href":"https:\/\/www.grap.arc.ulaval.ca\/en\/wp-json\/wp\/v2\/users\/1"}],"replies":[{"embeddable":true,"href":"https:\/\/www.grap.arc.ulaval.ca\/en\/wp-json\/wp\/v2\/comments?post=4621"}],"version-history":[{"count":0,"href":"https:\/\/www.grap.arc.ulaval.ca\/en\/wp-json\/wp\/v2\/pages\/4621\/revisions"}],"up":[{"embeddable":true,"href":"https:\/\/www.grap.arc.ulaval.ca\/en\/wp-json\/wp\/v2\/pages\/1828"}],"wp:attachment":[{"href":"https:\/\/www.grap.arc.ulaval.ca\/en\/wp-json\/wp\/v2\/media?parent=4621"}],"curies":[{"name":"wp","href":"https:\/\/api.w.org\/{rel}","templated":true}]}}