{"id":1875,"date":"2011-11-28T14:49:42","date_gmt":"2011-11-28T19:49:42","guid":{"rendered":"http:\/\/www.arc.ulaval.ca\/dev\/grap\/?page_id=1875"},"modified":"2011-11-28T14:49:42","modified_gmt":"2011-11-28T19:49:42","slug":"acoustics-laboratory","status":"publish","type":"page","link":"https:\/\/www.grap.arc.ulaval.ca\/en\/tools\/releve-environnemental\/acoustics-laboratory\/","title":{"rendered":"Acoustics Laboratory"},"content":{"rendered":"<h1>Laboratoire d&#8217;acoustique<\/h1>\n<p align=\"justify\"><a href=\"https:\/\/www.grap.arc.ulaval.ca\/wp-content\/uploads\/sites\/4\/2021\/02\/1anecholab.jpg\"><img loading=\"lazy\" decoding=\"async\" class=\" size-full wp-image-2855 alignnone\" src=\"https:\/\/www.grap.arc.ulaval.ca\/wp-content\/uploads\/sites\/4\/2021\/02\/1anecholab.jpg\" alt=\"1anecholab\" width=\"387\" height=\"299\" srcset=\"https:\/\/www.grap.arc.ulaval.ca\/wp-content\/uploads\/sites\/4\/2021\/02\/1anecholab.jpg 387w, https:\/\/www.grap.arc.ulaval.ca\/wp-content\/uploads\/sites\/4\/2021\/02\/1anecholab-300x232.jpg 300w\" sizes=\"auto, (max-width: 387px) 100vw, 387px\" \/><\/a><\/p>\n<p align=\"justify\">Le laboratoire d&#8217;acoustique est constitu\u00e9 d&#8217;une salle de simulation munie d&#8217;une partition aux propri\u00e9t\u00e9s variables. Des \u00e9quipements de relev\u00e9s quantitatifs des aspects acoustiques des espaces int\u00e9rieurs peuvent \u00eatre utilis\u00e9s en laboratoire ainsi qu&#8217;en milieu r\u00e9el. Des appareils portatifs sont aussi utilis\u00e9s pour les relev\u00e9s d&#8217;acoustique urbaine.<\/p>\n<p class=\"Style51\" align=\"justify\"><em>The acoustical laboratory consists of a simulation room provided with partitions of variable acoustical properties. The equipments for quantitative surveys of interior spaces can be used either in the laboratory or in existing buildings. A series of portable apparatuses are also used for acoustical measurements in an urban context.<\/em><\/p>\n<p>&nbsp;<\/p>\n<p>Chambres de mesures acoustiques (Pavillon du PEPS, Campus de l&#8217;Universit\u00e9 Laval)<\/p>\n<ul>\n<li>Chambre r\u00e9verb\u00e9rante de 200 m3 destin\u00e9e aux mesures d\u2019absorption acoustique des mat\u00e9riaux;<\/li>\n<li>Chambre r\u00e9verb\u00e9rante de 60 m3 destin\u00e9e aux mesures d\u2019isolation acoustique des parois (le cadre entre les deux chambres peut recevoir des \u00e9chantillons de murs, portes ou fen\u00eatres, de 7.9 m2);<\/li>\n<li>Chambre semi-an\u00e9cho\u00efque de 60 m3 destin\u00e9e aux mesures de puissance acoustique et de directivit\u00e9, notamment pour des mesures sur des \u00e9quipements r\u00e9sidentiels bruyants, comme les thermopompes.<\/li>\n<\/ul>\n<p><a href=\"https:\/\/www.grap.arc.ulaval.ca\/wp-content\/uploads\/sites\/4\/2021\/02\/acoustiquelab.jpg\"><img loading=\"lazy\" decoding=\"async\" class=\"aligncenter size-full wp-image-2856\" src=\"https:\/\/www.grap.arc.ulaval.ca\/wp-content\/uploads\/sites\/4\/2021\/02\/acoustiquelab.jpg\" alt=\"acoustiquelab\" width=\"414\" height=\"290\" srcset=\"https:\/\/www.grap.arc.ulaval.ca\/wp-content\/uploads\/sites\/4\/2021\/02\/acoustiquelab.jpg 414w, https:\/\/www.grap.arc.ulaval.ca\/wp-content\/uploads\/sites\/4\/2021\/02\/acoustiquelab-300x210.jpg 300w\" sizes=\"auto, (max-width: 414px) 100vw, 414px\" \/><\/a><\/p>\n<p>Responsable: Jean-Gabriel Migneron, Professeur Associ\u00e9.<\/p>\n","protected":false},"excerpt":{"rendered":"<p>Laboratoire d&#8217;acoustique Le laboratoire d&#8217;acoustique est constitu\u00e9 d&#8217;une salle de simulation munie d&#8217;une partition aux propri\u00e9t\u00e9s variables. Des \u00e9quipements de relev\u00e9s quantitatifs des aspects acoustiques des espaces int\u00e9rieurs peuvent \u00eatre utilis\u00e9s en laboratoire ainsi qu&#8217;en milieu r\u00e9el. Des appareils portatifs sont aussi utilis\u00e9s pour les relev\u00e9s d&#8217;acoustique urbaine. The acoustical laboratory consists of a simulation [&hellip;]<\/p>\n","protected":false},"author":1,"featured_media":0,"parent":4602,"menu_order":0,"comment_status":"closed","ping_status":"closed","template":"site-commun.php","meta":{"_acf_changed":false,"footnotes":""},"class_list":["post-1875","page","type-page","status-publish","hentry"],"acf":[],"yoast_head":"<!-- This site is optimized with the Yoast SEO plugin v26.9 - https:\/\/yoast.com\/product\/yoast-seo-wordpress\/ -->\r\n<title>Acoustics Laboratory - Groupe de recherche en ambiances physiques | Universit\u00e9 Laval<\/title>\r\n<meta name=\"robots\" content=\"index, follow, max-snippet:-1, max-image-preview:large, max-video-preview:-1\" \/>\r\n<link rel=\"canonical\" href=\"https:\/\/www.grap.arc.ulaval.ca\/en\/tools\/releve-environnemental\/acoustics-laboratory\/\" \/>\r\n<meta property=\"og:locale\" content=\"en_US\" \/>\r\n<meta property=\"og:type\" content=\"article\" \/>\r\n<meta property=\"og:title\" content=\"Acoustics Laboratory - Groupe de recherche en ambiances physiques | Universit\u00e9 Laval\" \/>\r\n<meta property=\"og:description\" content=\"Laboratoire d&#8217;acoustique Le laboratoire d&#8217;acoustique est constitu\u00e9 d&#8217;une salle de simulation munie d&#8217;une partition aux propri\u00e9t\u00e9s variables. Des \u00e9quipements de relev\u00e9s quantitatifs des aspects acoustiques des espaces int\u00e9rieurs peuvent \u00eatre utilis\u00e9s en laboratoire ainsi qu&#8217;en milieu r\u00e9el. Des appareils portatifs sont aussi utilis\u00e9s pour les relev\u00e9s d&#8217;acoustique urbaine. The acoustical laboratory consists of a simulation [&hellip;]\" \/>\r\n<meta property=\"og:url\" content=\"https:\/\/www.grap.arc.ulaval.ca\/en\/tools\/releve-environnemental\/acoustics-laboratory\/\" \/>\r\n<meta property=\"og:site_name\" content=\"Groupe de recherche en ambiances physiques | Universit\u00e9 Laval\" \/>\r\n<meta property=\"og:image\" content=\"https:\/\/www.grap.arc.ulaval.ca\/wp-content\/uploads\/sites\/4\/2021\/02\/1anecholab.jpg\" \/>\r\n<meta name=\"twitter:card\" content=\"summary_large_image\" \/>\r\n<meta name=\"twitter:label1\" content=\"Est. reading time\" \/>\n\t<meta name=\"twitter:data1\" content=\"1 minute\" \/>\r\n<script type=\"application\/ld+json\" class=\"yoast-schema-graph\">{\"@context\":\"https:\/\/schema.org\",\"@graph\":[{\"@type\":\"WebPage\",\"@id\":\"https:\/\/www.grap.arc.ulaval.ca\/en\/tools\/releve-environnemental\/acoustics-laboratory\/\",\"url\":\"https:\/\/www.grap.arc.ulaval.ca\/en\/tools\/releve-environnemental\/acoustics-laboratory\/\",\"name\":\"Acoustics Laboratory - Groupe de recherche en ambiances physiques | Universit\u00e9 Laval\",\"isPartOf\":{\"@id\":\"https:\/\/www.grap.arc.ulaval.ca\/#website\"},\"primaryImageOfPage\":{\"@id\":\"https:\/\/www.grap.arc.ulaval.ca\/en\/tools\/releve-environnemental\/acoustics-laboratory\/#primaryimage\"},\"image\":{\"@id\":\"https:\/\/www.grap.arc.ulaval.ca\/en\/tools\/releve-environnemental\/acoustics-laboratory\/#primaryimage\"},\"thumbnailUrl\":\"https:\/\/www.grap.arc.ulaval.ca\/wp-content\/uploads\/sites\/4\/2021\/02\/1anecholab.jpg\",\"datePublished\":\"2011-11-28T19:49:42+00:00\",\"breadcrumb\":{\"@id\":\"https:\/\/www.grap.arc.ulaval.ca\/en\/tools\/releve-environnemental\/acoustics-laboratory\/#breadcrumb\"},\"inLanguage\":\"en-US\",\"potentialAction\":[{\"@type\":\"ReadAction\",\"target\":[\"https:\/\/www.grap.arc.ulaval.ca\/en\/tools\/releve-environnemental\/acoustics-laboratory\/\"]}]},{\"@type\":\"ImageObject\",\"inLanguage\":\"en-US\",\"@id\":\"https:\/\/www.grap.arc.ulaval.ca\/en\/tools\/releve-environnemental\/acoustics-laboratory\/#primaryimage\",\"url\":\"https:\/\/www.grap.arc.ulaval.ca\/wp-content\/uploads\/sites\/4\/2021\/02\/1anecholab.jpg\",\"contentUrl\":\"https:\/\/www.grap.arc.ulaval.ca\/wp-content\/uploads\/sites\/4\/2021\/02\/1anecholab.jpg\"},{\"@type\":\"BreadcrumbList\",\"@id\":\"https:\/\/www.grap.arc.ulaval.ca\/en\/tools\/releve-environnemental\/acoustics-laboratory\/#breadcrumb\",\"itemListElement\":[{\"@type\":\"ListItem\",\"position\":1,\"name\":\"Accueil\",\"item\":\"https:\/\/www.grap.arc.ulaval.ca\/en\/\"},{\"@type\":\"ListItem\",\"position\":2,\"name\":\"Tools\",\"item\":\"https:\/\/www.grap.arc.ulaval.ca\/en\/tools\/\"},{\"@type\":\"ListItem\",\"position\":3,\"name\":\"Relev\u00e9 environnemental\",\"item\":\"https:\/\/www.grap.arc.ulaval.ca\/en\/tools\/releve-environnemental\/\"},{\"@type\":\"ListItem\",\"position\":4,\"name\":\"Acoustics Laboratory\"}]},{\"@type\":\"WebSite\",\"@id\":\"https:\/\/www.grap.arc.ulaval.ca\/#website\",\"url\":\"https:\/\/www.grap.arc.ulaval.ca\/\",\"name\":\"Groupe de recherche en ambiances physiques | Universit\u00e9 Laval\",\"description\":\"grap\",\"potentialAction\":[{\"@type\":\"SearchAction\",\"target\":{\"@type\":\"EntryPoint\",\"urlTemplate\":\"https:\/\/www.grap.arc.ulaval.ca\/?s={search_term_string}\"},\"query-input\":{\"@type\":\"PropertyValueSpecification\",\"valueRequired\":true,\"valueName\":\"search_term_string\"}}],\"inLanguage\":\"en-US\"}]}<\/script>\r\n<!-- \/ Yoast SEO plugin. -->","yoast_head_json":{"title":"Acoustics Laboratory - Groupe de recherche en ambiances physiques | Universit\u00e9 Laval","robots":{"index":"index","follow":"follow","max-snippet":"max-snippet:-1","max-image-preview":"max-image-preview:large","max-video-preview":"max-video-preview:-1"},"canonical":"https:\/\/www.grap.arc.ulaval.ca\/en\/tools\/releve-environnemental\/acoustics-laboratory\/","og_locale":"en_US","og_type":"article","og_title":"Acoustics Laboratory - Groupe de recherche en ambiances physiques | Universit\u00e9 Laval","og_description":"Laboratoire d&#8217;acoustique Le laboratoire d&#8217;acoustique est constitu\u00e9 d&#8217;une salle de simulation munie d&#8217;une partition aux propri\u00e9t\u00e9s variables. Des \u00e9quipements de relev\u00e9s quantitatifs des aspects acoustiques des espaces int\u00e9rieurs peuvent \u00eatre utilis\u00e9s en laboratoire ainsi qu&#8217;en milieu r\u00e9el. Des appareils portatifs sont aussi utilis\u00e9s pour les relev\u00e9s d&#8217;acoustique urbaine. The acoustical laboratory consists of a simulation [&hellip;]","og_url":"https:\/\/www.grap.arc.ulaval.ca\/en\/tools\/releve-environnemental\/acoustics-laboratory\/","og_site_name":"Groupe de recherche en ambiances physiques | Universit\u00e9 Laval","og_image":[{"url":"https:\/\/www.grap.arc.ulaval.ca\/wp-content\/uploads\/sites\/4\/2021\/02\/1anecholab.jpg","type":"","width":"","height":""}],"twitter_card":"summary_large_image","twitter_misc":{"Est. reading time":"1 minute"},"schema":{"@context":"https:\/\/schema.org","@graph":[{"@type":"WebPage","@id":"https:\/\/www.grap.arc.ulaval.ca\/en\/tools\/releve-environnemental\/acoustics-laboratory\/","url":"https:\/\/www.grap.arc.ulaval.ca\/en\/tools\/releve-environnemental\/acoustics-laboratory\/","name":"Acoustics Laboratory - Groupe de recherche en ambiances physiques | Universit\u00e9 Laval","isPartOf":{"@id":"https:\/\/www.grap.arc.ulaval.ca\/#website"},"primaryImageOfPage":{"@id":"https:\/\/www.grap.arc.ulaval.ca\/en\/tools\/releve-environnemental\/acoustics-laboratory\/#primaryimage"},"image":{"@id":"https:\/\/www.grap.arc.ulaval.ca\/en\/tools\/releve-environnemental\/acoustics-laboratory\/#primaryimage"},"thumbnailUrl":"https:\/\/www.grap.arc.ulaval.ca\/wp-content\/uploads\/sites\/4\/2021\/02\/1anecholab.jpg","datePublished":"2011-11-28T19:49:42+00:00","breadcrumb":{"@id":"https:\/\/www.grap.arc.ulaval.ca\/en\/tools\/releve-environnemental\/acoustics-laboratory\/#breadcrumb"},"inLanguage":"en-US","potentialAction":[{"@type":"ReadAction","target":["https:\/\/www.grap.arc.ulaval.ca\/en\/tools\/releve-environnemental\/acoustics-laboratory\/"]}]},{"@type":"ImageObject","inLanguage":"en-US","@id":"https:\/\/www.grap.arc.ulaval.ca\/en\/tools\/releve-environnemental\/acoustics-laboratory\/#primaryimage","url":"https:\/\/www.grap.arc.ulaval.ca\/wp-content\/uploads\/sites\/4\/2021\/02\/1anecholab.jpg","contentUrl":"https:\/\/www.grap.arc.ulaval.ca\/wp-content\/uploads\/sites\/4\/2021\/02\/1anecholab.jpg"},{"@type":"BreadcrumbList","@id":"https:\/\/www.grap.arc.ulaval.ca\/en\/tools\/releve-environnemental\/acoustics-laboratory\/#breadcrumb","itemListElement":[{"@type":"ListItem","position":1,"name":"Accueil","item":"https:\/\/www.grap.arc.ulaval.ca\/en\/"},{"@type":"ListItem","position":2,"name":"Tools","item":"https:\/\/www.grap.arc.ulaval.ca\/en\/tools\/"},{"@type":"ListItem","position":3,"name":"Relev\u00e9 environnemental","item":"https:\/\/www.grap.arc.ulaval.ca\/en\/tools\/releve-environnemental\/"},{"@type":"ListItem","position":4,"name":"Acoustics Laboratory"}]},{"@type":"WebSite","@id":"https:\/\/www.grap.arc.ulaval.ca\/#website","url":"https:\/\/www.grap.arc.ulaval.ca\/","name":"Groupe de recherche en ambiances physiques | Universit\u00e9 Laval","description":"grap","potentialAction":[{"@type":"SearchAction","target":{"@type":"EntryPoint","urlTemplate":"https:\/\/www.grap.arc.ulaval.ca\/?s={search_term_string}"},"query-input":{"@type":"PropertyValueSpecification","valueRequired":true,"valueName":"search_term_string"}}],"inLanguage":"en-US"}]}},"_links":{"self":[{"href":"https:\/\/www.grap.arc.ulaval.ca\/en\/wp-json\/wp\/v2\/pages\/1875","targetHints":{"allow":["GET"]}}],"collection":[{"href":"https:\/\/www.grap.arc.ulaval.ca\/en\/wp-json\/wp\/v2\/pages"}],"about":[{"href":"https:\/\/www.grap.arc.ulaval.ca\/en\/wp-json\/wp\/v2\/types\/page"}],"author":[{"embeddable":true,"href":"https:\/\/www.grap.arc.ulaval.ca\/en\/wp-json\/wp\/v2\/users\/1"}],"replies":[{"embeddable":true,"href":"https:\/\/www.grap.arc.ulaval.ca\/en\/wp-json\/wp\/v2\/comments?post=1875"}],"version-history":[{"count":0,"href":"https:\/\/www.grap.arc.ulaval.ca\/en\/wp-json\/wp\/v2\/pages\/1875\/revisions"}],"up":[{"embeddable":true,"href":"https:\/\/www.grap.arc.ulaval.ca\/en\/wp-json\/wp\/v2\/pages\/4602"}],"wp:attachment":[{"href":"https:\/\/www.grap.arc.ulaval.ca\/en\/wp-json\/wp\/v2\/media?parent=1875"}],"curies":[{"name":"wp","href":"https:\/\/api.w.org\/{rel}","templated":true}]}}