{"id":1821,"date":"2010-10-05T10:50:23","date_gmt":"2010-10-05T14:50:23","guid":{"rendered":"http:\/\/www.arc.ulaval.ca\/dev\/grap\/?page_id=1821"},"modified":"2010-10-05T10:50:23","modified_gmt":"2010-10-05T14:50:23","slug":"accueil-2","status":"publish","type":"page","link":"https:\/\/www.grap.arc.ulaval.ca\/en\/","title":{"rendered":"Home"},"content":{"rendered":"<p class=\"ligne-espace\">Le Groupe de recherche en ambiances physiques (GRAP) a \u00e9t\u00e9 fond\u00e9 en 1997 \u00e0 l&#8217;\u00c9cole d&#8217;architecture de l&#8217;Universit\u00e9 Laval par Claude Demers et Andr\u00e9 Potvin. Le GRAP se sp\u00e9cialise dans le d\u00e9veloppement et l&#8217;utilisation d&#8217;outils de mesure pour la simulation et l&#8217;\u00e9valuation des ambia<span class=\"text_exposed_show\">nces physiques in architecture and urban spaces. Dans un projet, le GRAP privil\u00e9gie l&#8217;approche combin\u00e9e o\u00f9 plusieurs outils sont habituellement utilis\u00e9s pour valider les r\u00e9sultats obtenus en fonction des diff\u00e9rents niveaux de pr\u00e9cision souhait\u00e9s, autant en recherche et en pratique qu&#8217;en enseignement.<\/span><\/p>\n<p class=\"ligne-espace\" style=\"text-align: right\"><a href=\"https:\/\/www.grap.arc.ulaval.ca\/en\/about-us\/mission.html\">&gt;About us<\/a><\/p>\n<p class=\"ligne-espace\"><em style=\"line-height: 1.5\">The Groupe de recherche en ambiances physiques (GRAP \u00a0&#8211; physical ambiences in architecture) specializes in the development and utilization of tools of analysis for the simulation and evaluation of physical ambiances in architecture and urban spaces. The GRAP favours a combined approach whereas several tools of analysis will validate a design proposal depending on the design phase of the project to integrate environmental controls in architecture.\u00a0<\/em><span style=\"line-height: 1.5\">\u00a0<\/span><\/p>\n","protected":false},"excerpt":{"rendered":"<p>Le Groupe de recherche en ambiances physiques (GRAP) a \u00e9t\u00e9 fond\u00e9 en 1997 \u00e0 l&#8217;\u00c9cole d&#8217;architecture de l&#8217;Universit\u00e9 Laval par Claude Demers et Andr\u00e9 Potvin. Le GRAP se sp\u00e9cialise dans le d\u00e9veloppement et l&#8217;utilisation d&#8217;outils de mesure pour la simulation et l&#8217;\u00e9valuation des ambiances physiques in architecture and urban spaces. Dans un projet, le GRAP [&hellip;]<\/p>\n","protected":false},"author":1,"featured_media":0,"parent":0,"menu_order":36,"comment_status":"closed","ping_status":"closed","template":"site-accueil-grap.php","meta":{"_acf_changed":false,"footnotes":""},"class_list":["post-1821","page","type-page","status-publish","hentry"],"acf":[],"yoast_head":"<!-- This site is optimized with the Yoast SEO plugin v26.9 - https:\/\/yoast.com\/product\/yoast-seo-wordpress\/ -->\r\n<title>Groupe de recherche en ambiances physiques - GRAP<\/title>\r\n<meta name=\"robots\" content=\"index, follow, max-snippet:-1, max-image-preview:large, max-video-preview:-1\" \/>\r\n<link rel=\"canonical\" href=\"https:\/\/www.grap.arc.ulaval.ca\/en\/\" \/>\r\n<meta property=\"og:locale\" content=\"en_US\" \/>\r\n<meta property=\"og:type\" content=\"article\" \/>\r\n<meta property=\"og:title\" content=\"Groupe de recherche en ambiances physiques - GRAP\" \/>\r\n<meta property=\"og:description\" content=\"Le Groupe de recherche en ambiances physiques (GRAP) a \u00e9t\u00e9 fond\u00e9 en 1997 \u00e0 l&#8217;\u00c9cole d&#8217;architecture de l&#8217;Universit\u00e9 Laval par Claude Demers et Andr\u00e9 Potvin. Le GRAP se sp\u00e9cialise dans le d\u00e9veloppement et l&#8217;utilisation d&#8217;outils de mesure pour la simulation et l&#8217;\u00e9valuation des ambiances physiques in architecture and urban spaces. Dans un projet, le GRAP [&hellip;]\" \/>\r\n<meta property=\"og:url\" content=\"https:\/\/www.grap.arc.ulaval.ca\/en\/\" \/>\r\n<meta property=\"og:site_name\" content=\"Groupe de recherche en ambiances physiques | Universit\u00e9 Laval\" \/>\r\n<meta name=\"twitter:card\" content=\"summary_large_image\" \/>\r\n<meta name=\"twitter:label1\" content=\"Est. reading time\" \/>\n\t<meta name=\"twitter:data1\" content=\"1 minute\" \/>\r\n<script type=\"application\/ld+json\" class=\"yoast-schema-graph\">{\"@context\":\"https:\/\/schema.org\",\"@graph\":[{\"@type\":\"WebPage\",\"@id\":\"https:\/\/www.grap.arc.ulaval.ca\/en\/\",\"url\":\"https:\/\/www.grap.arc.ulaval.ca\/en\/\",\"name\":\"Groupe de recherche en ambiances physiques - GRAP\",\"isPartOf\":{\"@id\":\"https:\/\/www.grap.arc.ulaval.ca\/#website\"},\"datePublished\":\"2010-10-05T14:50:23+00:00\",\"breadcrumb\":{\"@id\":\"https:\/\/www.grap.arc.ulaval.ca\/en\/#breadcrumb\"},\"inLanguage\":\"en-US\",\"potentialAction\":[{\"@type\":\"ReadAction\",\"target\":[\"https:\/\/www.grap.arc.ulaval.ca\/en\/\"]}]},{\"@type\":\"BreadcrumbList\",\"@id\":\"https:\/\/www.grap.arc.ulaval.ca\/en\/#breadcrumb\",\"itemListElement\":[{\"@type\":\"ListItem\",\"position\":1,\"name\":\"Accueil\",\"item\":\"https:\/\/www.grap.arc.ulaval.ca\/en\/\"},{\"@type\":\"ListItem\",\"position\":2,\"name\":\"Home\"}]},{\"@type\":\"WebSite\",\"@id\":\"https:\/\/www.grap.arc.ulaval.ca\/#website\",\"url\":\"https:\/\/www.grap.arc.ulaval.ca\/\",\"name\":\"Groupe de recherche en ambiances physiques | Universit\u00e9 Laval\",\"description\":\"grap\",\"potentialAction\":[{\"@type\":\"SearchAction\",\"target\":{\"@type\":\"EntryPoint\",\"urlTemplate\":\"https:\/\/www.grap.arc.ulaval.ca\/?s={search_term_string}\"},\"query-input\":{\"@type\":\"PropertyValueSpecification\",\"valueRequired\":true,\"valueName\":\"search_term_string\"}}],\"inLanguage\":\"en-US\"}]}<\/script>\r\n<!-- \/ Yoast SEO plugin. -->","yoast_head_json":{"title":"Groupe de recherche en ambiances physiques - GRAP","robots":{"index":"index","follow":"follow","max-snippet":"max-snippet:-1","max-image-preview":"max-image-preview:large","max-video-preview":"max-video-preview:-1"},"canonical":"https:\/\/www.grap.arc.ulaval.ca\/en\/","og_locale":"en_US","og_type":"article","og_title":"Groupe de recherche en ambiances physiques - GRAP","og_description":"Le Groupe de recherche en ambiances physiques (GRAP) a \u00e9t\u00e9 fond\u00e9 en 1997 \u00e0 l&#8217;\u00c9cole d&#8217;architecture de l&#8217;Universit\u00e9 Laval par Claude Demers et Andr\u00e9 Potvin. Le GRAP se sp\u00e9cialise dans le d\u00e9veloppement et l&#8217;utilisation d&#8217;outils de mesure pour la simulation et l&#8217;\u00e9valuation des ambiances physiques in architecture and urban spaces. Dans un projet, le GRAP [&hellip;]","og_url":"https:\/\/www.grap.arc.ulaval.ca\/en\/","og_site_name":"Groupe de recherche en ambiances physiques | Universit\u00e9 Laval","twitter_card":"summary_large_image","twitter_misc":{"Est. reading time":"1 minute"},"schema":{"@context":"https:\/\/schema.org","@graph":[{"@type":"WebPage","@id":"https:\/\/www.grap.arc.ulaval.ca\/en\/","url":"https:\/\/www.grap.arc.ulaval.ca\/en\/","name":"Groupe de recherche en ambiances physiques - GRAP","isPartOf":{"@id":"https:\/\/www.grap.arc.ulaval.ca\/#website"},"datePublished":"2010-10-05T14:50:23+00:00","breadcrumb":{"@id":"https:\/\/www.grap.arc.ulaval.ca\/en\/#breadcrumb"},"inLanguage":"en-US","potentialAction":[{"@type":"ReadAction","target":["https:\/\/www.grap.arc.ulaval.ca\/en\/"]}]},{"@type":"BreadcrumbList","@id":"https:\/\/www.grap.arc.ulaval.ca\/en\/#breadcrumb","itemListElement":[{"@type":"ListItem","position":1,"name":"Accueil","item":"https:\/\/www.grap.arc.ulaval.ca\/en\/"},{"@type":"ListItem","position":2,"name":"Home"}]},{"@type":"WebSite","@id":"https:\/\/www.grap.arc.ulaval.ca\/#website","url":"https:\/\/www.grap.arc.ulaval.ca\/","name":"Groupe de recherche en ambiances physiques | Universit\u00e9 Laval","description":"grap","potentialAction":[{"@type":"SearchAction","target":{"@type":"EntryPoint","urlTemplate":"https:\/\/www.grap.arc.ulaval.ca\/?s={search_term_string}"},"query-input":{"@type":"PropertyValueSpecification","valueRequired":true,"valueName":"search_term_string"}}],"inLanguage":"en-US"}]}},"_links":{"self":[{"href":"https:\/\/www.grap.arc.ulaval.ca\/en\/wp-json\/wp\/v2\/pages\/1821","targetHints":{"allow":["GET"]}}],"collection":[{"href":"https:\/\/www.grap.arc.ulaval.ca\/en\/wp-json\/wp\/v2\/pages"}],"about":[{"href":"https:\/\/www.grap.arc.ulaval.ca\/en\/wp-json\/wp\/v2\/types\/page"}],"author":[{"embeddable":true,"href":"https:\/\/www.grap.arc.ulaval.ca\/en\/wp-json\/wp\/v2\/users\/1"}],"replies":[{"embeddable":true,"href":"https:\/\/www.grap.arc.ulaval.ca\/en\/wp-json\/wp\/v2\/comments?post=1821"}],"version-history":[{"count":0,"href":"https:\/\/www.grap.arc.ulaval.ca\/en\/wp-json\/wp\/v2\/pages\/1821\/revisions"}],"wp:attachment":[{"href":"https:\/\/www.grap.arc.ulaval.ca\/en\/wp-json\/wp\/v2\/media?parent=1821"}],"curies":[{"name":"wp","href":"https:\/\/api.w.org\/{rel}","templated":true}]}}